{"id":5441,"date":"2021-09-13T17:30:07","date_gmt":"2021-09-13T15:30:07","guid":{"rendered":"https:\/\/wippress.contagt.com\/?page_id=5441"},"modified":"2025-09-30T14:07:15","modified_gmt":"2025-09-30T12:07:15","slug":"geofencing","status":"publish","type":"page","link":"https:\/\/wippress.contagt.com\/de\/geofencing\/","title":{"rendered":"Geofencing"},"content":{"rendered":"<div class=\"row\">\n\t<div class=\"full-width-text wpb_content_element span12 geofencing background_header wpb_text_column\">\n\t\t<div class=\"wpb_wrapper clearfix\">\n\t\t\t\n<div class=\"row\">\n\t<div class=\"wpb_content_element span6 geofencing main_info_headline wpb_text_column\">\n\t\t<div class=\"wpb_wrapper clearfix\">\n\t\t\t\n<h2>Mit Kampagnen einfach ausspielbar:<\/h2>\n<h1 class=\"big_header\">Lokale Infos, Nachrichten und Notifications<\/h1>\n<div class=\"hr-divider-left\">\n<hr class=\"standard_hr\" \/>\n<\/div>\n<p>Lorem ipsum dolor sit amet, consectetur adipiscing elit, sed do eiusmod tempor incididunt ut labore et dolore magna aliqua. Ut enim ad minim veniam, quis nostrud exercitation ullamco laboris nisi ut aliquip ex ea commodo consequat.<\/p>\n\n\t\t<\/div> \n\t<\/div> \n<div class=\"geofencing notifications-container\">\n<div class=\"notifications-container-header\"><img decoding=\"async\" src=\"https:\/\/wippress.contagt.com\/wp-content\/uploads\/2023\/02\/alarmglocke-laut.svg\" alt=\"example\" \/><\/p>\n<h3>Lorem ipsum<\/h3>\n<\/div>\n<div class=\"audio-player\">\n  <audio src=\"https:\/\/commondatastorage.googleapis.com\/codeskulptor-assets\/week7-button.m4a\"><\/audio><\/p>\n<div class=\"controls\"><button class=\"player-button\"><svg xmlns=\"http:\/\/www.w3.org\/2000\/svg\" fill=\"#5a6163\" height=\"20\" width=\"20\" viewBox=\"0 -7 20 30\"><path d=\"M3 22v-20l18 10-18 10z\"><\/path><\/svg><\/button><\/p>\n<div class=\"progress-bar-wrapper\"><input type=\"range\" class=\"timeline\" max=\"100\" value=\"0\"><\/p>\n<div class=\"progress-description\">00:00 \/ 00:00<\/div>\n<\/div><\/div>\n<\/div>\n<div class=\"notifications-text\">\n<p>Lorem ipsum dolor sit amet, consectetur adipiscing elit, sed do eiusmod tempor incididunt ut labore et dolore magna aliqua. Ut enim ad minim veniam, quis nostrud exercitation ullamco laboris nisi ut aliquip ex ea commodo consequat.<\/p>\n<p>Lorem ipsum dolor sit amet, consectetur adipiscing elit, sed do eiusmod tempor incididunt ut labore et dolore magna aliqua. Ut enim ad minim veniam, quis nostrud exercitation ullamco laboris nisi ut aliquip ex ea commodo consequat.<\/p>\n<\/div>\n<\/div>\n\n\t\t<\/div> \n\t<\/div> <\/div>\n \n\t<div class=\"full-width-text wpb_content_element span12 geofencing compatibility colored-background wpb_text_column\">\n\t\t<div class=\"wpb_wrapper clearfix\">\n\t\t\t\n<h2>Kompatibel mit:<\/h2>\n<div class=\"compatibility-container\">\n<div class=\"bundle_image\"><img loading=\"lazy\" decoding=\"async\" class=\"size-full wp-image-1076 alignnone\" src=\"https:\/\/wippress.contagt.com\/wp-content\/uploads\/2023\/02\/twitter-2012-negative2.svg\" alt=\"Twitter logo\" width=\"250\" height=\"250\" \/><\/div>\n<div class=\"bundle_image\"><img loading=\"lazy\" decoding=\"async\" class=\"size-full wp-image-1076 alignnone\" src=\"https:\/\/wippress.contagt.com\/wp-content\/uploads\/2023\/02\/instagram-logo1.svg\" alt=\"IG Logo\" width=\"250\" height=\"250\" \/><\/div>\n<div class=\"bundle_image\"><img loading=\"lazy\" decoding=\"async\" class=\"size-full wp-image-1076 alignnone\" src=\"https:\/\/wippress.contagt.com\/wp-content\/uploads\/2023\/02\/rss-3.svg\" alt=\"RSS logo\" width=\"250\" height=\"250\" \/><\/div>\n<\/div>\n\n\t\t<\/div> \n\t<\/div> <\/div>\n <div class=\"row\">\n\t<div class=\"full-width-text wpb_content_element span12 geofencing bundle-container wpb_text_column\">\n\t\t<div class=\"wpb_wrapper clearfix\">\n\t\t\t\n<h2 style=\"text-align: center;\">Alle relevanten Info<\/h2>\n<h2 class=\"big_header\" style=\"text-align: center;\">Gebundelt vor Ort<\/h2>\n<div class=\"hr-divider\">\n<hr class=\"standard_hr\" \/>\n<\/div>\n<div class=\"geofencing_bundle_text\">\n<p>Lorem ipsum dolor sit amet, consectetur adipiscing elit, sed do eiusmod tempor incididunt ut labore et dolore magna aliqua. Ut enim ad minim veniam, quis nostrud exercitation ullamco laboris nisi ut aliquip ex ea commodo consequat.<\/p>\n<\/div>\n<div class=\"geofencing_bundle_elements\">\n<div class=\"bundle_element bundle_1\">\n<div class=\"bundle_image\"><img loading=\"lazy\" decoding=\"async\" class=\"size-full wp-image-1076 alignnone\" src=\"\/\/contagt.com\/wp-content\/uploads\/2016\/09\/rest.png\" alt=\"\" width=\"250\" height=\"250\" \/><\/div>\n<div class=\"bundle_content\">\n<h3>News Stream:<\/h3>\n<h4>Lorem ipsum dolor sit amet, consectetur adipiscing elit, sed do eiusmod tempor incididunt ut labore et dolore magna aliqua.<\/h4>\n<\/div>\n<\/div>\n<div class=\"bundle_element bundle_2\">\n<div class=\"bundle_image\"><img loading=\"lazy\" decoding=\"async\" class=\"size-full wp-image-1076 alignnone\" src=\"\/\/contagt.com\/wp-content\/uploads\/2016\/09\/rest.png\" alt=\"\" width=\"250\" height=\"250\" \/><\/div>\n<div class=\"bundle_content\">\n<h3>Social Media:<\/h3>\n<h4>Lorem ipsum dolor sit amet, consectetur adipiscing elit, sed do eiusmod tempor incididunt ut labore et dolore magna aliqua.<\/h4>\n<\/div>\n<\/div>\n<div class=\"bundle_element bundle_3\">\n<div class=\"bundle_image\"><img loading=\"lazy\" decoding=\"async\" class=\"size-full wp-image-1076 alignnone\" src=\"\/\/contagt.com\/wp-content\/uploads\/2016\/09\/rest.png\" alt=\"\" width=\"250\" height=\"250\" \/><\/div>\n<div class=\"bundle_content\">\n<h3>Standortbasierte Benachrichtigungen:<\/h3>\n<h4>Lorem ipsum dolor sit amet, consectetur adipiscing elit, sed do eiusmod tempor incididunt ut labore et dolore magna aliqua.<\/h4>\n<\/div>\n<\/div>\n<div class=\"bundle_element bundle_4\">\n<div class=\"bundle_image\"><img loading=\"lazy\" decoding=\"async\" class=\"size-full wp-image-1076 alignnone\" src=\"\/\/contagt.com\/wp-content\/uploads\/2016\/09\/rest.png\" alt=\"\" width=\"250\" height=\"250\" \/><\/div>\n<div class=\"bundle_content\">\n<h3>Zeitbasierte Erinnerungen:<\/h3>\n<h4>Lorem ipsum dolor sit amet, consectetur adipiscing elit, sed do eiusmod tempor incididunt ut labore et dolore magna aliqua.<\/h4>\n<\/div>\n<\/div>\n<div class=\"bundle_element bundle_5\">\n<div class=\"bundle_image\"><img loading=\"lazy\" decoding=\"async\" class=\"size-full wp-image-1076 alignnone\" src=\"\/\/contagt.com\/wp-content\/uploads\/2016\/09\/rest.png\" alt=\"\" width=\"250\" height=\"250\" \/><\/div>\n<div class=\"bundle_content\">\n<h3>Lorem ipsum:<\/h3>\n<h4>Lorem ipsum dolor sit amet, consectetur adipiscing elit, sed do eiusmod tempor incididunt ut labore et dolore magna aliqua.<\/h4>\n<\/div>\n<\/div>\n<div class=\"bundle_element bundle_6\">\n<div class=\"bundle_image\"><img loading=\"lazy\" decoding=\"async\" class=\"size-full wp-image-1076 alignnone\" src=\"\/\/contagt.com\/wp-content\/uploads\/2016\/09\/rest.png\" alt=\"\" width=\"250\" height=\"250\" \/><\/div>\n<div class=\"bundle_content\">\n<h3>Generelle Informationen:<\/h3>\n<h4>Lorem ipsum dolor sit amet, consectetur adipiscing elit, sed do eiusmod tempor incididunt ut labore et dolore magna aliqua.<\/h4>\n<\/div>\n<\/div>\n<\/div>\n\n\t\t<\/div> \n\t<\/div> <\/div>\n <div class=\"row\">\n\t<div class=\"full-width-text wpb_content_element span12 geofencing image_as_background wpb_text_column\">\n\t\t<div class=\"wpb_wrapper clearfix\">\n\t\t\t\n<h2>Lorem ipsum dolor sit amet, consectetur adipiscing elit, sed do eiusmod tempor incididunt ut labore et dolore magna aliqua. <\/h2>\n\n\t\t<\/div> \n\t<\/div> <\/div>\n <div class=\"row\">\n\t<div class=\"full-width-text wpb_content_element span12 geofencing smartphone_section wpb_text_column\">\n\t\t<div class=\"wpb_wrapper clearfix\">\n\t\t\t\n<div class=\"row\">\n\t<div class=\"wpb_content_element span6 wpb_text_column\">\n\t\t<div class=\"wpb_wrapper clearfix\">\n\t\t\t\n<h2>The core of the app:<\/h2>\n<h2 class=\"big_header\">Interactive map and live navigation<\/h2>\n<div class=\"hr-divider-left\">\n<hr class=\"standard_hr\"><\/div>\n<p>The MOBILE smartphone app helps people find their way around the site and in buildings. The 3D map gives them an overview; the live navigation helps them find their destination.<\/p>\n<p>Our awarded cPS technology calculates the exact position of the user &#8211; even indoors and across several floors. This is made possible by a unique combination of different positioning technologies.<\/p>\n\n\t\t<\/div> \n\t<\/div>  \n\t<div class=\"wpb_content_element span6 smartphone-image-wrapper wpb_text_column\">\n\t\t<div class=\"wpb_wrapper clearfix\">\n\t\t\t\n<img decoding=\"async\" class=\"mobile-image\" src=\"https:\/\/wippress.contagt.com\/wp-content\/uploads\/2023\/02\/iPhone-barrierefrei2.jpg\" alt=\"Interactive maps\"><br \/>\n\n\t\t<\/div> \n\t<\/div> <\/div>\n\n\n\t\t<\/div> \n\t<\/div> <\/div>\n\n<div class=\"row\">\n\t<div class=\"full-width-text wpb_content_element span12 geofencing smartphone_section inverse_section wpb_text_column\">\n\t\t<div class=\"wpb_wrapper clearfix\">\n\t\t\t\n<div class=\"row\">\n\t<div class=\"wpb_content_element span6 smartphone-image-wrapper wpb_text_column\">\n\t\t<div class=\"wpb_wrapper clearfix\">\n\t\t\t\n<img decoding=\"async\" class=\"mobile-image\" src=\"https:\/\/wippress.contagt.com\/wp-content\/uploads\/2023\/02\/iPhone-barrierefrei2.jpg\" alt=\"Interactive maps\"><br \/>\n\n\t\t<\/div> \n\t<\/div> \n\n\t<div class=\"wpb_content_element span6 wpb_text_column\">\n\t\t<div class=\"wpb_wrapper clearfix\">\n\t\t\t\n<h2>Customised news and notifications<\/h2>\n<h2 class=\"big_header\">for an optimal visitor experience<\/h2>\n<div class=\"hr-divider-left\">\n<hr class=\"standard_hr\"><\/div>\n<p>Ensure a personal approach by switching location-based messages: With the help of notifications, you can realise interactive audio guides or event information, for instance.<\/p>\n<p>As soon as a visitor enters an area with a geofence, the app automatically presents relevant content. Time-based campaigns and news can also be created with the EDITOR backend.<\/p>\n\n\t\t<\/div> \n\t<\/div> <\/div>\n\n\n\t\t<\/div> \n\t<\/div> <\/div>\n\n<div class=\"full-width-text wpb_content_element alt-bg alt-eight span12 st_full_width_imgtop wpb_text_column qq3 qq77 advantages_block\" style=\"background-color: #e6f1f494; background-image: none!important; height: auto!important; padding-top: 100px; padding-bottom: 120px;\">\n<h2 class=\"big_header\" style=\"color: #127394; text-align: center;\">Ihre Vorteile im \u00dcberblick<\/h2>\n<div class=\"hr-divider\">\n<hr class=\"standard_hr\" \/>\n<\/div>\n<p>Lorem, ipsum dolor sit amet consectetur adipisicing elit. Beatae magni eos iure commodi voluptatibus, adipisci est voluptates harum molestiae sunt in dolorem fuga natus consequatur alias quam quibusdam fugiat excepturi?<\/p>\n<div class=\"row\">\n<div class=\"wpb_content_element span4 wpb_raw_html\">\n<div class=\"wpb_wrapper\">\n<div id=\"features_block_nolink\" class=\"feature_1\">\n<div style=\"padding: 30px;\">\n<h3 class=\"ufbc2\" style=\"color: #217595; font-size: 28px; font-weight: 600; margin-bottom: 20px;\">Datenschutz<\/h3>\n<p class=\"ufbc3\" style=\"font-size: 18px;\">Privacy by Design: Die Z\u00e4hlung arbeitet DSGVO-konform. So k\u00f6nnen sich Ihre G\u00e4ste und Kollegen jederzeit wohlf\u00fchlen.<\/p>\n<\/div>\n<\/div>\n<\/div>\n<\/div>\n<div class=\"wpb_content_element span4 wpb_raw_html\">\n<div class=\"wpb_wrapper\">\n<div id=\"features_block_nolink\" class=\"feature_1\">\n<div style=\"padding: 30px;\">\n<h3 class=\"ufbc2\" style=\"color: #217595; font-size: 28px; font-weight: 600; margin-bottom: 20px;\">Sicherheit<\/h3>\n<p class=\"ufbc3\" style=\"font-size: 18px;\">Limitieren Sie Zutritte. Das Ampelsystem zeigt die aktuelle Auslastung und schickt automatische Warnhinweise.<\/p>\n<\/div>\n<\/div>\n<\/div>\n<\/div>\n<div class=\"wpb_content_element span4 wpb_raw_html\">\n<div class=\"wpb_wrapper\">\n<div id=\"features_block_nolink\" class=\"feature_1\">\n<div style=\"padding: 30px;\">\n<h3 class=\"ufbc2\" style=\"color: #217595; font-size: 28px; font-weight: 600; margin-bottom: 20px;\">Compliance<\/h3>\n<p class=\"ufbc3\" style=\"font-size: 18px;\">Analysieren und dokumentieren Sie Besucherstr\u00f6me, z.B. zur Beweisf\u00fchrung bei beh\u00f6rdlichen Hygiene-Kontrollen.<\/p>\n<\/div>\n<\/div>\n<\/div>\n<\/div>\n<\/div>\n<\/div>\n<div class=\"row\">\n\t<div class=\"full-width-text wpb_content_element span12 geofencing smartphone_section wpb_text_column\">\n\t\t<div class=\"wpb_wrapper clearfix\">\n\t\t\t\n<div class=\"row\">\n\t<div class=\"wpb_content_element span6 wpb_text_column\">\n\t\t<div class=\"wpb_wrapper clearfix\">\n\t\t\t\n<h2>The core of the app:<\/h2>\n<h2 class=\"big_header\">Interactive map and live navigation<\/h2>\n<div class=\"hr-divider-left\">\n<hr class=\"standard_hr\"><\/div>\n<p>The MOBILE smartphone app helps people find their way around the site and in buildings. The 3D map gives them an overview; the live navigation helps them find their destination.<\/p>\n<p>Our awarded cPS technology calculates the exact position of the user &#8211; even indoors and across several floors. This is made possible by a unique combination of different positioning technologies.<\/p>\n\n\t\t<\/div> \n\t<\/div>  \n\t<div class=\"wpb_content_element span6 smartphone-image-wrapper wpb_text_column\">\n\t\t<div class=\"wpb_wrapper clearfix\">\n\t\t\t\n<img decoding=\"async\" class=\"mobile-image\" class=\"mobile-image\" src=\"https:\/\/wippress.contagt.com\/wp-content\/uploads\/2023\/02\/iPhone-barrierefrei2.jpg\" alt=\"Interactive maps\"><br \/>\n\n\t\t<\/div> \n\t<\/div> <\/div>\n\n\n\t\t<\/div> \n\t<\/div> <\/div>\n <div class=\"row\">\n\t<div class=\"full-width-text wpb_content_element span12 geofacing dev_columns wpb_text_column\">\n\t\t<div class=\"wpb_wrapper clearfix\">\n\t\t\t\n<h2 style=\"text-align: center;\">Ihre Vorteile im \u00dcberblick<\/h2>\n<p style=\"text-align: center;\"><img loading=\"lazy\" decoding=\"async\" class=\"alignnone heading_seperator blue\" src=\"\/\/contagt.com\/wp-content\/uploads\/2014\/12\/seperator__blue@2x.png\" alt=\"\" width=\"127\" height=\"4\" \/><\/p>\n<div class=\"one_third\">\n<p style=\"font-size: 16px;\">Permanente Weiterentwicklung in Forschungsprojekte.<\/p>\n<\/div><div class=\"one_third\">\n<p style=\"font-size: 16px;\">Enge Zusammenarbeit mit Behindertenverb\u00e4nden und Behindertenbeauftragten.<\/p>\n<\/div><div class=\"one_third last\">\n<p style=\"font-size: 16px;\">Laufende Verbesserung dank Feedback von Nutzern.<\/p>\n<\/div><div class=\"clearboth\"><\/div>\n<div class=\"one_third\">\n<p style=\"font-size: 16px;\">contagt folgt dem Prinzip \u201eDesign f\u00fcr alle\u201c. So vermeiden Sie aufw\u00e4ndige Speziall\u00f6sungen f\u00fcr jede einzelne Nutzergruppe.<\/p>\n<\/div><div class=\"one_third\">\n<p style=\"font-size: 16px;\">Leitstreifen am Boden zum Beispiel weisen Blinden den Weg. Eine digitale L\u00f6sung kann als Erg\u00e4nzung gleich mehrere Probleme l\u00f6sen.<\/p>\n<\/div><div class=\"one_third last\">\n<p style=\"font-size: 16px;\">Menschen mit Sehbehinderung oder Blindheit sind ganz anders mobil unterwegs: sie nutzen Funktionen wie Zoom, Screen Screenreader, Braillezeile oder Sprachsteuerung.<\/p>\n<\/div><div class=\"clearboth\"><\/div>\n<div class=\"one_third\">\n<p style=\"font-size: 16px;\">Die Guides von contagt sind inklusiv und damit f\u00fcr wirklich jeden nutzbar.<\/p>\n<\/div><div class=\"one_third\">\n<p style=\"font-size: 16px;\">F\u00fcr ein barrierefreies Erkunden Ihres Gel\u00e4ndes und Geb\u00e4udes wie nie zuvor: autonom, selbstbestimmt und mit Selbstvertrauen!<\/p>\n<\/div><div class=\"one_third last\">\n<p style=\"font-size: 16px;\">Das Resultat: Sie halten Forderungen nach Barrierefreiheit ein und sind damit auf der sicheren Seite. Ihr Bem\u00fchen sorgt au\u00dferdem f\u00fcr ein positives Image und hebt Sie von Wettbewerbern hervor.<\/p>\n<\/div><div class=\"clearboth\"><\/div>\n\n\t\t<\/div> \n\t<\/div> <\/div>\n <div class=\"row\">\n\t<div class=\"wpb_content_element span12 wpb_text_column\">\n\t\t<div class=\"wpb_wrapper clearfix\">\n\t\t\t\n<div class=\"more_details_block dark_blue\">\n<h2 style=\"text-align: center; font-size: 28px; font-weight: 300; margin-bottom: 30px; margin-top: 28px; color: #fff;\">Wollen Sie mehr Details sehen?<\/h2>\n<p style=\"text-align: center; margin-bottom: 21px;\"><a class=\"callToActionBtn white button_footer_left\" style=\"border-radius: 6px; color: #fff; margin: 15px 4px; background-color: #0b7293; font-weight: 600; font-size: 20px; padding: 20px 35px 18px; border: 2px solid #fff;\" title=\"Jetzt anfragen!\" href=\"\/de\/jetzt-anfragen\">Mehr Infos anfordern<\/a><a class=\"callToActionBtn button_footer_right\" style=\"border-radius: 6px; color: #0b7293; margin: 15px 10px; background-color: white; font-weight: 600; font-size: 20px; padding-right: 53px!important; padding: 20px 35px 18px;\" title=\"360-Panorama\" href=\"\/de\/360-panorama\/\">Zum n\u00e4chsten Feature<\/a><\/p>\n<div class=\"row\">\n\t<div class=\"wpb_content_element span12 wpb_raw_html\">\n\t\t<div class=\"wpb_wrapper\">\n\t\t\t\n\t\t<\/div> \n\t<\/div> <\/div>\n\n<\/div>\n\n\t\t<\/div> \n\t<\/div> <\/div>\n\n","protected":false},"excerpt":{"rendered":"<p>Ihre Vorteile im \u00dcberblick Lorem, ipsum dolor sit amet consectetur adipisicing elit. Beatae magni eos iure commodi voluptatibus, adipisci est voluptates harum molestiae sunt in dolorem fuga natus consequatur alias quam quibusdam fugiat excepturi? Datenschutz Privacy by Design: Die Z\u00e4hlung arbeitet DSGVO-konform. So k\u00f6nnen sich Ihre G\u00e4ste und Kollegen jederzeit wohlf\u00fchlen. Sicherheit Limitieren Sie Zutritte. Das Ampelsystem zeigt die aktuelle [&hellip;]<\/p>\n","protected":false},"author":4,"featured_media":0,"parent":0,"menu_order":0,"comment_status":"closed","ping_status":"closed","template":"","meta":{"inline_featured_image":false,"footnotes":""},"class_list":["post-5441","page","type-page","status-publish","hentry"],"_links":{"self":[{"href":"https:\/\/wippress.contagt.com\/de\/wp-json\/wp\/v2\/pages\/5441","targetHints":{"allow":["GET"]}}],"collection":[{"href":"https:\/\/wippress.contagt.com\/de\/wp-json\/wp\/v2\/pages"}],"about":[{"href":"https:\/\/wippress.contagt.com\/de\/wp-json\/wp\/v2\/types\/page"}],"author":[{"embeddable":true,"href":"https:\/\/wippress.contagt.com\/de\/wp-json\/wp\/v2\/users\/4"}],"replies":[{"embeddable":true,"href":"https:\/\/wippress.contagt.com\/de\/wp-json\/wp\/v2\/comments?post=5441"}],"version-history":[{"count":57,"href":"https:\/\/wippress.contagt.com\/de\/wp-json\/wp\/v2\/pages\/5441\/revisions"}],"predecessor-version":[{"id":8708,"href":"https:\/\/wippress.contagt.com\/de\/wp-json\/wp\/v2\/pages\/5441\/revisions\/8708"}],"wp:attachment":[{"href":"https:\/\/wippress.contagt.com\/de\/wp-json\/wp\/v2\/media?parent=5441"}],"curies":[{"name":"wp","href":"https:\/\/api.w.org\/{rel}","templated":true}]}}