{"id":5432,"date":"2021-09-13T17:30:01","date_gmt":"2021-09-13T15:30:01","guid":{"rendered":"https:\/\/wippress.contagt.com\/?page_id=5432"},"modified":"2023-03-01T16:51:10","modified_gmt":"2023-03-01T14:51:10","slug":"partner","status":"publish","type":"page","link":"https:\/\/wippress.contagt.com\/de\/partner\/","title":{"rendered":"Partner"},"content":{"rendered":"<div class=\"row\">\n\t<div class=\"wpb_content_element span12 wpb_raw_html\">\n\t\t<div class=\"wpb_wrapper\">\n\t\t\t<script src=\" https:\/\/cdn.jsdelivr.net\/npm\/@splidejs\/splide@4.1.4\/dist\/js\/splide.min.js \"><\/script>\n<link href=\" https:\/\/cdn.jsdelivr.net\/npm\/@splidejs\/splide@4.1.4\/dist\/css\/splide.min.css \" rel=\"stylesheet\">\n\n\t\t<\/div> \n\t<\/div> <\/div>\n <div class=\"row\">\n\t<div class=\"full-width-text wpb_content_element alt-bg alt-six span12 header_background_partner wpb_text_column\">\n\t\t<div class=\"wpb_wrapper clearfix\">\n\t\t\t\n<div class=\"row\">\n\t<div class=\"wpb_content_element span6 header_background_headline wpb_text_column\">\n\t\t<div class=\"wpb_wrapper clearfix\">\n\t\t\t\n<h2>Unser Partnerprogramm<\/h2>\n<h1>Werden Sie Teil unseres Partner-Netzwerks!<\/h1>\n<div class=\"hr-divider-left\">\n<hr class=\"standard_hr\" \/>\n<\/div>\n<p>Erweitern Sie Ihr Portfolio mit digitaler Wegeleitung und begeistern Sie Ihre Kunden mit ganzheitlichen L\u00f6sungen.<\/p>\n<p>contagt arbeitet eng mit Partnern verschiedener Branchen zusammen. Gemeinsam treiben wir Technologien von morgen voran.<\/p>\n<p><a class=\"callToActionBtn\" href=\"#wpcf7-f7048-p5432-o1\">Partner werden<\/a><br \/>\n\n\t\t<\/div> \n\t<\/div> \n\n\t<div class=\"wpb_content_element span6 partner_advantages_image wpb_text_column\">\n\t\t<div class=\"wpb_wrapper clearfix\">\n\t\t\t\n\n\t\t<\/div> \n\t<\/div> <\/div>\n\n\n\t\t<\/div> \n\t<\/div> <\/div>\n <div class=\"row\">\n\t<div class=\"full-width-text wpb_content_element span12 partner_reasons_segment wpb_text_column\">\n\t\t<div class=\"wpb_wrapper clearfix\">\n\t\t\t\n<h2 style=\"text-align: center;\">Eine Plattform<\/h2>\n<h2 class=\"big_header\" style=\"text-align: center;\">Endlose M\u00f6glichkeiten<\/h2>\n<div class=\"hr-divider\">\n<hr class=\"standard_hr\" \/>\n<\/div>\n<div class=\"partner_reasons_text\">\n<p>Sie beraten Geb\u00e4udebetreiber? Sie installieren technische Infrastruktur in B\u00fcros? Oder Sie erstellen Apps f\u00fcr Museen? Wir unterst\u00fctzen Sie dabei, dass Ihr Angebot das volle Potential entfalten kann. Es gibt viele gute Gr\u00fcnde, mit uns zusammen zu arbeiten:<\/p>\n<\/div>\n<div class=\"partner_reasons_elements\">\n<div class=\"reason_1\">\n<div class=\"reason_image\"><img loading=\"lazy\" decoding=\"async\" class=\"size-full wp-image-1076 alignnone\" src=\"\/\/contagt.com\/wp-content\/uploads\/2016\/09\/rest.png\" alt=\"\" width=\"250\" height=\"250\" \/><\/div>\n<div class=\"reason_content\">\n<h3>Technologie-Partner:<\/h3>\n<h4>Sie k\u00f6nnen Ihre bestehenden Produkte mit den Funktionen von contagt anreichern und neue Anwendungsf\u00e4lle erschlie\u00dfen.<\/h4>\n<\/div>\n<\/div>\n<div class=\"reason_2\">\n<div class=\"reason_image\"><img loading=\"lazy\" decoding=\"async\" class=\"size-full wp-image-1076 alignnone\" src=\"\/\/contagt.com\/wp-content\/uploads\/2016\/09\/rest.png\" alt=\"\" width=\"250\" height=\"250\" \/><\/div>\n<div class=\"reason_content\">\n<h3>Reseller:<\/h3>\n<h4>Als qualifizierter Channel-Partner k\u00f6nnen Sie contagt-Produkte vertreiben und zus\u00e4tzliche Ums\u00e4tze generieren.<\/h4>\n<\/div>\n<\/div>\n<div class=\"reason_3\">\n<div class=\"reason_image\"><img loading=\"lazy\" decoding=\"async\" class=\"size-full wp-image-1076 alignnone\" src=\"\/\/contagt.com\/wp-content\/uploads\/2016\/09\/rest.png\" alt=\"\" width=\"250\" height=\"250\" \/><\/div>\n<div class=\"reason_content\">\n<h3>Smart Buildings:<\/h3>\n<h4>Mit unseren standortbezogenen Diensten k\u00f6nnen Sie Probleme in Geb\u00e4uden effizient l\u00f6sen.<\/h4>\n<\/div>\n<\/div>\n<div class=\"reason_4\">\n<div class=\"reason_image\"><img loading=\"lazy\" decoding=\"async\" class=\"size-full wp-image-1076 alignnone\" src=\"\/\/contagt.com\/wp-content\/uploads\/2016\/09\/rest.png\" alt=\"\" width=\"250\" height=\"250\" \/><\/div>\n<div class=\"reason_content\">\n<h3>Digitalisierung:<\/h3>\n<h4>Sie haben bereits eine analoge L\u00f6sung (z.B. Beschilderung) und k\u00f6nnen diese um eine digitale Komponente erweitern.<\/h4>\n<\/div>\n<\/div>\n<div class=\"reason_5\">\n<div class=\"reason_image\"><img loading=\"lazy\" decoding=\"async\" class=\"size-full wp-image-1076 alignnone\" src=\"\/\/contagt.com\/wp-content\/uploads\/2016\/09\/rest.png\" alt=\"\" width=\"250\" height=\"250\" \/><\/div>\n<div class=\"reason_content\">\n<h3>Barrierefreiheit:<\/h3>\n<h4>Mit einer inklusiven L\u00f6sung k\u00f6nnen Sie Ihren Kunden dabei helfen, Orte f\u00fcr alle zug\u00e4nglich zu machen.<\/h4>\n<\/div>\n<\/div>\n<div class=\"reason_6\">\n<div class=\"reason_image\"><img loading=\"lazy\" decoding=\"async\" class=\"size-full wp-image-1076 alignnone\" src=\"\/\/contagt.com\/wp-content\/uploads\/2016\/09\/rest.png\" alt=\"\" width=\"250\" height=\"250\" \/><\/div>\n<div class=\"reason_content\">\n<h3>Lorem Impsum:<\/h3>\n<h4>Lorem ipsum dolor sit amet, consetetur sadipscing elitr, sed diam nonumy eirmod tempor invidunt&#8230;<\/h4>\n<\/div>\n<\/div>\n<\/div>\n\n\t\t<\/div> \n\t<\/div> <\/div>\n <div class=\"row\">\n\t<div class=\"full-width-text wpb_content_element span12 partner_clients_segment wpb_text_column\">\n\t\t<div class=\"wpb_wrapper clearfix\">\n\t\t\t\n<section class=\"splide\" aria-label=\"Splide Partner Logo Carousel\">\n<div class=\"splide__track\">\n<ul class=\"splide__list\">\n<li class=\"splide__slide\"><img decoding=\"async\" src=\"https:\/\/wippress.contagt.com\/wp-content\/uploads\/2015\/01\/hochschule-mannheim.png\" alt=\"Mannhiem Hochschule logo\" \/><\/li>\n<li class=\"splide__slide\"><img decoding=\"async\" src=\"https:\/\/wippress.contagt.com\/wp-content\/uploads\/2015\/01\/mcon.png\" alt=\"m:con logo\" \/><\/li>\n<li class=\"splide__slide\"><img decoding=\"async\" src=\"https:\/\/wippress.contagt.com\/wp-content\/uploads\/2023\/02\/partnerport-1.png\" alt=\"Partner port logo\" \/><\/li>\n<li class=\"splide__slide\"><img decoding=\"async\" src=\"https:\/\/wippress.contagt.com\/wp-content\/uploads\/2023\/02\/init.png\" alt=\"init logo\" \/><\/li>\n<li class=\"splide__slide\"><img decoding=\"async\" src=\"https:\/\/wippress.contagt.com\/wp-content\/uploads\/2015\/01\/MPB.png\" alt=\"MPB logo\" \/><\/li>\n<\/ul>\n<\/div>\n<\/section>\n\n\t\t<\/div> \n\t<\/div> <\/div>\n <div class=\"row\">\n\t<div class=\"full-width-text wpb_content_element span12 partner_advantages_segment wpb_text_column\">\n\t\t<div class=\"wpb_wrapper clearfix\">\n\t\t\t\n<h2>Wir haben die L\u00f6sung f\u00fcr Sie:<\/h2>\n<h2 class=\"big_header\">Ihre Vorteile<\/h2>\n<div class=\"hr-divider-left\">\n<hr class=\"standard_hr\" \/>\n<\/div>\n<div class=\"checkmark_list\">\n<p class=\"check_mark_paragraph\"><img decoding=\"async\" class=\"check_mark\" src=\"https:\/\/wippress.contagt.com\/wp-content\/uploads\/2022\/09\/check-blue.svg\" \/><strong>Mehrwerte f\u00fcr Kunden:<\/strong> St\u00e4rken Sie Ihre Kundenbeziehungen mit neuen L\u00f6sungen und Technologien, die begeistern.<\/p>\n<p class=\"check_mark_paragraph\"><img decoding=\"async\" class=\"check_mark\" src=\"https:\/\/wippress.contagt.com\/wp-content\/uploads\/2022\/09\/check-blue.svg\" \/><strong>Projekte weiterentwickeln:<\/strong> Ergreifen Sie zus\u00e4tzliche Sales-M\u00f6glichkeiten f\u00fcr Ihre laufenden Projekte.<\/p>\n<p class=\"check_mark_paragraph\"><img decoding=\"async\" class=\"check_mark\" src=\"https:\/\/wippress.contagt.com\/wp-content\/uploads\/2022\/09\/check-blue.svg\" \/><strong>Kundenstamm ausbauen:<\/strong> Profitieren Sie von unserem \u00d6kosystem und erhalten Sie Zugang zu neuen Interessenten.<\/p>\n<p class=\"check_mark_paragraph\"><img decoding=\"async\" class=\"check_mark\" src=\"https:\/\/wippress.contagt.com\/wp-content\/uploads\/2022\/09\/check-blue.svg\" \/><strong>Optimiertes Portfolio:<\/strong> Gewinnen Sie Kunden durch ein umfangreiches und zukunftssicheres Produktangebot.<\/p>\n<p class=\"check_mark_paragraph\"><img decoding=\"async\" class=\"check_mark\" src=\"https:\/\/wippress.contagt.com\/wp-content\/uploads\/2022\/09\/check-blue.svg\" \/><strong>Attraktive Konditionen:<\/strong> Unser provisionsbasiertes Modell mit Projektschutz sorgt daf\u00fcr, dass sich Ihr Engagement auszahlt.<\/p>\n<p class=\"check_mark_paragraph\"><img decoding=\"async\" class=\"check_mark\" src=\"https:\/\/wippress.contagt.com\/wp-content\/uploads\/2022\/09\/check-blue.svg\" \/><strong>Expertenwissen:<\/strong> Realisieren Sie erfolgreiche Projekte dank unseres 360\u00b0-Supports und technischer Hilfestellung.<\/p>\n<\/div>\n\n\t\t<\/div> \n\t<\/div> <\/div>\n <div class=\"row\">\n\t<div class=\"full-width-text wpb_content_element span12 partner_contact_segment image_as_background wpb_text_column\">\n\t\t<div class=\"wpb_wrapper clearfix\">\n\t\t\t\n<h2 style=\"text-align: center;\">\u00dcberzeugt?<\/h2>\n<h2 class=\"big_header\" style=\"text-align: center;\">Jetzt Partner werden!<\/h2>\n<div class=\"hr-divider\">\n<hr class=\"standard_hr\" \/>\n<\/div>\n<p>Wir bei contagt sind st\u00e4ndig auf der Suche nach Gleichgesinnten, die unsere Begeisterung f\u00fcr digitale Karten, Navigation und neue standortbasierte Dienste teilen. In vertrauensvoller Partnerschaft finden wir gemeinsam passende L\u00f6sungen \u2013 f\u00fcr jede Branche und spezifischen Anwendungsfall.<\/p>\n<p>Zu unseren Partnern z\u00e4hlen Marktf\u00fchrer aus den unterschiedlichen Bereichen, wie z.B. App-Entwicklung, Informationstechnik, Transport und digitaler Kommunikation.<\/p>\n\n\t\t<\/div> \n\t<\/div> <\/div>\n <div class=\"row\">\n\t<div class=\"full-width-text wpb_content_element span12 partner_testimonial_segment wpb_text_column\">\n\t\t<div class=\"wpb_wrapper clearfix\">\n\t\t\t\n<p>\u201cWir wollen den Parkhausaufenthalt f\u00fcr unsere Kunden so angenehm wie m\u00f6glich gestalten. Die Merk- und Leitfunktion von contagt unterst\u00fctzt dieses Ziel hervorragend.\u201c<\/p>\n<div class=\"partner_testimonial\">\n<p><img decoding=\"async\" style=\"width: 75px; float: left; margin-right: 25px; margin-left: 5px; border-radius: 90px;\" src=\"https:\/\/wippress.contagt.com\/wp-content\/uploads\/2015\/01\/mueller1.jpg\" \/><\/p>\n<div>\n<h3>Prof. Dr. Heinz J\u00fcrgen M\u00fcller<\/h3>\n<h4>Dean, University of Mannheim<\/h4>\n<\/div>\n<\/div>\n\n\t\t<\/div> \n\t<\/div> <\/div>\n <div class=\"row\">\n\t<div class=\"full-width-text wpb_content_element span12 partner_step_segment wpb_text_column\">\n\t\t<div class=\"wpb_wrapper clearfix\">\n\t\t\t\n<div class=\"row\">\n\t<div class=\"wpb_content_element span6 partner_step_text wpb_text_column\">\n\t\t<div class=\"wpb_wrapper clearfix\">\n\t\t\t\n<h2>Wir unterst\u00fctzen Sie<\/h2>\n<h2 class=\"big_header\">bei jedem Schritt<\/h2>\n<div class=\"hr-divider-left\">\n<hr class=\"standard_hr\" \/>\n<\/div>\n<p>Vom Onboarding \u00fcber die verschiedenen Phasen des Vertriebsprozesses, hin zur proaktiven Kundenbetreuung und dar\u00fcber hinaus: Als Partner erhalten Sie eine umfangreiche Einf\u00fchrung in unser Produkt, geeignete Marketing-Ressourcen, Best-Practice-Vorschl\u00e4ge, technische Unterst\u00fctzung und vieles mehr.<\/p>\n<p>Wir helfen Ihnen gerne \u2013 direkt und pers\u00f6nlich. F\u00fcr begeisterte Kunden und eine erfolgreiche Partnerschaft.<\/p>\n\n\t\t<\/div> \n\t<\/div> \n\n\t<div class=\"wpb_content_element span6 partner_step_image wpb_text_column\">\n\t\t<div class=\"wpb_wrapper clearfix\">\n\t\t\t\n<img decoding=\"async\" class=\"plug_image\" src=\"https:\/\/wippress.contagt.com\/wp-content\/uploads\/2023\/03\/powerplug.svg\" alt=\"Powerplug\"><br \/>\n\n\t\t<\/div> \n\t<\/div> <\/div>\n\n\n\t\t<\/div> \n\t<\/div> <\/div>\n <div class=\"row\">\n\t<div class=\"full-width-text wpb_content_element span12 partner_last_segment wpb_text_column\">\n\t\t<div class=\"wpb_wrapper clearfix\">\n\t\t\t\n<div class=\"row\">\n\t<div class=\"wpb_content_element span6 partner_last wpb_text_column\">\n\t\t<div class=\"wpb_wrapper clearfix\">\n\t\t\t\n<h2 class=\"big_header\">Kontaktieren Sie uns<\/h2>\n<div class=\"hr-divider-left\">\n<hr class=\"standard_hr\" \/>\n<\/div>\n<p>Das klingt interessant? Dann z\u00f6gern Sie nicht, uns zu kontaktieren. Wir freuen uns, Sie in unserem Partnernetzwerk willkommen zu hei\u00dfen!<\/p>\n<div class=\"checkmark_list\">\n<p class=\"check_mark_paragraph first_checkmark\"><img decoding=\"async\" class=\"check_mark\" src=\"https:\/\/wippress.contagt.com\/wp-content\/uploads\/2022\/09\/check-blue.svg\" \/>Lorem ipsum dolor sit amet, consetetur sadipscing elitr, sed diam nonumy eirmod tempor invidunt ut labore et dolore magna.<\/p>\n<p class=\"check_mark_paragraph\"><img decoding=\"async\" class=\"check_mark\" src=\"https:\/\/wippress.contagt.com\/wp-content\/uploads\/2022\/09\/check-blue.svg\" \/>Lorem ipsum dolor sit amet, consetetur sadipscing elitr, sed diam nonumy eirmod tempor invidunt ut labore et dolore magna.<\/p>\n<p class=\"check_mark_paragraph\"><img decoding=\"async\" class=\"check_mark\" src=\"https:\/\/wippress.contagt.com\/wp-content\/uploads\/2022\/09\/check-blue.svg\" \/>Lorem ipsum dolor sit amet, consetetur sadipscing elitr, sed diam nonumy eirmod tempor invidunt ut labore et dolore magna.<\/p>\n<\/div>\n\n\t\t<\/div> \n\t<\/div> \n\n\t\t<\/div> \n\t<\/div> <\/div>\n \n\t<div class=\"wpb_content_element span6 partner_contact-form contact_form_class wpb_text_column\">\n\t\t<div class=\"wpb_wrapper clearfix\">\n\t\t\t\n\n<div class=\"wpcf7 no-js\" id=\"wpcf7-f7048-o1\" lang=\"de-DE\" dir=\"ltr\" data-wpcf7-id=\"7048\">\n<div class=\"screen-reader-response\"><p role=\"status\" aria-live=\"polite\" aria-atomic=\"true\"><\/p> <ul><\/ul><\/div>\n<form action=\"\/de\/wp-json\/wp\/v2\/pages\/5432#wpcf7-f7048-o1\" method=\"post\" class=\"wpcf7-form init\" aria-label=\"Kontaktformular\" novalidate=\"novalidate\" data-status=\"init\">\n<fieldset class=\"hidden-fields-container\"><input type=\"hidden\" name=\"_wpcf7\" value=\"7048\" \/><input type=\"hidden\" name=\"_wpcf7_version\" value=\"6.1.1\" \/><input type=\"hidden\" name=\"_wpcf7_locale\" value=\"de_DE\" \/><input type=\"hidden\" name=\"_wpcf7_unit_tag\" value=\"wpcf7-f7048-o1\" \/><input type=\"hidden\" name=\"_wpcf7_container_post\" value=\"0\" \/><input type=\"hidden\" name=\"_wpcf7_posted_data_hash\" value=\"\" \/>\n<\/fieldset>\n<p><label class=\"contact_label\"> Ihr Name:&nbsp;<span class=\"mandatory_input\">*<\/span><br \/>\n<span class=\"wpcf7-form-control-wrap\" data-name=\"your-name\"><input size=\"40\" maxlength=\"400\" class=\"wpcf7-form-control wpcf7-text wpcf7-validates-as-required\" aria-required=\"true\" aria-invalid=\"false\" value=\"\" type=\"text\" name=\"your-name\" \/><\/span> <\/label>\n<\/p>\n<p><label class=\"contact_label\"> Ihre E-Mail-Adresse:&nbsp;<span class=\"mandatory_input\">*<\/span><br \/>\n<span class=\"wpcf7-form-control-wrap\" data-name=\"your-email\"><input size=\"40\" maxlength=\"400\" class=\"wpcf7-form-control wpcf7-email wpcf7-validates-as-required wpcf7-text wpcf7-validates-as-email\" aria-required=\"true\" aria-invalid=\"false\" value=\"\" type=\"email\" name=\"your-email\" \/><\/span> <\/label>\n<\/p>\n<p><label class=\"contact_label\"> Ihre gesch&auml;ftliche Rufnummer:&nbsp;<span class=\"mandatory_input\">*<\/span><br \/>\n<span class=\"wpcf7-form-control-wrap\" data-name=\"your-number\"><input size=\"40\" maxlength=\"400\" class=\"wpcf7-form-control wpcf7-tel wpcf7-validates-as-required wpcf7-text wpcf7-validates-as-tel\" aria-required=\"true\" aria-invalid=\"false\" value=\"\" type=\"tel\" name=\"your-number\" \/><\/span> <\/label>\n<\/p>\n<p><label class=\"contact_label\"> Ihre Nachricht an uns:&nbsp;<span class=\"mandatory_input\">*<\/span><br \/>\n<span class=\"wpcf7-form-control-wrap\" data-name=\"your-message\"><textarea cols=\"40\" rows=\"10\" maxlength=\"2000\" class=\"wpcf7-form-control wpcf7-textarea wpcf7-validates-as-required contact_page_form_message\" aria-required=\"true\" aria-invalid=\"false\" name=\"your-message\"><\/textarea><\/span> <\/label>\n<\/p>\n<div class=\"i_agree_terms\">\n\t<p><span class=\"wpcf7-form-control-wrap\" data-name=\"use_label_element\"><span class=\"wpcf7-form-control wpcf7-checkbox wpcf7-validates-as-required\"><span class=\"wpcf7-list-item first last\"><input type=\"checkbox\" name=\"use_label_element[]\" value=\"\" \/><span class=\"wpcf7-list-item-label\"><\/span><\/span><\/span><\/span>&nbsp;<span class='mandatory_input'>*<\/span>&nbsp;\n\t<\/p>\n\t<p class=\"accept-terms-text\">Ihre im Kontaktformular eingegebenen Daten werden zum Zweck der Kontaktaufnahme nach dem Klick auf Senden an contagt \u00fcbermittelt, dort zweckgebunden verarbeitet und gespeichert. Weitere Informationen zur Verarbeitung Ihrer Daten erhalten Sie unter dem Link <a style=\"text-decoration: underline;\" href=\"\/de\/datenschutz\">Datenschutz<\/a>.\n\t<\/p>\n<\/div>\n<p><input class=\"wpcf7-form-control wpcf7-submit has-spinner\" type=\"submit\" value=\"Senden\" \/>\n<\/p><div class=\"wpcf7-response-output\" aria-hidden=\"true\"><\/div>\n<\/form>\n<\/div>\n\n\n\t\t<\/div> \n\t<\/div> <\/div>\n\n","protected":false},"excerpt":{"rendered":"","protected":false},"author":4,"featured_media":0,"parent":0,"menu_order":0,"comment_status":"closed","ping_status":"closed","template":"","meta":{"inline_featured_image":false,"footnotes":""},"class_list":["post-5432","page","type-page","status-publish","hentry"],"_links":{"self":[{"href":"https:\/\/wippress.contagt.com\/de\/wp-json\/wp\/v2\/pages\/5432","targetHints":{"allow":["GET"]}}],"collection":[{"href":"https:\/\/wippress.contagt.com\/de\/wp-json\/wp\/v2\/pages"}],"about":[{"href":"https:\/\/wippress.contagt.com\/de\/wp-json\/wp\/v2\/types\/page"}],"author":[{"embeddable":true,"href":"https:\/\/wippress.contagt.com\/de\/wp-json\/wp\/v2\/users\/4"}],"replies":[{"embeddable":true,"href":"https:\/\/wippress.contagt.com\/de\/wp-json\/wp\/v2\/comments?post=5432"}],"version-history":[{"count":65,"href":"https:\/\/wippress.contagt.com\/de\/wp-json\/wp\/v2\/pages\/5432\/revisions"}],"predecessor-version":[{"id":8456,"href":"https:\/\/wippress.contagt.com\/de\/wp-json\/wp\/v2\/pages\/5432\/revisions\/8456"}],"wp:attachment":[{"href":"https:\/\/wippress.contagt.com\/de\/wp-json\/wp\/v2\/media?parent=5432"}],"curies":[{"name":"wp","href":"https:\/\/api.w.org\/{rel}","templated":true}]}}