{"id":5421,"date":"2021-09-13T17:22:51","date_gmt":"2021-09-13T15:22:51","guid":{"rendered":"https:\/\/wippress.contagt.com\/?page_id=5421"},"modified":"2023-02-28T10:55:44","modified_gmt":"2023-02-28T08:55:44","slug":"dsgvo","status":"publish","type":"page","link":"https:\/\/wippress.contagt.com\/de\/dsgvo\/","title":{"rendered":"DSGVO"},"content":{"rendered":"<div class=\"row\">\n\t<div class=\"wpb_content_element span12 wpb_raw_html\">\n\t\t<div class=\"wpb_wrapper\">\n\t\t\t<script src=\" https:\/\/cdn.jsdelivr.net\/npm\/@splidejs\/splide@4.1.4\/dist\/js\/splide.min.js \"><\/script>\n<link href=\" https:\/\/cdn.jsdelivr.net\/npm\/@splidejs\/splide@4.1.4\/dist\/css\/splide.min.css \" rel=\"stylesheet\">\n\n\t\t<\/div> \n\t<\/div> <\/div>\n<div class=\"row\">\n\t<div class=\"full-width-text wpb_content_element span12 header_background gdpr wpb_text_column\">\n\t\t<div class=\"wpb_wrapper clearfix\">\n\t\t\t\n<div class=\"row\">\n\t<div class=\"wpb_content_element span8 header_background_headline wpb_text_column\">\n\t\t<div class=\"wpb_wrapper clearfix\">\n\t\t\t\n<h2>Datenschutz und Sicherheit<\/h2>\n<h1>Ihr Vertrauen \u2013 unsere Verpflichtung<\/h1>\n<div class=\"hr-divider-left\">\n<hr class=\"standard_hr\" style=\"color: #fff;\" \/>\n<\/div>\n<p>Die NSA-Enth\u00fcllungen haben gezeigt: L\u00f6sungen, die auf amerikanischen Anbietern wie Microsoft, Google oder Amazon aufbauen, versto\u00dfen gegen geltende EU-Richtlinien: Durch den Cloud Act k\u00f6nnen US-Beh\u00f6rden Zugriff auf deren Daten erhalten, selbst wenn sie in Deutschland gespeichert sind.<\/p>\n<p><b style=\"color: #0b7293;\">Mit contagt dagegen sind sie auf der sicheren Seite<\/b>: Wir erf\u00fcllen h\u00f6chste europ\u00e4ische Datenschutz-Anforderungen und verpflichten uns, mit allen Daten absolut vertrauensvoll umzugehen.<\/p>\n\n\t\t<\/div> \n\t<\/div> \n\n\t<div class=\"wpb_content_element span4 gdpr_header_image wpb_text_column\">\n\t\t<div class=\"wpb_wrapper clearfix\">\n\t\t\t\n<img decoding=\"async\" src=\"https:\/\/wippress.contagt.com\/wp-content\/uploads\/2023\/02\/shield-3.svg\" alt=\"shield\"><br \/>\n\n\t\t<\/div> \n\t<\/div> <\/div>\n\n\n\t\t<\/div> \n\t<\/div> <\/div>\n <div class=\"row\">\n\t<div class=\"full-width-text wpb_content_element alt-bg alt-six span12 security_background gdpr wpb_text_column\">\n\t\t<div class=\"wpb_wrapper clearfix\">\n\t\t\t\n<h2 style=\"color: #fff; text-align: center;\">Unser Sicherheitskonzept f\u00fcr Ihre Daten<\/h2>\n<div class=\"gdpr-row-control\">\n<div id=\"five_row_content\"><center><img decoding=\"async\" style=\"width: 62px; margin-bottom: 12px;\" src=\"https:\/\/wippress.contagt.com\/wp-content\/uploads\/2020\/01\/Group-40-1.svg\" \/><br \/>\n<span style=\"color: white;\">Mehrfach zertifiziert<\/span><\/center><\/div>\n<div id=\"five_row_content\"><center><img decoding=\"async\" style=\"width: 62px; margin-bottom: 12px;\" src=\"https:\/\/wippress.contagt.com\/wp-content\/uploads\/2020\/01\/Group-34.svg\" \/><br \/>\n<span style=\"color: white;\">Intern gesch\u00fctzt<\/span><\/center><\/div>\n<div id=\"five_row_content\"><center><img decoding=\"async\" style=\"width: 62px; margin-bottom: 12px;\" src=\"https:\/\/wippress.contagt.com\/wp-content\/uploads\/2020\/01\/Group-41.svg\" \/><br \/>\n<span style=\"color: white;\">Sicher gehostet<\/span><\/center><\/div>\n<div id=\"five_row_content\"><center><img decoding=\"async\" style=\"width: 62px; margin-bottom: 12px;\" src=\"https:\/\/wippress.contagt.com\/wp-content\/uploads\/2020\/01\/Group-42.svg\" \/><br \/>\n<span style=\"color: white;\">DSGVO-konform<\/span><\/center><\/div>\n<div id=\"five_row_content\"><center><img decoding=\"async\" style=\"width: 62px; margin-bottom: 12px;\" src=\"https:\/\/wippress.contagt.com\/wp-content\/uploads\/2020\/01\/Group-43.svg\" \/><br \/>\n<span style=\"color: white;\">Ausgiebig getestet<\/span><\/center><\/div>\n<\/div>\n\n\t\t<\/div> \n\t<\/div> <\/div>\n \n\t<div class=\"full-width-text wpb_content_element span12 gdpr_100 wpb_text_column\">\n\t\t<div class=\"wpb_wrapper clearfix\">\n\t\t\t\n<h2 class=\"big_header\" style=\"text-align: center;\">100% DSGVO-konform: So geht\u2018s<\/h2>\n<div class=\"hr-divider\">\n<hr class=\"standard_hr\" \/>\n<\/div>\n<div class=\"gdpr_100-percent\">\n<div class=\"gdpr_100_text\">\n<h3>Keine externen Drittdienste<\/h3>\n<p style=\"font-size: 16px; line-height: 1.6;\">Wir verzichten g\u00e4nzlich auf US-amerikanische Kartendienste wie z.B. GoogleMaps. Stattdessen \u00fcberf\u00fchren wir die Grundrisse in eine digitale Karte und bauen unsere Karten-Technologie auf dem offenen Projekt OpenStreetMap (OSM) auf. Die Datenhoheit verbleibt bei Ihnen.<\/p>\n<\/div>\n<div class=\"gdpr_100_text\">\n<h3>Keine Nutzung personenbezogener Daten<\/h3>\n<p style=\"font-size: 16px; line-height: 1.6;\">contagt folgt dem Grundsatz der Datensparsamkeit. Nur, wenn der Nutzer einverstanden ist und \u00fcber \u201eOpt-In\u201c zustimmt, werden Positionsdaten \u00fcbertragen. Die erstellten Analysen sind komplett anonymisiert und entsprechen strengen Datenschutzbestimmungen.<\/p>\n<\/div>\n<div class=\"gdpr_100_text\">\n<h3>Keine Sicherheitsl\u00fccken<\/h3>\n<p style=\"font-size: 16px; line-height: 1.6;\">Das Hosting unserer Plattform erfolgt ausschlie\u00dflich in einem Hochsicherheits-Rechenzentrum in Deutschland. Nat\u00fcrlich mit ISO-Zertifizierung f\u00fcr Informationssicherheit und Vertrag zur Auftragsdatenverarbeitung (ADV). Sicherheit der Daten, Vertraulichkeit der Informationen und Verf\u00fcgbarkeit sind damit garantiert.<\/p>\n<\/div>\n<div class=\"gdpr_100_text\">\n<h3>Lorem ipsum dolor sit amet<\/h3>\n<p style=\"font-size: 16px; line-height: 1.6;\">Lorem ipsum dolor sit amet, consectetur adipiscing elit, sed do eiusmod tempor incididunt ut labore et dolore magna aliqua. Ut enim ad minim veniam, quis nostrud exercitation ullamco laboris nisi ut aliquip ex ea commodo consequat. Duis aute irure dolor in reprehenderit in voluptate velit esse cillum dolore eu fugiat nulla pariatur.<\/p>\n<\/div>\n<\/div>\n<p><a class=\"callToActionBtn\" title=\"Datenschutz-Paket anfordern\" href=\"\/de\/jetzt-anfragen\">Datenschutz-Paket anfordern<\/a><br \/>\n\n\t\t<\/div> \n\t<\/div> <\/div>\n <div class=\"row\">\n\t<div class=\"full-width-text wpb_content_element span12 gdpr data-center image_as_background wpb_text_column\">\n\t\t<div class=\"wpb_wrapper clearfix\">\n\t\t\t\n<h2 class=\"big_header\" style=\"text-align: center;\">Rechenzentrum<\/h2>\n<div class=\"hr-divider\">\n<hr class=\"standard_hr\" \/>\n<\/div>\n<p>contagt l\u00e4uft als ausfallsichere Software-as-a-Service (SaaS) auf Servern in zwei r\u00e4umlich getrennten und T\u00dcV-zertifizierten Hochleistungs-Rechenzentren in Deutschland.<\/p>\n<div class=\"checkmark_list\">\n<p class=\"check_mark_paragraph\"><img decoding=\"async\" class=\"check_mark\" src=\"https:\/\/wippress.contagt.com\/wp-content\/uploads\/2022\/09\/check-blue.svg\" \/><b>Es gelten h\u00f6chste Sicherheitsstandards in den Rechenzentren<\/b> \u2013 mehrstufige Zugangskontrollen \u00fcber Sicherheitsschleusen mit Video\u00fcberwachung verhindern das Eindringen unbefugter Personen.<\/p>\n<p class=\"check_mark_paragraph\"><img decoding=\"async\" class=\"check_mark\" src=\"https:\/\/wippress.contagt.com\/wp-content\/uploads\/2022\/09\/check-blue.svg\" \/><b>L\u00fcckenlose Video\u00fcberwachung im Rechenzentrum und Protokollierung von Systemzugriffen<\/b> \u2013 um zugangsberechtigte Personen am unbefugten Zugriff auf Systeme von Dritten zu hindern.<\/p>\n<p class=\"check_mark_paragraph\"><img decoding=\"async\" class=\"check_mark\" src=\"https:\/\/wippress.contagt.com\/wp-content\/uploads\/2022\/09\/check-blue.svg\" \/><b>Neueste Technologien zur Brandvermeidung mit Brandmelde- und Brandschutzanlage<\/b> \u2013 inklusive Schutzgas-L\u00f6schverfahren, um im Brandfall Sch\u00e4den durch L\u00f6schwasser zu vermeiden.<\/p>\n<\/div>\n\n\t\t<\/div> \n\t<\/div> <\/div>\n <div class=\"row\">\n\t<div class=\"full-width-text wpb_content_element alt-bg alt-six span12 gdpr testimonial_segment wpb_text_column\">\n\t\t<div class=\"wpb_wrapper clearfix\">\n\t\t\t\n<p>\u201eWas wir brauchen, ist ein B\u00fcndnis f\u00fcr schnelle Digitalisierung, das L\u00f6sungen voranbringt, denen die B\u00fcrgerinnen und B\u00fcrger vertrauen k\u00f6nnen. Daf\u00fcr sind Sicherheit und Schutz der Daten unabdingbare Voraussetzungen.\u201c<\/p>\n<div class=\"gdpr partner_testimonial\">\n<p><img decoding=\"async\" style=\"width: 75px; min-width: 60px; float: left; margin-left: 5px; border-radius: 90px;\" src=\"https:\/\/wippress.contagt.com\/wp-content\/uploads\/2023\/02\/kelber.jpg\" \/><\/p>\n<div style=\"margin-left: 25px;\">\n<h3>Ulrich Kelber<\/h3>\n<h4>Bundesbeauftrager f\u00fcr den Datenschutz und die Informationsfreiheit<\/h4>\n<\/div>\n<\/div>\n\n\t\t<\/div> \n\t<\/div> <\/div>\n <div class=\"row\">\n\t<div class=\"full-width-text wpb_content_element span12 gdpr certificates_background wpb_text_column\">\n\t\t<div class=\"wpb_wrapper clearfix\">\n\t\t\t\n<h2 class=\"big_header\" style=\"text-align: center;\">Anerkannt und f\u00fcr gut befunden<\/h2>\n<div class=\"hr-divider\">\n<hr class=\"standard_hr\" \/>\n<\/div>\n<p>Und \u00fcbrigens: unsere Bestrebungen zahlen sich aus! Da wir Datenschutz sehr ernst nehmen, sind wir mit den Qualit\u00e4tssiegeln &#8222;Software Made in Germany&#8220; und &#8222;Software Hosted in Germany&#8220; sowie mit dem Siegel &#8222;fair.digital&#8220; ausgezeichnet.<\/p>\n<section class=\"splide\" aria-label=\"Splide DSGVO Logo Carousel\">\n<div class=\"splide__track\">\n<ul class=\"splide__list\">\n<li class=\"splide__slide\"><img decoding=\"async\" src=\"https:\/\/wippress.contagt.com\/wp-content\/uploads\/2023\/02\/GDPR-1.svg\" alt=\"GDPR Compliant\" \/><\/li>\n<li class=\"splide__slide\"><img decoding=\"async\" src=\"https:\/\/wippress.contagt.com\/wp-content\/uploads\/2021\/11\/smig.svg\" alt=\"Software Made in Germany\" \/><\/li>\n<li class=\"splide__slide\"><img decoding=\"async\" src=\"https:\/\/wippress.contagt.com\/wp-content\/uploads\/2021\/11\/shig.svg\" alt=\"Software Hosted in Germany\" \/><\/li>\n<li class=\"splide__slide\"><img decoding=\"async\" src=\"https:\/\/wippress.contagt.com\/wp-content\/uploads\/2021\/11\/fairdigital.svg\" alt=\"Fair digital\" \/><\/li>\n<li class=\"splide__slide\"><img decoding=\"async\" src=\"https:\/\/wippress.contagt.com\/wp-content\/uploads\/2023\/01\/certificate-logo-de-1500.png\" alt=\"ISO\/IEC 27001\"><\/li>\n<\/ul>\n<\/div>\n<\/section>\n\n\t\t<\/div> \n\t<\/div> <\/div>\n <div class=\"row\">\n\t<div class=\"full-width-text wpb_content_element span12 gdpr faq_segment wpb_text_column\">\n\t\t<div class=\"wpb_wrapper clearfix\">\n\t\t\t\n<h2 style=\"color: #0b7293; text-align: center;\">H\u00e4ufig gestellte Fragen zum Datenschutz<\/h2>\n<div class=\"row\">\n\t<div class=\"wpb_accordion wpb_content_element span8 gdpr_accordion not-column-inherit\" data-active=\"0\">\n\t\t<div class=\"wpb_wrapper wpb_accordion_wrapper \">\n\t\t\t\n\t\t\t<div class=\"wpb_accordion_section group\">\n\t\t\t\t<h3><a href=\"#\">FAQ 1<\/a><\/h3>\n\t\t\t\t<div class=\"row-fluid\">\n\t\t\t\t <div class=\"row\">\n\t<div class=\"wpb_content_element span12 wpb_text_column\">\n\t\t<div class=\"wpb_wrapper clearfix\">\n\t\t\t\nLorem ipsum dolor sit amet,<br \/>\n\n\t\t<\/div> \n\t<\/div> <\/div>\n \n\t\t\t\t<\/div>\n\t\t\t<\/div> \n\n\n\t\t\t<div class=\"wpb_accordion_section group\">\n\t\t\t\t<h3><a href=\"#\">FAQ 2<\/a><\/h3>\n\t\t\t\t<div class=\"row-fluid\">\n\t\t\t\t <div class=\"row\">\n\t<div class=\"wpb_content_element span12 wpb_text_column\">\n\t\t<div class=\"wpb_wrapper clearfix\">\n\t\t\t\nLorem ipsum dolor sit amet,<br \/>\n\n\t\t<\/div> \n\t<\/div> <\/div>\n \n\t\t\t\t<\/div>\n\t\t\t<\/div> \n\n\t\t\t<div class=\"wpb_accordion_section group\">\n\t\t\t\t<h3><a href=\"#\">FAQ 3<\/a><\/h3>\n\t\t\t\t<div class=\"row-fluid\">\n\t\t\t\t <div class=\"row\">\n\t<div class=\"wpb_content_element span12 wpb_text_column\">\n\t\t<div class=\"wpb_wrapper clearfix\">\n\t\t\t\nLorem ipsum dolor sit amet,<br \/>\n\n\t\t<\/div> \n\t<\/div> <\/div>\n \n\t\t\t\t<\/div>\n\t\t\t<\/div> \n\n\t\t\t<div class=\"wpb_accordion_section group\">\n\t\t\t\t<h3><a href=\"#\">FAQ 4<\/a><\/h3>\n\t\t\t\t<div class=\"row-fluid\">\n\t\t\t\t <div class=\"row\">\n\t<div class=\"wpb_content_element span12 wpb_text_column\">\n\t\t<div class=\"wpb_wrapper clearfix\">\n\t\t\t\nLorem ipsum dolor sit amet,<br \/>\n\n\t\t<\/div> \n\t<\/div> <\/div>\n \n\t\t\t\t<\/div>\n\t\t\t<\/div> \n\n\t\t\t<div class=\"wpb_accordion_section group\">\n\t\t\t\t<h3><a href=\"#\">FAQ 5<\/a><\/h3>\n\t\t\t\t<div class=\"row-fluid\">\n\t\t\t\t <div class=\"row\">\n\t<div class=\"wpb_content_element span12 wpb_text_column\">\n\t\t<div class=\"wpb_wrapper clearfix\">\n\t\t\t\nLorem ipsum dolor sit amet,<br \/>\n\n\t\t<\/div> \n\t<\/div> <\/div>\n \n\t\t\t\t<\/div>\n\t\t\t<\/div> \n\n\t\t\t<div class=\"wpb_accordion_section group\">\n\t\t\t\t<h3><a href=\"#\">FAQ 6<\/a><\/h3>\n\t\t\t\t<div class=\"row-fluid\">\n\t\t\t\t <div class=\"row\">\n\t<div class=\"wpb_content_element span12 wpb_text_column\">\n\t\t<div class=\"wpb_wrapper clearfix\">\n\t\t\t\nLorem ipsum dolor sit amet,<br \/>\n\n\t\t<\/div> \n\t<\/div> <\/div>\n \n\t\t\t\t<\/div>\n\t\t\t<\/div> \n\n\t\t\t<div class=\"wpb_accordion_section group\">\n\t\t\t\t<h3><a href=\"#\">FAQ 7<\/a><\/h3>\n\t\t\t\t<div class=\"row-fluid\">\n\t\t\t\t <div class=\"row\">\n\t<div class=\"wpb_content_element span12 wpb_text_column\">\n\t\t<div class=\"wpb_wrapper clearfix\">\n\t\t\t\nLorem ipsum dolor sit amet,<br \/>\n\n\t\t<\/div> \n\t<\/div> <\/div>\n \n\t\t\t\t<\/div>\n\t\t\t<\/div> \n\n\t\t<\/div> \n\t<\/div> <\/div>\n\n\n\t\t<\/div> \n\t<\/div> <\/div>\n <div class=\"row\">\n\t<div class=\"wpb_content_element span12 wpb_text_column\">\n\t\t<div class=\"wpb_wrapper clearfix\">\n\t\t\t\n<div class=\"full-width-text wpb_content_element alt-bg alt-eight span12 st_full_width_imgtop wpb_text_column qq1\" style=\"background-color: #0b7293; background-image: none!important; height: auto; border-bottom-width: 0px; border-top-width: 0px;\">\n<h2 style=\"text-align: center; font-size: 28px; font-weight: 300; margin-bottom: 30px; margin-top: 28px; color: #fff;\">Wollen Sie mehr Details sehen?<\/h2>\n<p style=\"text-align: center; margin-bottom: 21px;\"><a class=\"callToActionBtn white button_footer_left\" style=\"border-radius: 6px; color: #fff; margin: 15px 4px; background-color: #0b7293; font-weight: 600; font-size: 20px; padding: 20px 35px 18px; border: 2px solid #fff;\" title=\"Jetzt anfragen!\" href=\"\/de\/jetzt-anfragen\">Mehr Infos anfordern<\/a><a class=\"callToActionBtn button_footer_right\" style=\"border-radius: 6px; color: #0b7293; margin: 15px 10px; background-color: white; font-weight: 600; font-size: 20px; padding-right: 53px!important; padding: 20px 35px 18px;\" title=\"Smart Office\" href=\"\/de\/smart-office\/\">Zu den L\u00f6sungen<\/a><\/p>\n<div class=\"row\">\n\t<div class=\"wpb_content_element span12 wpb_raw_html\">\n\t\t<div class=\"wpb_wrapper\">\n\t\t\t\n\t\t<\/div> \n\t<\/div> <\/div>\n\n<\/div>\n\n\t\t<\/div> \n\t<\/div> <\/div>\n\n","protected":false},"excerpt":{"rendered":"","protected":false},"author":4,"featured_media":0,"parent":0,"menu_order":0,"comment_status":"closed","ping_status":"closed","template":"","meta":{"inline_featured_image":false,"footnotes":""},"class_list":["post-5421","page","type-page","status-publish","hentry"],"_links":{"self":[{"href":"https:\/\/wippress.contagt.com\/de\/wp-json\/wp\/v2\/pages\/5421","targetHints":{"allow":["GET"]}}],"collection":[{"href":"https:\/\/wippress.contagt.com\/de\/wp-json\/wp\/v2\/pages"}],"about":[{"href":"https:\/\/wippress.contagt.com\/de\/wp-json\/wp\/v2\/types\/page"}],"author":[{"embeddable":true,"href":"https:\/\/wippress.contagt.com\/de\/wp-json\/wp\/v2\/users\/4"}],"replies":[{"embeddable":true,"href":"https:\/\/wippress.contagt.com\/de\/wp-json\/wp\/v2\/comments?post=5421"}],"version-history":[{"count":63,"href":"https:\/\/wippress.contagt.com\/de\/wp-json\/wp\/v2\/pages\/5421\/revisions"}],"predecessor-version":[{"id":8437,"href":"https:\/\/wippress.contagt.com\/de\/wp-json\/wp\/v2\/pages\/5421\/revisions\/8437"}],"wp:attachment":[{"href":"https:\/\/wippress.contagt.com\/de\/wp-json\/wp\/v2\/media?parent=5421"}],"curies":[{"name":"wp","href":"https:\/\/api.w.org\/{rel}","templated":true}]}}