{"id":5417,"date":"2021-09-13T17:18:12","date_gmt":"2021-09-13T15:18:12","guid":{"rendered":"https:\/\/wippress.contagt.com\/?page_id=5417"},"modified":"2025-09-29T17:19:39","modified_gmt":"2025-09-29T15:19:39","slug":"location-sharing","status":"publish","type":"page","link":"https:\/\/wippress.contagt.com\/de\/location-sharing\/","title":{"rendered":"Location Sharing"},"content":{"rendered":"<div class=\"row\">\n\t<div class=\"full-width-text wpb_content_element span12 location-sharing background_header wpb_text_column\">\n\t\t<div class=\"wpb_wrapper clearfix\">\n\t\t\t\n<h2 style=\"text-align:center\">Teilen Sie Ihren Standort<\/h2>\n<h1 style=\"text-align:center\">Sicheres Location Sharing<\/h1>\n<div class=\"hr-divider\">\n<hr class=\"standard_hr\" \/>\n<\/div>\n<div class=\"location-sharing sonar-wave-container\">\n<img decoding=\"async\" id=\"bubble-live-navigation\" class=\"bubble\" src=\"https:\/\/wippress.contagt.com\/wp-content\/uploads\/2023\/02\/person2.png\" alt=\"Bubble person\"><\/p>\n<div class=\"location-sharing sonar-wave sonar-wave1\"><\/div>\n<div class=\"location-sharing sonar-wave sonar-wave2\"><\/div>\n<\/div>\n<div class=\"location-sharing outside-container\">\n<div class=\"child1\"><img decoding=\"async\" src=\"https:\/\/wippress.contagt.com\/wp-content\/uploads\/2020\/02\/Group-54.svg\" alt=\"check mark\"><\/p>\n<h2>Indoor und Outdoor<\/h2>\n<\/div>\n<div class=\"child2\"><img decoding=\"async\" src=\"https:\/\/wippress.contagt.com\/wp-content\/uploads\/2020\/02\/Group-54.svg\" alt=\"check mark\"><\/p>\n<h2>100% Datenschutz<\/h2>\n<\/div>\n<\/div>\n\n\t\t<\/div> \n\t<\/div> <\/div>\n <div class=\"row\">\n\t<div class=\"full-width-text wpb_content_element alt-bg alt-six span12 location-sharing colored-background wpb_text_column\">\n\t\t<div class=\"wpb_wrapper clearfix\">\n\t\t\t\n<h2 style=\"text-align:center\">Lorem ipsum<\/h2>\n<div class=\"hr-divider\">\n<hr style=\"border: 2px solid #fff;\" class=\"standard_hr\" \/>\n<\/div>\n<p>Lorem, ipsum dolor sit amet consectetur adipisicing elit. Beatae magni eos iure commodi voluptatibus, adipisci est voluptates harum molestiae sunt in dolorem fuga natus consequatur alias quam quibusdam fugiat excepturi?<\/p>\n<p>Lorem, ipsum dolor sit amet consectetur adipisicing elit. Beatae magni eos iure commodi voluptatibus, adipisci est voluptates harum molestiae sunt in dolorem fuga natus consequatur alias quam quibusdam fugiat excepturi?<br \/>\n\n\t\t<\/div> \n\t<\/div> <\/div>\n <div class=\"row\">\n\t<div class=\"full-width-text wpb_content_element span12 location-sharing smartphone_section wpb_text_column\">\n\t\t<div class=\"wpb_wrapper clearfix\">\n\t\t\t\n<div class=\"row\">\n\t<div class=\"wpb_content_element span6 wpb_text_column\">\n\t\t<div class=\"wpb_wrapper clearfix\">\n\t\t\t\n<h2>The core of the app:<\/h2>\n<h2 class=\"big_header\">Interactive map and live navigation<\/h2>\n<div class=\"hr-divider-left\">\n<hr class=\"standard_hr\"><\/div>\n<p>The MOBILE smartphone app helps people find their way around the site and in buildings. The 3D map gives them an overview; the live navigation helps them find their destination.<\/p>\n<p>Our awarded cPS technology calculates the exact position of the user &#8211; even indoors and across several floors. This is made possible by a unique combination of different positioning technologies.<\/p>\n\n\t\t<\/div> \n\t<\/div>  \n\t<div class=\"wpb_content_element span6 smartphone-image-wrapper wpb_text_column\">\n\t\t<div class=\"wpb_wrapper clearfix\">\n\t\t\t\n<img decoding=\"async\" class=\"mobile-image\" src=\"https:\/\/wippress.contagt.com\/wp-content\/uploads\/2023\/02\/iPhone-barrierefrei2.jpg\" alt=\"Interactive maps\"><br \/>\n\n\t\t<\/div> \n\t<\/div> <\/div>\n\n\n\t\t<\/div> \n\t<\/div> <\/div>\n\n<div class=\"row\">\n\t<div class=\"full-width-text wpb_content_element span12 location-sharing smartphone_section inverse_section wpb_text_column\">\n\t\t<div class=\"wpb_wrapper clearfix\">\n\t\t\t\n<div class=\"row\">\n\t<div class=\"wpb_content_element span6 smartphone-image-wrapper wpb_text_column\">\n\t\t<div class=\"wpb_wrapper clearfix\">\n\t\t\t\n<img decoding=\"async\" class=\"mobile-image\" src=\"https:\/\/wippress.contagt.com\/wp-content\/uploads\/2023\/02\/iPhone-barrierefrei2.jpg\" alt=\"Interactive maps\"><br \/>\n\n\t\t<\/div> \n\t<\/div> \n\n\t<div class=\"wpb_content_element span6 wpb_text_column\">\n\t\t<div class=\"wpb_wrapper clearfix\">\n\t\t\t\n<h2>Customised news and notifications<\/h2>\n<h2 class=\"big_header\">for an optimal visitor experience<\/h2>\n<div class=\"hr-divider-left\">\n<hr class=\"standard_hr\"><\/div>\n<p>Ensure a personal approach by switching location-based messages: With the help of notifications, you can realise interactive audio guides or event information, for instance.<\/p>\n<p>As soon as a visitor enters an area with a geofence, the app automatically presents relevant content. Time-based campaigns and news can also be created with the EDITOR backend.<\/p>\n\n\t\t<\/div> \n\t<\/div> <\/div>\n\n\n\t\t<\/div> \n\t<\/div> <\/div>\n <div class=\"row\">\n\t<div class=\"full-width-text wpb_content_element span12 location-sharing smartphone_section wpb_text_column\">\n\t\t<div class=\"wpb_wrapper clearfix\">\n\t\t\t\n<div class=\"row\">\n\t<div class=\"wpb_content_element span6 wpb_text_column\">\n\t\t<div class=\"wpb_wrapper clearfix\">\n\t\t\t\n<h2>The core of the app:<\/h2>\n<h2 class=\"big_header\">Interactive map and live navigation<\/h2>\n<div class=\"hr-divider-left\">\n<hr class=\"standard_hr\"><\/div>\n<p>The MOBILE smartphone app helps people find their way around the site and in buildings. The 3D map gives them an overview; the live navigation helps them find their destination.<\/p>\n<p>Our awarded cPS technology calculates the exact position of the user &#8211; even indoors and across several floors. This is made possible by a unique combination of different positioning technologies.<\/p>\n\n\t\t<\/div> \n\t<\/div>  \n\t<div class=\"wpb_content_element span6 smartphone-image-wrapper wpb_text_column\">\n\t\t<div class=\"wpb_wrapper clearfix\">\n\t\t\t\n<img decoding=\"async\" class=\"mobile-image\" src=\"https:\/\/wippress.contagt.com\/wp-content\/uploads\/2023\/02\/iPhone-barrierefrei2.jpg\" alt=\"Interactive maps\"><br \/>\n\n\t\t<\/div> \n\t<\/div> <\/div>\n\n\n\t\t<\/div> \n\t<\/div> <\/div>\n  <div class=\"row\">\n\t<div class=\"full-width-text wpb_content_element alt-bg alt-six span12 gdpr testimonial_segment wpb_text_column\">\n\t\t<div class=\"wpb_wrapper clearfix\">\n\t\t\t\n<p>\u201eWas wir brauchen, ist ein B\u00fcndnis f\u00fcr schnelle Digitalisierung, das L\u00f6sungen voranbringt, denen die B\u00fcrgerinnen und B\u00fcrger vertrauen k\u00f6nnen. Daf\u00fcr sind Sicherheit und Schutz der Daten unabdingbare Voraussetzungen.\u201c<\/p>\n<div class=\"gdpr partner_testimonial\">\n<p><img decoding=\"async\" style=\"width: 75px; min-width: 60px; float: left; margin-left: 5px; border-radius: 90px;\" src=\"https:\/\/wippress.contagt.com\/wp-content\/uploads\/2023\/02\/kelber.jpg\" \/><\/p>\n<div style=\"margin-left: 25px;\">\n<h3>Ulrich Kelber<\/h3>\n<h4>Bundesbeauftrager f\u00fcr den Datenschutz und die Informationsfreiheit<\/h4>\n<\/div>\n<\/div>\n\n\t\t<\/div> \n\t<\/div> <\/div>\n <div class=\"row\">\n\t<div class=\"full-width-text wpb_content_element span12 location_sharing gdpr faq_segment wpb_text_column\">\n\t\t<div class=\"wpb_wrapper clearfix\">\n\t\t\t\n<h2 style=\"color: #0b7293; text-align: center;\">H\u00e4ufig gestellte Fragen zum Location Sharing<\/h2>\n<div class=\"row\">\n\t<div class=\"wpb_accordion wpb_content_element span8 gdpr_accordion not-column-inherit\" data-active=\"0\">\n\t\t<div class=\"wpb_wrapper wpb_accordion_wrapper \">\n\t\t\t\n\t\t\t<div class=\"wpb_accordion_section group\">\n\t\t\t\t<h3><a href=\"#\">FAQ 1<\/a><\/h3>\n\t\t\t\t<div class=\"row-fluid\">\n\t\t\t\t <div class=\"row\">\n\t<div class=\"wpb_content_element span12 wpb_text_column\">\n\t\t<div class=\"wpb_wrapper clearfix\">\n\t\t\t\nLorem ipsum dolor sit amet,<br \/>\n\n\t\t<\/div> \n\t<\/div> <\/div>\n \n\t\t\t\t<\/div>\n\t\t\t<\/div> \n\n\n\t\t\t<div class=\"wpb_accordion_section group\">\n\t\t\t\t<h3><a href=\"#\">FAQ 2<\/a><\/h3>\n\t\t\t\t<div class=\"row-fluid\">\n\t\t\t\t <div class=\"row\">\n\t<div class=\"wpb_content_element span12 wpb_text_column\">\n\t\t<div class=\"wpb_wrapper clearfix\">\n\t\t\t\nLorem ipsum dolor sit amet,<br \/>\n\n\t\t<\/div> \n\t<\/div> <\/div>\n \n\t\t\t\t<\/div>\n\t\t\t<\/div> \n\n\t\t\t<div class=\"wpb_accordion_section group\">\n\t\t\t\t<h3><a href=\"#\">FAQ 3<\/a><\/h3>\n\t\t\t\t<div class=\"row-fluid\">\n\t\t\t\t <div class=\"row\">\n\t<div class=\"wpb_content_element span12 wpb_text_column\">\n\t\t<div class=\"wpb_wrapper clearfix\">\n\t\t\t\nLorem ipsum dolor sit amet,<br \/>\n\n\t\t<\/div> \n\t<\/div> <\/div>\n \n\t\t\t\t<\/div>\n\t\t\t<\/div> \n\n\t\t\t<div class=\"wpb_accordion_section group\">\n\t\t\t\t<h3><a href=\"#\">FAQ 4<\/a><\/h3>\n\t\t\t\t<div class=\"row-fluid\">\n\t\t\t\t <div class=\"row\">\n\t<div class=\"wpb_content_element span12 wpb_text_column\">\n\t\t<div class=\"wpb_wrapper clearfix\">\n\t\t\t\nLorem ipsum dolor sit amet,<br \/>\n\n\t\t<\/div> \n\t<\/div> <\/div>\n \n\t\t\t\t<\/div>\n\t\t\t<\/div> \n\n\t\t<\/div> \n\t<\/div> <\/div>\n\n\n\t\t<\/div> \n\t<\/div> <\/div>\n <\/p>\n<div class=\"row\">\n\t<div class=\"wpb_content_element span12 wpb_text_column\">\n\t\t<div class=\"wpb_wrapper clearfix\">\n\t\t\t\n<div class=\"more_details_block light_blue\">\n<h2 style=\"text-align: center; font-size: 28px; font-weight: 300; margin-bottom: 30px; margin-top: 28px; color: #0b7293;\">Wollen Sie mehr Details sehen?<\/h2>\n<p style=\"text-align: center; margin-bottom: 21px;\"><a class=\"callToActionBtn white button_footer_left\" style=\"border-radius: 6px; color: #0b7293; margin: 15px 4px; background-color: #ebf1f4; font-weight: 600; font-size: 20px; padding: 20px 35px 18px; border: 2px solid #0b7293;\" title=\"Jetzt anfragen!\" href=\"\/de\/jetzt-anfragen\">Mehr Infos anfordern<\/a><a class=\"callToActionBtn button_footer_right\" style=\"border-radius: 6px; color: #0b7293; margin: 15px 10px; background-color: white; font-weight: 600; font-size: 20px; padding-right: 53px!important; padding: 20px 35px 18px;\" title=\"Geofencing\" href=\"\/de\/geofencing\/\">Zum n\u00e4chsten Feature<\/a><\/p>\n<div class=\"row\">\n\t<div class=\"wpb_content_element span12 wpb_raw_html\">\n\t\t<div class=\"wpb_wrapper\">\n\t\t\t\n\t\t<\/div> \n\t<\/div> <\/div>\n\n<\/div>\n\n\t\t<\/div> \n\t<\/div> <\/div>\n\n","protected":false},"excerpt":{"rendered":"","protected":false},"author":4,"featured_media":0,"parent":0,"menu_order":0,"comment_status":"closed","ping_status":"closed","template":"","meta":{"inline_featured_image":false,"footnotes":""},"class_list":["post-5417","page","type-page","status-publish","hentry"],"_links":{"self":[{"href":"https:\/\/wippress.contagt.com\/de\/wp-json\/wp\/v2\/pages\/5417","targetHints":{"allow":["GET"]}}],"collection":[{"href":"https:\/\/wippress.contagt.com\/de\/wp-json\/wp\/v2\/pages"}],"about":[{"href":"https:\/\/wippress.contagt.com\/de\/wp-json\/wp\/v2\/types\/page"}],"author":[{"embeddable":true,"href":"https:\/\/wippress.contagt.com\/de\/wp-json\/wp\/v2\/users\/4"}],"replies":[{"embeddable":true,"href":"https:\/\/wippress.contagt.com\/de\/wp-json\/wp\/v2\/comments?post=5417"}],"version-history":[{"count":38,"href":"https:\/\/wippress.contagt.com\/de\/wp-json\/wp\/v2\/pages\/5417\/revisions"}],"predecessor-version":[{"id":8696,"href":"https:\/\/wippress.contagt.com\/de\/wp-json\/wp\/v2\/pages\/5417\/revisions\/8696"}],"wp:attachment":[{"href":"https:\/\/wippress.contagt.com\/de\/wp-json\/wp\/v2\/media?parent=5417"}],"curies":[{"name":"wp","href":"https:\/\/api.w.org\/{rel}","templated":true}]}}