{"id":5415,"date":"2021-09-13T17:18:01","date_gmt":"2021-09-13T15:18:01","guid":{"rendered":"https:\/\/wippress.contagt.com\/?page_id=5415"},"modified":"2025-09-29T13:48:43","modified_gmt":"2025-09-29T11:48:43","slug":"live-navigation","status":"publish","type":"page","link":"https:\/\/wippress.contagt.com\/de\/live-navigation\/","title":{"rendered":"Live Navigation"},"content":{"rendered":"<div class=\"row\">\n\t<div class=\"wpb_content_element span12 wpb_raw_html\">\n\t\t<div class=\"wpb_wrapper\">\n\t\t\t<script src=\" https:\/\/cdn.jsdelivr.net\/npm\/@splidejs\/splide@4.1.4\/dist\/js\/splide.min.js \"><\/script>\n<link href=\" https:\/\/cdn.jsdelivr.net\/npm\/@splidejs\/splide@4.1.4\/dist\/css\/splide.min.css \" rel=\"stylesheet\">\n\n\t\t<\/div> \n\t<\/div> <\/div>\n <div class=\"row\">\n\t<div class=\"full-width-text wpb_content_element alt-bg alt-six span12 background_header live_navigation wpb_text_column\">\n\t\t<div class=\"wpb_wrapper clearfix\">\n\t\t\t\n<div class=\"row\">\n\t<div class=\"wpb_content_element span4 wpb_text_column\">\n\t\t<div class=\"wpb_wrapper clearfix\">\n\t\t\t\n<div class=\"live-navi sonar-wave sonar-wave1\"><\/div>\n<div class=\"live-navi sonar-wave sonar-wave2\"><\/div>\n\n\t\t<\/div> \n\t<\/div> \n\n\t<div class=\"wpb_content_element span8 header_live_navigation wpb_text_column\">\n\t\t<div class=\"wpb_wrapper clearfix\">\n\t\t\t\n<h2>Live-Positionierung<\/h2>\n<h1>ohne GPS- und Internet-Empfang.<\/h1>\n<div class=\"hr-divider-left\">\n<hr class=\"standard_hr\" \/>\n<\/div>\n<p>Die neu entwickelte contagt-CPS-Technologie bestimmt auch ohne Internet und GPS-Satellitenempfang den korrekten Standort im Geb\u00e4ude \u2013 <b>mit bis zu 1 bis 2 Metern Genauigkeit<\/b>.<\/p>\n<p>Der Clou daran: Das System ben\u00f6tigt keine teure Spezialhardware. Es erg\u00e4nzt die bereits vorhandene Beschilderung um QR\/NFC-Tags und kombiniert sie mit kleinen Bluetooth-Sendern. Zudem flie\u00dfen WiFi-Signalmuster sowie die Smartphone-Sensorik in die Berechnung ein.<\/p>\n\n\t\t<\/div> \n\t<\/div> <\/div>\n\n\n\t\t<\/div> \n\t<\/div> <\/div>\n\n<div class=\"row\">\n\t<div class=\"full-width-text wpb_content_element span12 live_navigation video_section d-none wpb_text_column\">\n\t\t<div class=\"wpb_wrapper clearfix\">\n\t\t\t\n<h2>Ankommen. Nicht nur am Geb&auml;ude.<\/h2>\n<h2 class=\"big_header\">Sondern im richtigen Raum.<\/h2>\n<div class=\"hr-divider\">\n<hr class=\"standard_hr\" \/>\n<\/div>\n<div id=\"scroll-here\">\n <iframe\nsrc=\"https:\/\/www.youtube.com\/embed\/qMXESlny4-I?feature=oembed\"><br \/>\n<\/iframe>\n<\/div>\n\n\t\t<\/div> \n\t<\/div> <\/div>\n\n<div class=\"row\">\n\t<div class=\"full-width-text wpb_content_element span12 live_navigation technologies less_padding d-none wpb_text_column\">\n\t\t<div class=\"wpb_wrapper clearfix\">\n\t\t\t\n<div class=\"video_buttons\"><button id=\"video1\" class=\"button_middle_page\">ZIEL SUCHEN<\/button><button id=\"video2\" class=\"button_middle_page\">ROUTE W\u00c4HLEN<\/button><button id=\"video3\" class=\"button_middle_page\">OUTDOOR NAVIGATION<\/button><button id=\"video4\" class=\"button_middle_page\">INDOOR NAVIGATION<\/button><\/div>\n\n\t\t<\/div> \n\t<\/div> <\/div>\n\n<div class=\"row\">\n\t<div class=\"full-width-text wpb_content_element span12 live_navigation smartphone_section wpb_text_column\">\n\t\t<div class=\"wpb_wrapper clearfix\">\n\t\t\t\n<div class=\"row\">\n\t<div class=\"wpb_content_element span6 wpb_text_column\">\n\t\t<div class=\"wpb_wrapper clearfix\">\n\t\t\t\n<h2>The core of the app:<\/h2>\n<h2 class=\"big_header\">Interactive map and live navigation<\/h2>\n<div class=\"hr-divider-left\">\n<hr class=\"standard_hr\" \/>\n<\/div>\n<p>The MOBILE smartphone app helps people find their way around the site and in buildings. The 3D map gives them an overview; the live navigation helps them find their destination.<\/p>\n<p>Our awarded cPS technology calculates the exact position of the user &#8211; even indoors and across several floors. This is made possible by a unique combination of different positioning technologies.<\/p>\n\n\t\t<\/div> \n\t<\/div>  \n\t<div class=\"wpb_content_element span6 smartphone-image-wrapper wpb_text_column\">\n\t\t<div class=\"wpb_wrapper clearfix\">\n\t\t\t\n<img decoding=\"async\" class=\"mobile-image\" src=\"https:\/\/wippress.contagt.com\/wp-content\/uploads\/2023\/02\/iPhone-barrierefrei2.jpg\" alt=\"Interactive maps\" \/><br \/>\n\n\t\t<\/div> \n\t<\/div> <\/div>\n\n\n\t\t<\/div> \n\t<\/div> <\/div>\n\n<div class=\"row\">\n\t<div class=\"full-width-text wpb_content_element span12 live_navigation smartphone_section inverse_section wpb_text_column\">\n\t\t<div class=\"wpb_wrapper clearfix\">\n\t\t\t\n<div class=\"row\">\n\t<div class=\"wpb_content_element span6 smartphone-image-wrapper wpb_text_column\">\n\t\t<div class=\"wpb_wrapper clearfix\">\n\t\t\t\n<img decoding=\"async\" class=\"mobile-image\" src=\"https:\/\/wippress.contagt.com\/wp-content\/uploads\/2023\/02\/iPhone-barrierefrei2.jpg\" alt=\"Interactive maps\" \/><br \/>\n\n\t\t<\/div> \n\t<\/div> \n\n\t<div class=\"wpb_content_element span6 wpb_text_column\">\n\t\t<div class=\"wpb_wrapper clearfix\">\n\t\t\t\n<h2>Customised news and notifications<\/h2>\n<h2 class=\"big_header\">for an optimal visitor experience<\/h2>\n<div class=\"hr-divider-left\">\n<hr class=\"standard_hr\" \/>\n<\/div>\n<p>Ensure a personal approach by switching location-based messages: With the help of notifications, you can realise interactive audio guides or event information, for instance.<\/p>\n<p>As soon as a visitor enters an area with a geofence, the app automatically presents relevant content. Time-based campaigns and news can also be created with the EDITOR backend.<\/p>\n\n\t\t<\/div> \n\t<\/div> <\/div>\n\n\n\t\t<\/div> \n\t<\/div> <\/div>\n <div class=\"row\">\n\t<div class=\"full-width-text wpb_content_element span12 live_navigation smartphone_section wpb_text_column\">\n\t\t<div class=\"wpb_wrapper clearfix\">\n\t\t\t\n<div class=\"row\">\n\t<div class=\"wpb_content_element span6 wpb_text_column\">\n\t\t<div class=\"wpb_wrapper clearfix\">\n\t\t\t\n<h2>The core of the app:<\/h2>\n<h2 class=\"big_header\">Interactive map and live navigation<\/h2>\n<div class=\"hr-divider-left\">\n<hr class=\"standard_hr\" \/>\n<\/div>\n<p>The MOBILE smartphone app helps people find their way around the site and in buildings. The 3D map gives them an overview; the live navigation helps them find their destination.<\/p>\n<p>Our awarded cPS technology calculates the exact position of the user &#8211; even indoors and across several floors. This is made possible by a unique combination of different positioning technologies.<\/p>\n\n\t\t<\/div> \n\t<\/div>  \n\t<div class=\"wpb_content_element span6 smartphone-image-wrapper wpb_text_column\">\n\t\t<div class=\"wpb_wrapper clearfix\">\n\t\t\t\n<img decoding=\"async\" class=\"mobile-image\" src=\"https:\/\/wippress.contagt.com\/wp-content\/uploads\/2023\/02\/iPhone-barrierefrei2.jpg\" alt=\"Interactive maps\" \/><br \/>\n\n\t\t<\/div> \n\t<\/div> <\/div>\n\n\n\t\t<\/div> \n\t<\/div> <\/div>\n <div class=\"row\">\n\t<div class=\"full-width-text wpb_content_element span12 live_navigation stairs_section wpb_text_column\">\n\t\t<div class=\"wpb_wrapper clearfix\">\n\t\t\t\n<div class=\"row\">\n\t<div class=\"wpb_content_element span6 wpb_text_column\">\n\t\t<div class=\"wpb_wrapper clearfix\">\n\t\t\t\n\n\t\t<\/div> \n\t<\/div>  \n\t<div class=\"wpb_content_element span6 wpb_text_column\">\n\t\t<div class=\"wpb_wrapper clearfix\">\n\t\t\t\n<h2>The core of the app:<\/h2>\n<h2 class=\"big_header\">Interactive map and live navigation<\/h2>\n<div class=\"hr-divider-left\">\n<hr class=\"standard_hr\" \/>\n<\/div>\n<p>The MOBILE smartphone app helps people find their way around the site and in buildings. The 3D map gives them an overview; the live navigation helps them find their destination.<\/p>\n<p>Our awarded cPS technology calculates the exact position of the user &#8211; even indoors and across several floors. This is made possible by a unique combination of different positioning technologies.<\/p>\n\n\t\t<\/div> \n\t<\/div> <\/div>\n\n\n\t\t<\/div> \n\t<\/div> <\/div>\n\n<div class=\"row\">\n\t<div class=\"full-width-text wpb_content_element span12 dev_columns wpb_text_column\">\n\t\t<div class=\"wpb_wrapper clearfix\">\n\t\t\t\n<h2 style=\"text-align: center;\">Ihre Vorteile im \u00dcberblick<\/h2>\n<div class=\"hr-divider\">\n<hr style=\"width: 127px; border-top: 4px solid #127394; border-bottom: 1px; margin-top: 37px; margin-bottom: 37px;\" \/>\n<\/div>\n<div class=\"one_third\">\n<p style=\"font-size: 16px;\"><strong>Interaktive Karten:<\/strong> Erleichtern Sie Besuchern die Orientierung! Zeigen Sie Panoramen direkt aufrufbar an den exakten Standorten auf Ihrer Karte.<\/p>\n<\/div><div class=\"one_third\">\n<p style=\"font-size: 16px;\"><strong>Freie Perspektivwahl:<\/strong> Sie entscheiden selbst, was wo angezeigt wird: Ansichten von innen oder au\u00dfen, vorhandene Bilder oder ganz neue Aufnahmen.<\/p>\n<\/div><div class=\"one_third last\">\n<p style=\"font-size: 16px;\"><strong>3D-Besichtigungen:<\/strong> Erlauben Sie Interessierten Ihre Lokation virtuell zu entdecken. Mit 3D Rundg\u00e4ngen wecken Sie Interesse und motivieren zum Besuch.<\/p>\n<\/div><div class=\"clearboth\"><\/div>\n<div class=\"one_third\">\n<p style=\"font-size: 16px;\"><strong>Anreisen planen:<\/strong> G\u00e4ste k\u00f6nnen ihre Anreise und ihren Besuch vorab detailliert planen. So finden sie sich nach der Ankunft sofort zurecht.<\/p>\n<\/div><div class=\"one_third\">\n<p style=\"font-size: 16px;\"><strong>Barrierefreiheit unterst\u00fctzen:<\/strong> Dank der 360\u00b0 Bilder k\u00f6nnen Behinderte die Gegebenheiten vor Ort einsehen \u2013 f\u00fcr einen Besuch ohne Hindernisse und Wartezeiten.<\/p>\n<\/div><div class=\"one_third last\">\n<p style=\"font-size: 16px;\"><strong>Suchen verringern:<\/strong> Verschaffen Sie Ihren G\u00e4sten und Mitarbeitern ein lebensechtes Geb\u00e4ude-Abbild, damit sie schneller finden, was sie suchen.<\/p>\n<\/div><div class=\"clearboth\"><\/div>\n<div class=\"one_third\">\n<p style=\"font-size: 16px;\"><strong>Pr\u00e4zise Dokumentation:<\/strong> Mehr Transparenz und Nachvollziehbarkeit: Halten Sie Inventar-Standorte und \u00c4nderungen auf Ihrem Areal bildlich fest.<\/p>\n<\/div><div class=\"one_third\">\n<p style=\"font-size: 16px;\"><strong>Bessere Vermarktung:<\/strong> Pr\u00e4sentieren Sie ihr Geb\u00e4ude auf optimale Weise und finden Sie schneller Interessenten f\u00fcr Ihr Objekt.<\/p>\n<\/div><div class=\"one_third last\">\n<p style=\"font-size: 16px;\"><strong>H\u00f6chster Datenschutz:<\/strong> Sie behalten die Rechte an Ihren Panorama-Bildern. Anonymisierung und ein Zugriffssystem gew\u00e4hrleisten DSGVO-Konformit\u00e4t.<\/p>\n<\/div><div class=\"clearboth\"><\/div>\n\n\t\t<\/div> \n\t<\/div> <\/div>\n\n<div class=\"row\">\n\t<div class=\"wpb_content_element span12 wpb_text_column\">\n\t\t<div class=\"wpb_wrapper clearfix\">\n\t\t\t\n<div class=\"more_details_block dark_blue\">\n<h2 style=\"text-align: center; font-size: 28px; font-weight: 300; margin-bottom: 30px; margin-top: 28px; color: #fff;\">Wollen Sie mehr Details sehen?<\/h2>\n<p style=\"text-align: center; margin-bottom: 21px;\"><a class=\"callToActionBtn white button_footer_left\" style=\"border-radius: 6px; color: #fff; margin: 15px 4px; background-color: #0b7293; font-weight: 600; font-size: 20px; padding: 20px 35px 18px; border: 2px solid #fff;\" title=\"Jetzt anfragen!\" href=\"\/de\/jetzt-anfragen\">Mehr Infos anfordern<\/a><a class=\"callToActionBtn button_footer_right\" style=\"border-radius: 6px; color: #0b7293; margin: 15px 10px; background-color: white; font-weight: 600; font-size: 20px; padding-right: 53px!important; padding: 20px 35px 18px;\" title=\"Location-Sharing\" href=\"\/de\/location-sharing\/\">Zum n\u00e4chsten Feature<\/a><\/p>\n<div class=\"row\">\n\t<div class=\"wpb_content_element span12 wpb_raw_html\">\n\t\t<div class=\"wpb_wrapper\">\n\t\t\t\n\t\t<\/div> \n\t<\/div> <\/div>\n\n<\/div>\n\n\t\t<\/div> \n\t<\/div> <\/div>\n\n","protected":false},"excerpt":{"rendered":"","protected":false},"author":4,"featured_media":0,"parent":0,"menu_order":0,"comment_status":"closed","ping_status":"closed","template":"","meta":{"inline_featured_image":false,"footnotes":""},"class_list":["post-5415","page","type-page","status-publish","hentry"],"_links":{"self":[{"href":"https:\/\/wippress.contagt.com\/de\/wp-json\/wp\/v2\/pages\/5415","targetHints":{"allow":["GET"]}}],"collection":[{"href":"https:\/\/wippress.contagt.com\/de\/wp-json\/wp\/v2\/pages"}],"about":[{"href":"https:\/\/wippress.contagt.com\/de\/wp-json\/wp\/v2\/types\/page"}],"author":[{"embeddable":true,"href":"https:\/\/wippress.contagt.com\/de\/wp-json\/wp\/v2\/users\/4"}],"replies":[{"embeddable":true,"href":"https:\/\/wippress.contagt.com\/de\/wp-json\/wp\/v2\/comments?post=5415"}],"version-history":[{"count":49,"href":"https:\/\/wippress.contagt.com\/de\/wp-json\/wp\/v2\/pages\/5415\/revisions"}],"predecessor-version":[{"id":8667,"href":"https:\/\/wippress.contagt.com\/de\/wp-json\/wp\/v2\/pages\/5415\/revisions\/8667"}],"wp:attachment":[{"href":"https:\/\/wippress.contagt.com\/de\/wp-json\/wp\/v2\/media?parent=5415"}],"curies":[{"name":"wp","href":"https:\/\/api.w.org\/{rel}","templated":true}]}}