{"id":5413,"date":"2021-09-13T17:16:22","date_gmt":"2021-09-13T15:16:22","guid":{"rendered":"https:\/\/wippress.contagt.com\/?page_id=5413"},"modified":"2023-02-16T16:53:52","modified_gmt":"2023-02-16T14:53:52","slug":"editor-backend","status":"publish","type":"page","link":"https:\/\/wippress.contagt.com\/de\/editor-backend\/","title":{"rendered":"Editor Backend"},"content":{"rendered":"<div class=\"full-width-text editor_backend background_header\">\n<div class=\"row\">\n\t<div class=\"wpb_content_element span6 editor_backend header_text column_container\">\n\t\t<div class=\"wpb_wrapper\">\n\t\t\t\n<h2>Zentrale Verwaltung:<\/h2>\n<h1>Flexibel und einfach managen<\/h1>\n<div class=\"hr-divider-left\">\n<hr class=\"standard_hr\" \/>\n<\/div>\n<p>\u00dcber das EDITOR Backend haben Sie Ihr Geb\u00e4ude perfekt im Blick. Per Mausklick k\u00f6nnen Sie Ihre Daten jederzeit aktualisieren und an wechselnde Bed\u00fcrfnisse anpassen.<\/p>\n<p>Die neuen Daten werden an alle Bestandteile der Plattform ausgespielt. So bleiben Ihre Karten, mobilen Apps und Touchscreen-Kioske stets einheitlich up-to-date.<\/p>\n\n\t\t<\/div> \n\t<\/div> \n\n\t<div class=\"wpb_content_element span6 editor_backend header_image column_container\">\n\t\t<div class=\"wpb_wrapper\">\n\t\t\t\n<img decoding=\"async\" src=\"https:\/\/wippress.contagt.com\/wp-content\/uploads\/2023\/02\/hallstatt-austria-wallpaper.png\" alt=\"iMac\"><br \/>\n\n\t\t<\/div> \n\t<\/div> <\/div>\n\n<\/div>\n<div class=\"full-width-text editor_backend background_first_section invert_text\">\n<div class=\"row\">\n\t<div class=\"wpb_content_element span6 editor_backend first_section_image column_container\">\n\t\t<div class=\"wpb_wrapper\">\n\t\t\t\n\n\t\t<\/div> \n\t<\/div> \n\n\t<div class=\"wpb_content_element span6 editor_backend first_section_text column_container\">\n\t\t<div class=\"wpb_wrapper\">\n\t\t\t\n<h2>Aktuelle Daten<\/h2>\n<h2 class=\"big_header\">im Handumdrehen<\/h2>\n<div class=\"hr-divider-left\">\n<hr class=\"standard_hr\" \/>\n<\/div>\n<p>Noch nie war es leichter, Ihre Besucher und Mitarbeiter mit den neuesten Informationen und einer aktuellen Wegeleitung zu versorgen!<\/p>\n<p>Der EDITOR erlaubt es, s\u00e4mtliche Guide-Inhalte in Echtzeit zu bearbeiten:<\/p>\n<div class=\"checkmark_list\">\n<p class=\"check_mark_paragraph first_check_mark\"><img decoding=\"async\" class=\"check_mark\" src=\"https:\/\/wippress.contagt.com\/wp-content\/uploads\/2022\/09\/check-blue.svg\" \/>Kartendaten (Ziele, R\u00e4ume, Areale, Texte, Medien)<\/p>\n<p class=\"check_mark_paragraph\"><img decoding=\"async\" class=\"check_mark\" src=\"https:\/\/wippress.contagt.com\/wp-content\/uploads\/2022\/09\/check-blue.svg\" \/>Kampagnen (Geofences, Kontexte, Inhalte)<\/p>\n<p class=\"check_mark_paragraph\"><img decoding=\"async\" class=\"check_mark\" src=\"https:\/\/wippress.contagt.com\/wp-content\/uploads\/2022\/09\/check-blue.svg\" \/>Infrastruktur (Bluetooth-Beacons, QR\/NFC-Tags)<\/p>\n<p class=\"check_mark_paragraph\"><img decoding=\"async\" class=\"check_mark\" src=\"https:\/\/wippress.contagt.com\/wp-content\/uploads\/2022\/09\/check-blue.svg\" \/>Routennetz (Wegabschnitte, Rundwege)<\/p>\n<p class=\"check_mark_paragraph\"><img decoding=\"async\" class=\"check_mark\" src=\"https:\/\/wippress.contagt.com\/wp-content\/uploads\/2022\/09\/check-blue.svg\" \/>Design (Bilder, Icons, Logos, Guide- und Kartenfarben)<\/p>\n<p class=\"check_mark_paragraph\"><img decoding=\"async\" class=\"check_mark\" src=\"https:\/\/wippress.contagt.com\/wp-content\/uploads\/2022\/09\/check-blue.svg\" \/>Guide (Einstellungen, Ziellisten und -Kategorien)<\/p>\n<p class=\"check_mark_paragraph\"><img decoding=\"async\" class=\"check_mark\" src=\"https:\/\/wippress.contagt.com\/wp-content\/uploads\/2022\/09\/check-blue.svg\" \/>Funktionen (Erweiterungen durch Module)<\/p>\n<\/div>\n\n\t\t<\/div> \n\t<\/div> <\/div>\n\n<\/div>\n<div class=\"full-width-text editor_backend background_icons_section center_section\">\n<div class=\"icons_section_images first-bubbles-row\">\n<div id=\"connectable_zapier\" class=\"connectable_image\"><img decoding=\"async\" loading=\"lazy\" class=\"size-full wp-image-1076 alignnone\" src=\"https:\/\/wippress.contagt.com\/wp-content\/uploads\/2023\/02\/zapier-svgrepo-com2.svg\" alt=\"Zapier logo\" width=\"250\" height=\"250\"><\/div>\n<div id=\"connectable_google\" class=\"connectable_image\"><img decoding=\"async\" loading=\"lazy\" class=\"size-full wp-image-1076 alignnone\" src=\"https:\/\/wippress.contagt.com\/wp-content\/uploads\/2023\/02\/google-g-2015.svg\" alt=\"Google logo\" width=\"250\" height=\"250\"><\/div>\n<div id=\"connectable_twitter\" class=\"connectable_image\"><img decoding=\"async\" loading=\"lazy\" class=\"size-full wp-image-1076 alignnone\" src=\"https:\/\/wippress.contagt.com\/wp-content\/uploads\/2023\/02\/twitter-2012-negative2.svg\" alt=\"Twitter logo\" width=\"250\" height=\"250\"><\/div>\n<div id=\"connectable_ig\" class=\"connectable_image\"><img decoding=\"async\" loading=\"lazy\" class=\"size-full wp-image-1076 alignnone\" src=\"https:\/\/wippress.contagt.com\/wp-content\/uploads\/2023\/02\/instagram-logo2.svg\" alt=\"Instagram logo\" width=\"250\" height=\"250\"><\/div>\n<\/div>\n<div class=\"icons_section_text\">\n<h2>Perfekt auf Sie abgestimmt:<\/h2>\n<h2 class=\"big_header\">Anbindbar und erweiterbar<\/h2>\n<div class=\"hr-divider\">\n<hr class=\"standard_hr\" \/>\n<\/div>\n<p>contagt integriert sich nahtlos in Ihre vorhandene Systemlandschaft. Via REST-Schnittstelle und CSV-Import k\u00f6nnen Sie Daten mit anderen L\u00f6sungen austauschen \u2013 von Office Software \u00fcber Social Media Services bis hin zum Internet of Things.<\/p>\n<p>Der Modul-Marktplatz im EDITOR garantiert h\u00f6chste Anpassbarkeit. In ihm lassen sich weitere Funktionsmodule aktivieren. So w\u00e4chst die L\u00f6sung mit Ihren Anforderungen mit.<\/p>\n<p><a class=\"callToActionBtn\" title=\"Zur Intgration\" href=\"\/de\/sdk\">Zu den Integrationen<\/a>\n<\/div>\n<div class=\"icons_section_images second-bubbles-row\">\n<div id=\"connectable_slack\" class=\"connectable_image\"><img decoding=\"async\" loading=\"lazy\" class=\"size-full wp-image-1076 alignnone\" src=\"https:\/\/wippress.contagt.com\/wp-content\/uploads\/2023\/02\/slack_tile_logo_icon_1688201.svg\" alt=\"Slack logo\" width=\"250\" height=\"250\"><\/div>\n<div id=\"connectable_office\" class=\"connectable_image\"><img decoding=\"async\" loading=\"lazy\" class=\"size-full wp-image-1076 alignnone\" src=\"https:\/\/wippress.contagt.com\/wp-content\/uploads\/2023\/02\/Microsoft_365_20221.svg\" alt=\"Microsoft office logo\" width=\"250\" height=\"250\"><\/div>\n<div id=\"connectable_rocket\" class=\"connectable_image\"><img decoding=\"async\" loading=\"lazy\" class=\"size-full wp-image-1076 alignnone\" src=\"https:\/\/wippress.contagt.com\/wp-content\/uploads\/2023\/02\/rocket-chat-svgrepo-com.svg\" alt=\"Rocket.Chat logo\" width=\"250\" height=\"250\"><\/div>\n<div id=\"connectable_gitlab\" class=\"connectable_image\"><img decoding=\"async\" loading=\"lazy\" class=\"size-full wp-image-1076 alignnone\" src=\"https:\/\/wippress.contagt.com\/wp-content\/uploads\/2023\/02\/gitlab-logo-500.svg\" alt=\"Gitlab logo\" width=\"250\" height=\"250\"><\/div>\n<\/div>\n<\/div>\n<div class=\"full-width-text editor_backend background_second_section\">\n<div class=\"row\">\n\t<div class=\"wpb_content_element span6 editor_backend second_section_text column_container\">\n\t\t<div class=\"wpb_wrapper\">\n\t\t\t\n<h2>Mit Analysen<\/h2>\n<h2 class=\"big_header\">Potentiale erkennen<\/h2>\n<div class=\"hr-divider-left\">\n<hr class=\"standard_hr\" \/>\n<\/div>\n<p>Das EDITOR Backend ist Ihr Tool zur kontinuierlichen Verbesserung. Lernen Sie aus den gewonnen Daten und erschlie\u00dfen Sie neue Potentiale im Geb\u00e4ude.<\/p>\n<p>Was wird wann wie gesucht? contagt erfasst anonymisierte Nutzerdaten und liefert eine sichere Datengrundlage f\u00fcr bessere Entscheidungen. S\u00e4mtliche Analysen (z.B. Heatmaps) sind konform mit dem strengen europ\u00e4ischen Datenschutzrecht.<\/p>\n\n\t\t<\/div> \n\t<\/div> \n\n\t<div class=\"wpb_content_element span6 editor_backend second_section_image column_container\">\n\t\t<div class=\"wpb_wrapper\">\n\t\t\t\n\n\t\t<\/div> \n\t<\/div> <\/div>\n\n<\/div>\n<div class=\"full-width-text editor_backend background_third_section invert_text\">\n<div class=\"row\">\n\t<div class=\"wpb_content_element span6 editor_backend third_section_image column_container\">\n\t\t<div class=\"wpb_wrapper\">\n\t\t\t\n\t\t<\/div> \n\t<\/div> \n\n\t<div class=\"wpb_content_element span6 editor_backend third_section_text column_container\">\n\t\t<div class=\"wpb_wrapper\">\n\t\t\t\n<h2>Kein Programmierer?<\/h2>\n<h2 class=\"big_header\">Kein Problem!<\/h2>\n<div class=\"hr-divider-left\">\n<hr class=\"standard_hr\" \/>\n<\/div>\n<p>Mit dem EDITOR lassen sich Daten effizient und ohne Spezialkenntnisse managen: Seine intuitive Oberfl\u00e4che erlaubt es, Elemente direkt auf der Karte einzuzeichnen und Inhalte per Eingabemasken einzugeben.<\/p>\n<p>Der EDITOR funktioniert webbasiert im Browser. Egal, wo Sie sind und welches Endger\u00e4t Sie nutzen \u2013 Sie k\u00f6nnen Inhalte jederzeit aktualisieren!<\/p>\n\n\t\t<\/div> \n\t<\/div> <\/div>\n\n<\/div>\n<div class=\"row\">\n\t<div class=\"full-width-text wpb_content_element span12 dev_columns wpb_text_column\">\n\t\t<div class=\"wpb_wrapper clearfix\">\n\t\t\t\n<h2 style=\"text-align: center;\">Weitere Highlights: EDITOR Backend<\/h2>\n<div class=\"hr-divider\">\n<hr style=\"width: 127px; border-top: 4px solid #127394; border-bottom: 1px; margin-top: 37px; margin-bottom: 37px;\" \/>\n<\/div>\n<div class=\"one_third\">\n<p style=\"font-size: 16px;\"><strong>Multi-Lokationen:<\/strong> contagt unterst\u00fctzt eine unbegrenzte Anzahl von Geb\u00e4uden, die zentral gepflegt werden k\u00f6nnen.<\/p>\n<\/div><div class=\"one_third\">\n<p style=\"font-size: 16px;\"><strong>Rechtesystem:<\/strong> Teilen Sie Nutzern verschiedene Rechte zu. Voller Zugriff f\u00fcr Administratoren, limitierte Schreibrechte f\u00fcr Redakteure.<\/p>\n<\/div><div class=\"one_third last\">\n<p style=\"font-size: 16px;\"><strong>Mehrsprachigkeit:<\/strong> Im EDITOR k\u00f6nnen Sie alle Inhalte in beliebig vielen Sprachen (auch einfacher Sprache) anlegen und verwalten.<\/p>\n<\/div><div class=\"clearboth\"><\/div>\n<div class=\"one_third\">\n<p style=\"font-size: 16px;\"><strong>Dashboard:<\/strong> Verschaffen Sie sich einen ersten \u00dcberblick \u00fcber Kennzahlen wie erfolgte Downloads und Nutzerverhalten.<\/p>\n<\/div><div class=\"one_third\">\n<p style=\"font-size: 16px;\"><strong>Kampagnen:<\/strong> F\u00fcgen Sie neue standortbasierte oder zeitbasierte Kampagnen hinzu, bearbeiten oder deaktivieren sie.<\/p>\n<\/div><div class=\"one_third last\">\n<p style=\"font-size: 16px;\"><strong>Barrierefreiheit:<\/strong> Der EDITOR ist auch f\u00fcr Nutzer mit Seheinschr\u00e4nkungen oder motorischen Einschr\u00e4nkungen gut bedienbar.<\/p>\n<\/div><div class=\"clearboth\"><\/div>\n<div class=\"one_third\">\n<p style=\"font-size: 16px;\"><strong>Ohne Installation:<\/strong> Rufen Sie Ihren Webbrowser auf und geben Sie Ihre Anmeldedaten ein. Schon sind Sie startbereit!<\/p>\n<\/div><div class=\"one_third\">\n<p style=\"font-size: 16px;\"><strong>Speicherpunkte:<\/strong> Frei setzbare Speicherpunkte und t\u00e4gliche automatische Backups sorgen daf\u00fcr, dass Ihre Inhalte stets sicher sind.<\/p>\n<\/div><div class=\"one_third last\">\n<p style=\"font-size: 16px;\"><strong>Software Hosted in Germany:<\/strong> contagt wird in Rechenzentren in Deutschland betrieben \u2013 inklusive Vertrag zur Auftragsverarbeitung (AVV).<\/p>\n<\/div><div class=\"clearboth\"><\/div>\n\n\t\t<\/div> \n\t<\/div> <\/div>\n\n<div class=\"row\">\n\t<div class=\"wpb_content_element span12 wpb_text_column\">\n\t\t<div class=\"wpb_wrapper clearfix\">\n\t\t\t\n<div class=\"full-width-text wpb_content_element alt-bg alt-eight span12 st_full_width_imgtop wpb_text_column qq1\" style=\"background-color: #0b7293; background-image: none!important; height: auto; border-bottom-width: 0px; border-top-width: 0px;\">\n<h2 style=\"text-align: center; font-size: 28px; font-weight: 300; margin-bottom: 30px; margin-top: 28px; color: #fff;\">Wollen Sie mehr Details sehen?<\/h2>\n<p style=\"text-align: center; margin-bottom: 21px;\"><a class=\"callToActionBtn white button_footer_left\" style=\"border-radius: 6px; color: #fff; margin: 15px 4px; background-color: #0b7293; font-weight: 600; font-size: 20px; padding: 20px 35px 18px; border: 2px solid #fff;\" title=\"Jetzt anfragen!\" href=\"\/de\/jetzt-anfragen\">Mehr Infos anfordern<\/a><a class=\"callToActionBtn button_footer_right\" style=\"border-radius: 6px; color: #0b7293; margin: 15px 10px; background-color: white; font-weight: 600; font-size: 20px; padding-right: 53px!important; padding: 20px 35px 18px;\" title=\"Editor-backend\" href=\"\/de\/sdk\/\">Zum n\u00e4chsten Produkt<\/a><\/p>\n<div class=\"row\">\n\t<div class=\"wpb_content_element span12 wpb_raw_html\">\n\t\t<div class=\"wpb_wrapper\">\n\t\t\t\n\t\t<\/div> \n\t<\/div> <\/div>\n\n<\/div>\n\n\t\t<\/div> \n\t<\/div> <\/div>\n\n","protected":false},"excerpt":{"rendered":"<p>Perfekt auf Sie abgestimmt: Anbindbar und erweiterbar contagt integriert sich nahtlos in Ihre vorhandene Systemlandschaft. Via REST-Schnittstelle und CSV-Import k\u00f6nnen Sie Daten mit anderen L\u00f6sungen austauschen \u2013 von Office Software \u00fcber Social Media Services bis hin zum Internet of Things. Der Modul-Marktplatz im EDITOR garantiert h\u00f6chste Anpassbarkeit. In ihm lassen sich weitere Funktionsmodule aktivieren. So w\u00e4chst die L\u00f6sung mit Ihren [&hellip;]<\/p>\n","protected":false},"author":4,"featured_media":0,"parent":0,"menu_order":0,"comment_status":"closed","ping_status":"closed","template":"","meta":{"inline_featured_image":false,"footnotes":""},"class_list":["post-5413","page","type-page","status-publish","hentry"],"_links":{"self":[{"href":"https:\/\/wippress.contagt.com\/de\/wp-json\/wp\/v2\/pages\/5413","targetHints":{"allow":["GET"]}}],"collection":[{"href":"https:\/\/wippress.contagt.com\/de\/wp-json\/wp\/v2\/pages"}],"about":[{"href":"https:\/\/wippress.contagt.com\/de\/wp-json\/wp\/v2\/types\/page"}],"author":[{"embeddable":true,"href":"https:\/\/wippress.contagt.com\/de\/wp-json\/wp\/v2\/users\/4"}],"replies":[{"embeddable":true,"href":"https:\/\/wippress.contagt.com\/de\/wp-json\/wp\/v2\/comments?post=5413"}],"version-history":[{"count":40,"href":"https:\/\/wippress.contagt.com\/de\/wp-json\/wp\/v2\/pages\/5413\/revisions"}],"predecessor-version":[{"id":8235,"href":"https:\/\/wippress.contagt.com\/de\/wp-json\/wp\/v2\/pages\/5413\/revisions\/8235"}],"wp:attachment":[{"href":"https:\/\/wippress.contagt.com\/de\/wp-json\/wp\/v2\/media?parent=5413"}],"curies":[{"name":"wp","href":"https:\/\/api.w.org\/{rel}","templated":true}]}}