{"id":5409,"date":"2021-09-13T17:12:02","date_gmt":"2021-09-13T15:12:02","guid":{"rendered":"https:\/\/wippress.contagt.com\/?page_id=5409"},"modified":"2023-02-28T10:37:10","modified_gmt":"2023-02-28T08:37:10","slug":"terminal","status":"publish","type":"page","link":"https:\/\/wippress.contagt.com\/de\/terminal\/","title":{"rendered":"Terminal"},"content":{"rendered":"<div class=\"full-width-text background_header terminal\"><div class=\"row\">\n\t<div class=\"wpb_content_element span6 terminal_section wpb_text_column\">\n\t\t<div class=\"wpb_wrapper clearfix\">\n\t\t\t\n<div class=\"terminal_header_image\"><img loading=\"lazy\" decoding=\"async\" class=\"size-full wp-image-781 aligncenter\" src=\"https:\/\/wippress.contagt.com\/wp-content\/uploads\/2022\/11\/terminal_ipad_2x-1024x936-removebg.png\" alt=\"contagt Terminal\" width=\"1498\" height=\"1370\" \/><\/div>\n\n\t\t<\/div> \n\t<\/div>  \n\t<div class=\"wpb_content_element span6 first_section_terminal wpb_text_column\">\n\t\t<div class=\"wpb_wrapper clearfix\">\n\t\t\t\n<h2>Suchmaschine und interaktiver Wegweiser.<\/h2>\n<h1>Mit contagt werden Geb\u00e4ude navigierbar.<\/h1>\n<div class=\"hr-divider-left\">\n<hr class=\"standard_hr\" \/>\n<\/div>\n<p>Begr\u00fc\u00dfen Sie Ihre Besucher mit dem Touchscreen-Kiosksystem TERMINAL und erleichtern Sie so die Orientierung in Ihrem Geb\u00e4ude \u2013 Wow-Effekt garantiert!<\/p>\n<p><strong>Per smarter Suche k\u00f6nnen G\u00e4ste bequem finden, wonach sie suchen.<\/strong> Die Ziele sind sowohl \u00fcber eine Freitextsuche als auch \u00fcber ein Verzeichnis in Listenform anw\u00e4hlbar.<\/p>\n\n\t\t<\/div> \n\t<\/div> <\/div>\n\n<\/div>\n<div class=\"full-width-text background_second_section_terminal\"><div class=\"row\">\n\t<div class=\"wpb_content_element span6 second_section_terminal wpb_text_column\">\n\t\t<div class=\"wpb_wrapper clearfix\">\n\t\t\t\n<h2>Der beste Weg f\u00fcr alle:<\/h2>\n<h2 class=\"big_header\">Barrierefrei und international<\/h2>\n<div class=\"hr-divider-left\">\n<hr class=\"standard_hr\" \/>\n<\/div>\n<p>Die intelligenten Algorithmen von contagt zeigen die optimale Route zum Ziel. Sie erm\u00f6glichen es, \u00fcber mehrere Stockwerke und \u00fcber Indoor- und Outdoor-Areale hinweg zu navigieren.<\/p>\n<p>TERMINAL richtet sich an alle Menschen: Mobilit\u00e4tseingeschr\u00e4nkte Nutzer k\u00f6nnen barrierefreie Wege berechnen lassen. Zudem unterst\u00fctzt das System beliebig viele Sprachen, sogar einfache Sprache.<br \/>\n\n\t\t<\/div> \n\t<\/div> \n\t<div class=\"wpb_content_element span6 second_section_terminal_image wpb_text_column\">\n\t\t<div class=\"wpb_wrapper clearfix\">\n\t\t\t\n\n\t\t<\/div> \n\t<\/div> <\/div>\n\n<\/p><\/div>\n<div class=\"full-width-text background_third_section_terminal\"><div class=\"row\">\n\t<div class=\"wpb_content_element span6 third_section_terminal_image wpb_text_column\">\n\t\t<div class=\"wpb_wrapper clearfix\">\n\t\t\t\n\t\t<\/div> \n\t<\/div> \n\n\t<div class=\"wpb_content_element span6 third_section_terminal wpb_text_column\">\n\t\t<div class=\"wpb_wrapper clearfix\">\n\t\t\t\n<h2>Datenbasierte Entscheidungen<\/h2>\n<h2 class=\"big_header\">f\u00fcr eine optimale Standort-Nutzung<\/h2>\n<div class=\"hr-divider-left\">\n<hr class=\"standard_hr\" \/>\n<\/div>\n<p>Als Geb\u00e4udebetreiber wollen Sie Potentiale erkennen und wissen, was Ihre Besucher vor Ort bewegt. Mit den gewonnenen Daten von TERMINAL erhalten Sie wertvolle Einblicke.<\/p>\n<p>\u00dcber eine Auswertung der Suchanfragen erfahren Sie z.B. welche Ziele am popul\u00e4rsten sind, wann bestimmte Ziele verst\u00e4rkt gesucht werden oder welche Themen Nutzer interessieren.<br \/>\n\n\t\t<\/div> \n\t<\/div> <\/div>\n\n<\/p><\/div>\n<div class=\"row\">\n\t<div class=\"full-width-text wpb_content_element alt-bg alt-ten span12 background_fourth_section_terminal erfassen_section image_as_background wpb_text_column\">\n\t\t<div class=\"wpb_wrapper clearfix\">\n\t\t\t\n<h2>Ein Scan gen\u00fcgt \u2013<\/h2>\n<h2 class=\"big_header\">schon ist die Route auf dem Smartphone.<\/h2>\n<div class=\"hr-divider-left\">\n<hr class=\"standard_hr\" \/>\n<\/div>\n<p>Sie haben sich auf dem TERMINAL den Weg zu Ihrem Wunschziel anzeigen lassen? Damit nicht genug! Mit contagt k\u00f6nnen Sie Routen ganz einfach mitnehmen.<\/p>\n<p>Ziele haben individuelle QR-Codes \u2013 per Scan lassen sich Zieleinstellungen nahtlos auf das Smartphone \u00fcbertragen. Klickorgien geh\u00f6ren somit der Vergangenheit an.<\/p>\n\n\t\t<\/div> \n\t<\/div> <\/div>\n\n<div class=\"full-width-text background_fifth_section_terminal\"><div class=\"row\">\n\t<div class=\"wpb_content_element span6 fifth_section_terminal_image wpb_text_column\">\n\t\t<div class=\"wpb_wrapper clearfix\">\n\t\t\t\n\t\t<\/div> \n\t<\/div> \n\n\t<div class=\"wpb_content_element span6 fifth_section_terminal wpb_text_column\">\n\t\t<div class=\"wpb_wrapper clearfix\">\n\t\t\t\n<h2>Datenbasierte Entscheidungen<\/h2>\n<h2 class=\"big_header\">f\u00fcr eine optimale Standort-Nutzung<\/h2>\n<div class=\"hr-divider-left\">\n<hr class=\"standard_hr\" \/>\n<\/div>\n<p>Als Geb\u00e4udebetreiber wollen Sie Potentiale erkennen und wissen, was Ihre Besucher vor Ort bewegt. Mit den gewonnenen Daten von TERMINAL erhalten Sie wertvolle Einblicke.<\/p>\n<p>\u00dcber eine Auswertung der Suchanfragen erfahren Sie z.B. welche Ziele am popul\u00e4rsten sind, wann bestimmte Ziele verst\u00e4rkt gesucht werden oder welche Themen Nutzer interessieren.<br \/>\n\n\t\t<\/div> \n\t<\/div> <\/div>\n\n<\/p><\/div>\n<div class=\"full-width-text background_sixth_section_terminal\">\n<div class=\"row\">\n\t<div class=\"wpb_content_element span6 sixth_section_terminal wpb_text_column\">\n\t\t<div class=\"wpb_wrapper clearfix\">\n\t\t\t\n<h2>Lassen Sie Ihr Geb\u00e4ude scheinen!:<\/h2>\n<h2 class=\"big_header\">Mit Displays frei nach Ihrer Wahl.<\/h2>\n<div class=\"hr-divider-left\">\n<hr class=\"standard_hr\" \/>\n<\/div>\n<p>Lieber Tablets oder doch gro\u00dfe Touchscreen-Stelen? TERMINAL ist maximal flexibel. Unsere L\u00f6sung funktioniert auf allen g\u00e4ngigen Ger\u00e4ten mit den unterschiedlichsten Gr\u00f6\u00dfen und Formaten.<\/p>\n<p>Wof\u00fcr auch immer Sie sich entscheiden: Mit TERMINAL wird jeder Screen zum echten Blickfang, der Innovativit\u00e4t und Gastfreundschaft ausstrahlt.<\/p>\n\n\t\t<\/div> \n\t<\/div> \n\n\t<div class=\"wpb_content_element span6 sixth_section_terminal_image wpb_text_column\">\n\t\t<div class=\"wpb_wrapper clearfix\">\n\t\t\t\n\t\t<\/div> \n\t<\/div> <\/div>\n<div class=\"blank_spacer span12 mobile_smaller_spacer\" style=\"height:100px;\"><\/div>\n\n<\/div>\n<div class=\"row\">\n\t<div class=\"full-width-text wpb_content_element span12 terminal dev_columns wpb_text_column\">\n\t\t<div class=\"wpb_wrapper clearfix\">\n\t\t\t\n<h2 style=\"text-align: center;\">Weitere Highlights: TERMINAL Kiosksystem<\/h2>\n<div class=\"hr-divider\">\n<hr style=\"width: 127px; border-top: 4px solid #127394; border-bottom: 1px; margin-top: 37px; margin-bottom: 37px;\" \/>\n<\/div>\n<div class=\"one_third\">\n<p style=\"font-size: 16px;\"><strong>Bildschirmschoner:<\/strong> Als Willkommensbildschirm k\u00f6nnen mehrere Fullscreen-Bilder im Wechsel angezeigt werden.<\/p>\n<\/div><div class=\"one_third\">\n<p style=\"font-size: 16px;\"><strong>Hinweis-Schaltungen:<\/strong> Im TERMINAL l\u00e4sst sich auf aktuelle Events und Neuigkeiten hinweisen. Auch die Integration von externen Inhalten ist m\u00f6glich.<\/p>\n<\/div><div class=\"one_third last\">\n<p style=\"font-size: 16px;\"><strong>Animierte Routen:<\/strong> Zeigen Sie Besuchern den besten Weg zum Ziel. Diese k\u00f6\u00f6nnen animiert in 2D- oder 3D-Perspektive dargestellt werden.<\/p>\n<\/div><div class=\"clearboth\"><\/div>\n<div class=\"one_third\">\n<p style=\"font-size: 16px;\"><strong>Unlimitierte Informationstiefe:<\/strong> Von \u00d6ffnungszeiten \u00fcber Kontaktdaten hin zu DetailInformationen \u2013 Sie bestimmen die Tiefe der Inhalte.<\/p>\n<\/div><div class=\"one_third\">\n<p style=\"font-size: 16px;\"><strong>Modulare Erweiterungen:<\/strong> Weitere Funktionen sind integrierbar, z.B. eine Besucherregistrierung, bei der G\u00e4ste ein digitales Formular ausf\u00fcllen<\/p>\n<\/div><div class=\"one_third last\">\n<p style=\"font-size: 16px;\"><strong>Individuelles Design:<\/strong> Farben, Logo, Bilder und Kartengestaltung lassen sich anpassen, um Ihr Corporate Design widerzuspiegeln.<\/p>\n<\/div><div class=\"clearboth\"><\/div>\n<div class=\"one_third\">\n<p style=\"font-size: 16px;\"><strong>Einfache Aktualisierung:<\/strong> \u00dcber das EDITOR Backend k\u00f6nnen Daten aktualisiert werden, ohne dass Schilder neu gedruckt werden m\u00fcssen.<\/p>\n<\/div><div class=\"one_third\">\n<p style=\"font-size: 16px;\"><strong>Datenschutz:<\/strong> TERMINAL erf\u00fcllt die DSGVO. Jegliche Analysen erfolgen strikt anonym. Es werden keine personenbezogenen Daten erhoben.<\/p>\n<\/div><div class=\"one_third last\">\n<p style=\"font-size: 16px;\"><strong>Gelebter Umweltschutz:<\/strong> TERMINAL bedeutet keinen Druckaufwand mehr, keine Zettelwirtschaft, kein unn\u00f6tiger Abfall<\/p>\n<\/div><div class=\"clearboth\"><\/div>\n\n\t\t<\/div> \n\t<\/div> <\/div>\n\n<div class=\"row\">\n\t<div class=\"wpb_content_element span12 wpb_text_column\">\n\t\t<div class=\"wpb_wrapper clearfix\">\n\t\t\t\n<div class=\"more_details_block dark_blue\">\n<h2 style=\"text-align: center; font-size: 28px; font-weight: 300; margin-bottom: 30px; margin-top: 28px; color: #fff;\">Wollen Sie mehr Details sehen?<\/h2>\n<p style=\"text-align: center; margin-bottom: 21px;\"><a class=\"callToActionBtn white button_footer_left\" style=\"border-radius: 6px; color: #fff; margin: 15px 4px; background-color: #0b7293; font-weight: 600; font-size: 20px; padding: 20px 35px 18px; border: 2px solid #fff;\" title=\"Jetzt anfragen!\" href=\"\/de\/jetzt-anfragen\">Mehr Infos anfordern<\/a><a class=\"callToActionBtn button_footer_right\" style=\"border-radius: 6px; color: #0b7293; margin: 15px 10px; background-color: white; font-weight: 600; font-size: 20px; padding-right: 53px!important; padding: 20px 35px 18px;\" title=\"Mobile-App\" href=\"\/de\/mobile-app\/\">Zum n\u00e4chsten Produkt<\/a><\/p>\n<div class=\"row\">\n\t<div class=\"wpb_content_element span12 wpb_raw_html\">\n\t\t<div class=\"wpb_wrapper\">\n\t\t\t\n\t\t<\/div> \n\t<\/div> <\/div>\n\n<\/div>\n\n\t\t<\/div> \n\t<\/div> <\/div>\n\n","protected":false},"excerpt":{"rendered":"","protected":false},"author":4,"featured_media":0,"parent":0,"menu_order":0,"comment_status":"closed","ping_status":"closed","template":"","meta":{"inline_featured_image":false,"footnotes":""},"class_list":["post-5409","page","type-page","status-publish","hentry"],"_links":{"self":[{"href":"https:\/\/wippress.contagt.com\/de\/wp-json\/wp\/v2\/pages\/5409","targetHints":{"allow":["GET"]}}],"collection":[{"href":"https:\/\/wippress.contagt.com\/de\/wp-json\/wp\/v2\/pages"}],"about":[{"href":"https:\/\/wippress.contagt.com\/de\/wp-json\/wp\/v2\/types\/page"}],"author":[{"embeddable":true,"href":"https:\/\/wippress.contagt.com\/de\/wp-json\/wp\/v2\/users\/4"}],"replies":[{"embeddable":true,"href":"https:\/\/wippress.contagt.com\/de\/wp-json\/wp\/v2\/comments?post=5409"}],"version-history":[{"count":38,"href":"https:\/\/wippress.contagt.com\/de\/wp-json\/wp\/v2\/pages\/5409\/revisions"}],"predecessor-version":[{"id":8433,"href":"https:\/\/wippress.contagt.com\/de\/wp-json\/wp\/v2\/pages\/5409\/revisions\/8433"}],"wp:attachment":[{"href":"https:\/\/wippress.contagt.com\/de\/wp-json\/wp\/v2\/media?parent=5409"}],"curies":[{"name":"wp","href":"https:\/\/api.w.org\/{rel}","templated":true}]}}