{"id":5313,"date":"2021-05-27T15:31:18","date_gmt":"2021-05-27T13:31:18","guid":{"rendered":"https:\/\/wippress.contagt.com\/?page_id=5313"},"modified":"2025-09-30T14:52:20","modified_gmt":"2025-09-30T12:52:20","slug":"3d-maps-guides","status":"publish","type":"page","link":"https:\/\/wippress.contagt.com\/de\/3d-maps-guides\/","title":{"rendered":"3D Maps &#038; Guides"},"content":{"rendered":"<div class=\"row\">\n\t<div class=\"full-width-text wpb_content_element span12 background_header maps_3d wpb_text_column\">\n\t\t<div class=\"wpb_wrapper clearfix\">\n\t\t\t\n<h2>Outdoor und indoor \u2013<\/h2>\n<h2 class=\"big_header\">die komplette Welt in Kartenform<\/h2>\n<div class=\"row\">\n\t<div class=\"wpb_content_element span12 interactive_map wpb_text_column\">\n\t\t<div class=\"wpb_wrapper clearfix\">\n\t\t\t\n<div id=\"interactive3dMapsImage\" style=\"width: 100%; height: 400px; background-image: url('https:\/\/wippress.contagt.com\/wp-content\/uploads\/2023\/02\/justus-menke-R4Eb7y7N7DI-unsplash-scaled.jpg'); background-size: cover; background-position: center; background-repeat: no-repeat; border-radius: 8px; margin: 0 auto; display: block; transition: all 0.3s ease; position: relative; z-index: 2;\"><\/div>\n\n\t\t<\/div> \n\t<\/div> <\/div>\n\n<div class=\"full-width-text header_background_3d_maps\">\n<div class=\"header_buttons_maps\">\n<div class=\"header_button button_one_map cursor-pointer\" role=\"button\">\n<div class=\"button_icon\"><\/div>\n<div class=\"button_text\">\n<p>Indoor Maps<\/p>\n<\/div>\n<\/div>\n<div class=\"header_button button_two_map cursor-pointer\" role=\"button\">\n<div class=\"button_icon\"><\/div>\n<div class=\"button_text\">\n<p>Outdoor Maps<\/p>\n<\/div>\n<\/div>\n<div class=\"header_button button_three_map cursor-pointer\" role=\"button\">\n<div class=\"button_icon\"><\/div>\n<div class=\"button_text\">\n<p>Digitale Guides<\/p>\n<\/div>\n<\/div>\n<\/div>\n<\/div>\n\n\t\t<\/div> \n\t<\/div> <\/div>\n\n<div class=\"row\">\n\t<div class=\"full-width-text wpb_content_element span12 second_section_background animation_3d_maps wpb_text_column\">\n\t\t<div class=\"wpb_wrapper clearfix\">\n\t\t\t\n<div class=\"row\">\n\t<div class=\"wpb_content_element span6 second_section_3d_maps animation_text wpb_text_column\">\n\t\t<div class=\"wpb_wrapper clearfix\">\n\t\t\t\n<h2>Smarter Digital-Auftritt statt Papierchaos.<\/h2>\n<h1>contagt bringt Ihre Karten ins Web und in Apps.<\/h1>\n<div class=\"hr-divider-left\">\n<hr class=\"standard_hr\" \/>\n<\/div>\n<p>Wie? Nichts leichter als das! Sie schicken uns Ihre Geb\u00e4ude- und Gel\u00e4ndepl\u00e4ne. Wir erstellen hieraus im Handumdrehen interaktive, digitale Maps.<\/p>\n<p>Dank Vektor-Technologie sind die Maps gestochen scharf und unglaublich detailliert. Sie k\u00f6nnen beliebig viele Geb\u00e4ude, Ebenen, Bereiche und sogar Inventar anzeigen.<\/p>\n\n\t\t<\/div> \n\t<\/div>  \n\t<div class=\"wpb_content_element span6 wpb_raw_html\">\n\t\t<div class=\"wpb_wrapper\">\n\t\t\t<iframe scrolling=\"no\" class=\"animation_iframe\" src=\"\/\/contagt.com\/wp-content\/themes\/flexform-child\/animation_7\/create_contagt_map.html\"><\/iframe>\n\t\t<\/div> \n\t<\/div> <\/div>\n \n\t\t<\/div> \n\t<\/div> <\/div>\n\n<div class=\"full-width-text third_section_3d_maps\">\n<div class=\"row\">\n\t<div class=\"wpb_content_element span6 wpb_text_column\">\n\t\t<div class=\"wpb_wrapper clearfix\">\n\t\t\t\n<div class=\"third_section_image_3d_maps\"><img decoding=\"async\" src=\"https:\/\/wippress.contagt.com\/wp-content\/uploads\/2024\/10\/guidebook.jpg\" \/><\/div>\n\n\t\t<\/div> \n\t<\/div>  \n\t<div class=\"wpb_content_element span6 third_section_text_3d_maps wpb_text_column\">\n\t\t<div class=\"wpb_wrapper clearfix\">\n\t\t\t\n<h2>Karten und mehr.<\/h2>\n<h2 class=\"big_header\">Erstellen Sie komplette digitale Guides!<\/h2>\n<div class=\"hr-divider-left\">\n<hr class=\"standard_hr\" \/>\n<\/div>\n<p>contagt erlaubt es, alle relevanten Informationen zu Ihrer Lokation in einem sogenannten Guide zu b\u00fcndeln.<\/p>\n<p>In dem Guide sind die Kartendaten eingepflegt und Ziele mit Texten, Bildern und Videos versehen. Au\u00dferdem beinhaltet er Funktionen wie Wegeleitung, Hinweise, News und Services.<\/p>\n<p>Kurzum: Guides sind das Rundum-Sorglos-Paket f\u00fcr Ihre Besucher!<\/p>\n\n\t\t<\/div> \n\t<\/div> <\/div>\n\n<\/div>\n<div class=\"full-width-text design_3d_maps\">\n<div class=\"row\">\n\t<div class=\"wpb_content_element span6 carousel_section_text_3d_maps wpb_text_column\">\n\t\t<div class=\"wpb_wrapper clearfix\">\n\t\t\t\n<h2>Ihre Karten, Ihr Design:<\/h2>\n<h2 class=\"big_header\">Sch\u00f6ne Maps in 3D<\/h2>\n<div class=\"hr-divider-left\">\n<hr class=\"standard_hr\" \/>\n<\/div>\n<p>Nat\u00fcrlich entscheiden Sie \u00fcber den Look der 3D Maps! Jedes Element l\u00e4sst sich frei gestalten \u2013 die M\u00f6glichkeiten sind nahezu unbegrenzt.<\/p>\n<p class=\"check_mark_paragraph first_check_mark\"><img decoding=\"async\" class=\"check_mark\" src=\"https:\/\/wippress.contagt.com\/wp-content\/uploads\/2022\/09\/check-white.svg\" \/>Farben und Icons<\/p>\n<p class=\"check_mark_paragraph\"><img decoding=\"async\" class=\"check_mark\" src=\"https:\/\/wippress.contagt.com\/wp-content\/uploads\/2022\/09\/check-white.svg\" \/>3D-Objekte<\/p>\n<p class=\"check_mark_paragraph\"><img decoding=\"async\" class=\"check_mark\" src=\"https:\/\/wippress.contagt.com\/wp-content\/uploads\/2022\/09\/check-white.svg\" \/>Ebenen und \u00dcberg\u00e4nge<\/p>\n<p class=\"check_mark_paragraph\"><img decoding=\"async\" class=\"check_mark\" src=\"https:\/\/wippress.contagt.com\/wp-content\/uploads\/2022\/09\/check-white.svg\" \/>Sprachversionen<\/p>\n\n\t\t<\/div> \n\t<\/div> \n\n\t<div class=\"wpb_content_element span6 corusel_3d_maps wpb_text_column\">\n\t\t<div class=\"wpb_wrapper clearfix\">\n\t\t\t\n<section id=\"slider\"><input id=\"s1\" name=\"slider\" type=\"radio\" \/><br \/>\n<input id=\"s2\" name=\"slider\" type=\"radio\" \/><br \/>\n<input id=\"s3\" name=\"slider\" type=\"radio\" \/><br \/>\n<input id=\"s4\" name=\"slider\" type=\"radio\" \/><br \/>\n<input id=\"s5\" name=\"slider\" type=\"radio\" \/><br \/>\n<label id=\"slide1\" for=\"s1\" aria-label=\"Slider image 1\"><\/label><br \/>\n<label id=\"slide2\" for=\"s2\" aria-label=\"Slider image 2\"><\/label><br \/>\n<label id=\"slide3\" for=\"s3\" aria-label=\"Slider image 3\"><\/label><br \/>\n<label id=\"slide4\" for=\"s4\" aria-label=\"Slider image 4\"><\/label><br \/>\n<label id=\"slide5\" for=\"s5\" aria-label=\"Slider image 5\"><\/label><\/section>\n\n\t\t<\/div> \n\t<\/div> <\/div>\n\n<\/div>\n<div class=\"full-width-text design_3d_maps_logos\">\n<section id=\"slider_buttons\" class=\"slider_buttons\"><input id=\"sb1\" name=\"slider\" type=\"radio\" \/><br \/>\n<input id=\"sb2\" name=\"slider\" type=\"radio\" \/><br \/>\n<input id=\"sb3\" name=\"slider\" type=\"radio\" \/><br \/>\n<input id=\"sb4\" name=\"slider\" type=\"radio\" \/><br \/>\n<input id=\"sb5\" name=\"slider\" type=\"radio\" \/><br \/>\n<label id=\"slide_button3\" for=\"s3\"><img decoding=\"async\" src=\"https:\/\/wippress.contagt.com\/wp-content\/uploads\/2023\/02\/telekom-2.svg\" alt=\"logo 3\" style=\"width: 100px;\" \/><\/label><br \/>\n<label id=\"slide_button4\" for=\"s4\"><img decoding=\"async\" src=\"https:\/\/wippress.contagt.com\/wp-content\/uploads\/2023\/02\/roche-1.svg\" alt=\"logo 4\" style=\"width: 100px;\" \/><\/label><br \/>\n<label id=\"slide_button5\" for=\"s5\"><img decoding=\"async\" src=\"https:\/\/wippress.contagt.com\/wp-content\/uploads\/2023\/02\/merck-1.svg\" alt=\"logo 5\" style=\"width: 100px;\" \/><\/label><br \/>\n<label id=\"slide_button1\" for=\"s1\"><img decoding=\"async\" src=\"https:\/\/wippress.contagt.com\/wp-content\/uploads\/2023\/02\/datev-1.svg\" alt=\"logo 1\" style=\"width: 100px;\" \/><\/label><br \/>\n<label id=\"slide_button2\" for=\"s2\"><img decoding=\"async\" src=\"https:\/\/wippress.contagt.com\/wp-content\/uploads\/2023\/02\/abb-logo-1.svg\" alt=\"logo 2\" style=\"width: 100px;\" \/><\/label><\/section>\n<\/div>\n<div class=\"full-width-text fourth_section_3d_maps\">\n<div class=\"row\">\n\t<div class=\"wpb_content_element span4 wpb_text_column\">\n\t\t<div class=\"wpb_wrapper clearfix\">\n\t\t\t\n<div class=\"google_and_co_image\"><img decoding=\"async\" src=\"https:\/\/wippress.contagt.com\/wp-content\/uploads\/2022\/09\/no-other-maps-3.png\" \/><\/div>\n\n\t\t<\/div> \n\t<\/div>  \n\t<div class=\"wpb_content_element span8 fourth_section_3d_maps wpb_text_column\">\n\t\t<div class=\"wpb_wrapper clearfix\">\n\t\t\t\n<h2>Tsch\u00fcss Google Maps, Apple Maps &amp; Co.<\/h2>\n<h2 class=\"big_header\">contagt ist die sichere Alternative.<\/h2>\n<div class=\"hr-divider-left\">\n<hr class=\"standard_hr\" \/>\n<\/div>\n<p>contagt baut auf OpenStreetMap (OSM) auf und verzichtet komplett auf US-amerikanische Kartendienste. Die Kartenserver von contagt werden in Hochsicherheits-Rechenzentren in Deutschland betrieben. F\u00fcr die Karten besteht kein Ver\u00f6ffentlichungszwang.<\/p>\n<p>Von Nutzern werden keine personenbezogenen Daten erhoben. Eine Auswertung zu Werbezwecken findet nicht statt. Jegliche Analysen sind anonymisiert und entsprechen den strengen europ\u00e4ischen Datenschutz-Bestimmungen.<\/p>\n<p>Hei\u00dft f\u00fcr Sie: contagt 3D Maps &amp; Guides unterst\u00fctzen Ihre digitale Souver\u00e4nit\u00e4t!<\/p>\n\n\t\t<\/div> \n\t<\/div> <\/div>\n\n<\/div>\n<div class=\"row\">\n\t<div class=\"wpb_content_element span12 fifth_section_3d_maps wpb_text_column\">\n\t\t<div class=\"wpb_wrapper clearfix\">\n\t\t\t\n<h2>\u00dcberall integrierbar:<\/h2>\n<h2 class=\"big_header\">Die einheitliche Kartenbasis f\u00fcr alle Ihre digitalen Dienste.<\/h2>\n<div class=\"hr-divider\">\n<hr class=\"standard_hr\" \/>\n<\/div>\n<p>Sie wollen eine Standort-Karte auf Ihre Webseite einbauen? Kein Problem \u2013 mit dem 3D Maps &amp; Guides HTML-Snippet ist dies in wenigen Minuten umgesetzt! Ebenso lassen sich die Karten in station\u00e4ren Kiosksystemen oder in mobilen Smartphone-Apps anzeigen.<\/p>\n<p>Mit nur einem einzigen Kartensatz erm\u00f6glicht contagt alle erdenklichen Anwendungsf\u00e4lle. Ob bei der Vorbereitung eines Besuchs von zu Hause aus, oder beim Erkunden vor Ort: <strong>Unsere Guides sorgen f\u00fcr beste Orientierung<\/strong>.<\/p>\n\n\t\t<\/div> \n\t<\/div> <\/div>\n <div class=\"row\">\n\t<div class=\"wpb_content_element span12 feature_section all_devices wpb_text_column\">\n\t\t<div class=\"wpb_wrapper clearfix\">\n\t\t\t\n<div class=\"contagt_all_devices\"><img loading=\"lazy\" decoding=\"async\" src=\"\/\/contagt.com\/wp-content\/uploads\/2014\/12\/komplett_all_devices.png\" alt=\"komplett_all_devices\" width=\"976\" height=\"269\" \/><\/div>\n\n\t\t<\/div> \n\t<\/div>  \n\t<div class=\"full-width-text wpb_content_element span12 dev_columns wpb_text_column\">\n\t\t<div class=\"wpb_wrapper clearfix\">\n\t\t\t\n<h2 style=\"text-align: center;\">Weitere Highlights: 3D Maps &amp; Guides<\/h2>\n<div class=\"hr-divider\">\n<hr class=\"standard_hr\" \/>\n<\/div>\n<div class=\"one_third\">\n<p style=\"font-size: 16px;\"><strong>Digitalisierungs-Service:<\/strong> Nur Karten in Papierform verf\u00fcgbar? Kein Problem! contagt kann analoges Material in digitale Guides \u00fcberf\u00fchren.<\/p>\n<\/div><div class=\"one_third\">\n<p style=\"font-size: 16px;\"><strong>Georeferenzierung:<\/strong> Alle Objekte sind korrekt auf der Weltkarte verortet. Sie lassen sich in 3D adressieren und teilen.<\/p>\n<\/div><div class=\"one_third last\">\n<p style=\"font-size: 16px;\"><strong>Live Navigation:<\/strong> Die Karten von contagt k\u00f6nnen mit Indoor\/Outdoor-Ortung, smartem Routing und Navigation erweitert werden.<\/p>\n<\/div><div class=\"clearboth\"><\/div>\n<div class=\"one_third\">\n<p style=\"font-size: 16px;\"><strong>Mehrere Lokationen:<\/strong> contagt unterst\u00fctzt eine unbegrenzte Anzahl von Geb\u00e4uden, die zentral gepflegt werden k\u00f6nnen.<\/p>\n<\/div><div class=\"one_third\">\n<p style=\"font-size: 16px;\"><strong>Kein langes Warten:<\/strong> Dank ihrer geringen Gr\u00f6\u00dfe von lediglich 150-300 KB sind die Guides in Sekundenschnelle geladen.<\/p>\n<\/div><div class=\"one_third last\">\n<p style=\"font-size: 16px;\"><strong>Intuitive Bedienung:<\/strong> Keine verdrehten K\u00f6pfe mehr: contagt 3D Maps lassen sich frei bewegen, zoomen, rotieren, kippen und anklicken.<\/p>\n<\/div><div class=\"clearboth\"><\/div>\n<div class=\"one_third\">\n<p style=\"font-size: 16px;\"><strong>Zugriffsschutz:<\/strong> Die Guides k\u00f6nnen mit Passwort und Zeitlimit versehen werden, um den Zugang zu Karten(abschnitten) zu beschr\u00e4nken.<\/p>\n<\/div><div class=\"one_third\">\n<p style=\"font-size: 16px;\"><strong>Aktualisierung per Klick:<\/strong> \u00c4nderungen in den Karten- und Routendaten k\u00f6nnen Sie im Editor Backend selbst vornehmen.<\/p>\n<\/div><div class=\"one_third last\">\n<p style=\"font-size: 16px;\"><strong>Software Hosted in Germany:<\/strong> contagt erf\u00fcllt die DSGVO. Die gesamte Prozesskette wird \u00fcber Auftragsverarbeitungsvertr\u00e4ge (AVV) abgedeckt.<\/p>\n<\/div><div class=\"clearboth\"><\/div>\n\n\t\t<\/div> \n\t<\/div> <\/div>\n <div class=\"row\">\n\t<div class=\"wpb_content_element span12 wpb_text_column\">\n\t\t<div class=\"wpb_wrapper clearfix\">\n\t\t\t\n<div class=\"more_details_block dark_blue\">\n<h2 style=\"text-align: center; font-size: 28px; font-weight: 300; margin-bottom: 30px; margin-top: 28px; color: #fff;\">Wollen Sie mehr Details sehen?<\/h2>\n<p style=\"text-align: center; margin-bottom: 21px;\"><a class=\"callToActionBtn white button_footer_left\" style=\"border-radius: 6px; color: #fff; margin: 15px 4px; background-color: #0b7293; font-weight: 600; font-size: 20px; padding: 20px 35px 18px; border: 2px solid #fff;\" title=\"Jetzt anfragen!\" href=\"\/de\/jetzt-anfragen\">Mehr Infos anfordern<\/a><a class=\"callToActionBtn button_footer_right\" style=\"border-radius: 6px; color: #0b7293; margin: 15px 10px; background-color: white; font-weight: 600; font-size: 20px; padding-right: 53px!important; padding: 20px 35px 18px;\" title=\"Terminal\" href=\"\/de\/terminal\/\">Zum n\u00e4chsten Produkt<\/a><\/p>\n<\/div>\n\n\t\t<\/div> \n\t<\/div> <\/div>\n\n","protected":false},"excerpt":{"rendered":"","protected":false},"author":4,"featured_media":0,"parent":0,"menu_order":0,"comment_status":"closed","ping_status":"closed","template":"","meta":{"inline_featured_image":false,"footnotes":""},"class_list":["post-5313","page","type-page","status-publish","hentry"],"_links":{"self":[{"href":"https:\/\/wippress.contagt.com\/de\/wp-json\/wp\/v2\/pages\/5313","targetHints":{"allow":["GET"]}}],"collection":[{"href":"https:\/\/wippress.contagt.com\/de\/wp-json\/wp\/v2\/pages"}],"about":[{"href":"https:\/\/wippress.contagt.com\/de\/wp-json\/wp\/v2\/types\/page"}],"author":[{"embeddable":true,"href":"https:\/\/wippress.contagt.com\/de\/wp-json\/wp\/v2\/users\/4"}],"replies":[{"embeddable":true,"href":"https:\/\/wippress.contagt.com\/de\/wp-json\/wp\/v2\/comments?post=5313"}],"version-history":[{"count":174,"href":"https:\/\/wippress.contagt.com\/de\/wp-json\/wp\/v2\/pages\/5313\/revisions"}],"predecessor-version":[{"id":8712,"href":"https:\/\/wippress.contagt.com\/de\/wp-json\/wp\/v2\/pages\/5313\/revisions\/8712"}],"wp:attachment":[{"href":"https:\/\/wippress.contagt.com\/de\/wp-json\/wp\/v2\/media?parent=5313"}],"curies":[{"name":"wp","href":"https:\/\/api.w.org\/{rel}","templated":true}]}}