{"id":4711,"date":"2020-10-31T14:52:17","date_gmt":"2020-10-31T12:52:17","guid":{"rendered":"https:\/\/wippress.contagt.com\/?page_id=4711"},"modified":"2025-09-30T11:55:18","modified_gmt":"2025-09-30T09:55:18","slug":"sensor","status":"publish","type":"page","link":"https:\/\/wippress.contagt.com\/de\/sensor\/","title":{"rendered":"Sensor Besucherz\u00e4hlung"},"content":{"rendered":"<div class=\"row\">\n\t<div class=\"full-width-text wpb_content_element span12 background_header sensor wpb_text_column\">\n\t\t<div class=\"wpb_wrapper clearfix\">\n\t\t\t\n<div class=\"row\">\n\t<div class=\"wpb_content_element span6 sensor_image_div wpb_text_column\">\n\t\t<div class=\"wpb_wrapper clearfix\">\n\t\t\t\n<img decoding=\"async\" class=\"sensor_image\" src=\"https:\/\/wippress.contagt.com\/wp-content\/uploads\/2022\/09\/sensor.jpg\" \/><br \/>\n\n\t\t<\/div> \n\t<\/div>  \n\t<div class=\"wpb_content_element span6 customize_head sensor wpb_text_column\">\n\t\t<div class=\"wpb_wrapper clearfix\">\n\t\t\t\n<h2>Datenschutz inklusive:<\/h2>\n<h1 class=\"big_header\" style=\"color: #000000de; font-weight: 900;\">Digitale Auslastungserfassung mit 3D-Sensoren<\/h1>\n<hr style=\"width: 127px; border-top: 4px solid #e4e4e4; border-bottom: 1px; margin-top: 37px; margin-bottom: 37px;\" \/>\n<p>Zutrittskontrolle in Echtzeit: Mit dem SENSOR Z\u00e4hlsystem von contagt erfassen Sie die Nutzung Ihres Geb\u00e4udes \u2013 und bewahren gleichzeitig die Privatsph\u00e4re Ihrer Besucher und Mitarbeiter.<\/p>\n<p><a class=\"callToActionBtn button_middle_page\" style=\"border-radius: 6px; border: 0px; color: #989898; margin: 0px 0px; margin-bottom: 0px; margin-top: 2px; background-color: #e8e8e8; \/* font-weight: 600; padding-right: 14px!important;*\/padding: 7px 20px 7px; font-size: 14px;\" href=\"\/guides\">MEHR ERFAHREN<\/a><br \/>\n\n\t\t<\/div> \n\t<\/div> <\/div>\n\n\n\t\t<\/div> \n\t<\/div> <\/div>\n \n\t<div class=\"wpb_content_element span12 wpb_text_column\">\n\t\t<div class=\"wpb_wrapper clearfix\">\n\t\t\t\n<div class=\"full-width-text wpb_content_element alt-bg alt-eight span12 st_full_width_imgtop wpb_text_column qq3 qq77 advantages_block\" style=\"background: #E6F1F494;\nbackground: linear-gradient(0deg, rgba(230, 241, 244, 1) 0%, rgba(255, 255, 255, 1) 91%); border-top: none; height: auto!important; padding-top: 100px; padding-bottom: 120px;\"><\/p>\n<h2 class=\"big_header\" style=\"color: #127394; text-align: center; margin-bottom: 30px;\">Ihre Vorteile im \u00dcberblick<\/h2>\n<div class=\"row\">\n<div class=\"wpb_content_element span4 wpb_raw_html\">\n<div class=\"wpb_wrapper\">\n<div id=\"features_block_nolink\" class=\"feature_1\">\n<div style=\"padding: 30px;\">\n<h3 class=\"ufbc2\" style=\"color: #217595; font-size: 28px; font-weight: 600; margin-bottom: 20px;\">Datenschutz<\/h3>\n<p class=\"ufbc3\" style=\"font-size: 18px;\">Privacy by Design: Die Z\u00e4hlung arbeitet DSGVO-konform. So k\u00f6nnen sich Ihre G\u00e4ste und Kollegen jederzeit wohlf\u00fchlen.<\/p>\n<\/div>\n<\/div>\n<\/div>\n<\/div>\n<div class=\"wpb_content_element span4 wpb_raw_html\">\n<div class=\"wpb_wrapper\">\n<div id=\"features_block_nolink\" class=\"feature_1\">\n<div style=\"padding: 30px;\">\n<h3 class=\"ufbc2\" style=\"color: #217595; font-size: 28px; font-weight: 600; margin-bottom: 20px;\">Sicherheit<\/h3>\n<p class=\"ufbc3\" style=\"font-size: 18px;\">Limitieren Sie Zutritte. Das Ampelsystem zeigt die aktuelle Auslastung und schickt automatische Warnhinweise.<\/p>\n<\/div>\n<\/div>\n<\/div>\n<\/div>\n<div class=\"wpb_content_element span4 wpb_raw_html\">\n<div class=\"wpb_wrapper\">\n<div id=\"features_block_nolink\" class=\"feature_1\">\n<div style=\"padding: 30px;\">\n<h3 class=\"ufbc2\" style=\"color: #217595; font-size: 28px; font-weight: 600; margin-bottom: 20px;\">Compliance<\/h3>\n<p class=\"ufbc3\" style=\"font-size: 18px;\">Analysieren und dokumentieren Sie Besucherstr\u00f6me, z.B. zur Beweisf\u00fchrung bei beh\u00f6rdlichen Hygiene-Kontrollen.<\/p>\n<\/div>\n<\/div>\n<\/div>\n<\/div>\n<\/div>\n<\/div>\n\n\t\t<\/div> \n\t<\/div> <\/div>\n <div class=\"blank_spacer span12 mobile_spacer\" style=\"height:110px;\"><\/div>\n <div class=\"row\">\n\t<div class=\"wpb_content_element span12 wpb_raw_html\">\n\t\t<div class=\"wpb_wrapper\">\n\t\t\t<h2 class=\"big_header\" style=\"color: #127394; text-align: center; margin-bottom: 30px;\">Und so funktioniert es:<\/h2>\n\t\t<\/div> \n\t<\/div> <\/div>\n <div class=\"row\">\n\t<div class=\"wpb_content_element span8 wpb_raw_html\">\n\t\t<div class=\"wpb_wrapper\">\n\t\t\t<div id=\"number\">\n<center class=\"number_text num_one\">1<\/center>\n<\/div>\n\n<div id=\"number_feature\" style=\"margin-left: 90px; margin-top: 30px;\">\n<div style=\"color: #333333;\n    font-size: 18px;\n    font-weight: 600;\n    margin-bottom: 30px;\n    line-height: 1.6;\">Legen Sie die maximale Anzahl an Personen fest und \ndefinieren Sie R&auml;ume und Bereiche.<\/div>\n<p style=\"font-size: 16px; line-height: 1.6;\">Im webbasierten EDITOR Backend haben Sie das System mit wenigen Klicks eingerichtet. Die angezeigten Elemente der Ampel-Screens (Texte, Logos, Z&auml;hlart) lassen sich frei konfigurieren.<\/p>\n<\/div>\n\t\t<\/div> \n\t<\/div>  \n\t<div class=\"wpb_content_element span4 wpb_raw_html\">\n\t\t<div class=\"wpb_wrapper\">\n\t\t\t<center><img decoding=\"async\" class=\"sensor_function_image\" src=\"https:\/\/wippress.contagt.com\/wp-content\/uploads\/2020\/11\/settings-screen.png\" style=\"width: 300px;\n    max-width: 90%;\"><\/center>\n\t\t<\/div> \n\t<\/div> <\/div>\n <div class=\"blank_spacer span12 mobile_spacer\" style=\"height:90px;\"><\/div>\n <div class=\"row\">\n\t<div class=\"wpb_content_element span8 wpb_raw_html\">\n\t\t<div class=\"wpb_wrapper\">\n\t\t\t<div id=\"number\">\n<center class=\"number_text num_two\">2<\/center>\n<\/div>\n\n<div id=\"number_feature\" style=\"margin-left: 90px; margin-top: 30px;\">\n<div  style=\"color: #333333;\n    font-size: 18px;\n    font-weight: 600;\n    margin-bottom: 30px;\n    line-height: 1.6;\">3D-Sensoren erkennen und erfassen automatisch ein- und \nausgehende Personen.<\/div>\n<p style=\"font-size: 16px; line-height: 1.6;\">Keine Strichlisten mehr! Die Sensoren z&auml;hlen mit einer Genauigkeit von &uuml;ber 99%. Sie k&ouml;nnen Durchg&auml;nge, verteilte Ein- und Ausg&auml;nge oder ganze Fl&auml;chen zuverl&auml;ssig abdecken.<\/p>\n<\/div>\n\t\t<\/div> \n\t<\/div>  \n\t<div class=\"wpb_content_element span4 wpb_raw_html\">\n\t\t<div class=\"wpb_wrapper\">\n\t\t\t<center><img decoding=\"async\" class=\"sensor_function_image sensor_function_second_image\" src=\"https:\/\/wippress.contagt.com\/wp-content\/uploads\/2021\/06\/3d-image@2x.jpg\" style=\"width: 300px;\n    max-width: 90%;\"><\/center>\n\t\t<\/div> \n\t<\/div> <\/div>\n <div class=\"blank_spacer span12 mobile_spacer\" style=\"height:90px;\"><\/div>\n <div class=\"row\">\n\t<div class=\"wpb_content_element span8 wpb_raw_html\">\n\t\t<div class=\"wpb_wrapper\">\n\t\t\t<div id=\"number\">\n<center class=\"number_text num_three\">3<\/center>\n<\/div>\n\n<div id=\"number_feature\" style=\"margin-left: 90px; margin-top: 30px;\">\n<div  style=\"color: #333333;\n    font-size: 18px;\n    font-weight: 600;\n    margin-bottom: 30px;\n    line-height: 1.6;\">Ampel-Screens und Notifications warnen bei \n&Uuml;berschreitung der festgelegten Grenzwerte.<\/div>\n<p style=\"font-size: 16px; line-height: 1.6;\">Das System aggregiert die Besucherzahlen mehrerer Eing&auml;nge und benachrichtigt Sie per E-Mail. F&uuml;r Besucher kann die aktuelle Auslastung zudem auf Displays angezeigt werden.<\/p>\n<\/div>\n\t\t<\/div> \n\t<\/div>  \n\t<div class=\"wpb_content_element span4 wpb_raw_html\">\n\t\t<div class=\"wpb_wrapper\">\n\t\t\t<center><img decoding=\"async\" class=\"sensor_function_image sensor_function_third_image\" src=\"https:\/\/wippress.contagt.com\/wp-content\/uploads\/2020\/11\/Group-38@2x-5.png\" style=\"width: 274px;\n    max-width: 90%;\"><\/center>\n\t\t<\/div> \n\t<\/div> <\/div>\n <div class=\"blank_spacer span12 mobile_spacer\" style=\"height:35px;\"><\/div>\n <div class=\"row\">\n\t<div class=\"wpb_content_element span8 wpb_raw_html\">\n\t\t<div class=\"wpb_wrapper\">\n\t\t\t<div id=\"number\">\n<center class=\"number_text num_four\">4<\/center>\n<\/div>\n<div id=\"number_feature\" style=\"margin-left: 90px; margin-top: 30px;\">\n<div style=\"color: #333333;\n    font-size: 18px;\n    font-weight: 600;\n    margin-bottom: 30px;\n    line-height: 1.6;\">Erhalten Sie wertvolle Statistiken und dokumentieren Sie den Besucherfluss.\n<\/div>\n<p style=\"font-size: 16px; line-height: 1.6;\">Mit dem EDITOR Backend k&ouml;nnen Sie die erfassten Daten analysieren und die Einhaltung von Richtlinien nachweisen. Ein Export der Daten an Drittsysteme ist ebenso m&ouml;glich.<\/p>\n<\/div>\n\t\t<\/div> \n\t<\/div>  \n\t<div class=\"wpb_content_element span4 wpb_raw_html\">\n\t\t<div class=\"wpb_wrapper\">\n\t\t\t<center><img decoding=\"async\" class=\"sensor_function_image sensor_function_last_image\" src=\"https:\/\/wippress.contagt.com\/wp-content\/uploads\/2020\/11\/statistics.png\" style=\"width: 300px;\n    max-width: 90%;\"><\/center>\n\t\t<\/div> \n\t<\/div> <\/div>\n <div class=\"blank_spacer span12 mobile_spacer\" style=\"height:110px;\"><\/div>\n <div class=\"row\">\n\t<div class=\"wpb_content_element span12 wpb_text_column\">\n\t\t<div class=\"wpb_wrapper clearfix\">\n\t\t\t\n<p>&nbsp;<\/p>\n<div class=\"full-width-text wpb_content_element alt-bg alt-eight span12 st_full_width_imgtop wpb_text_column special_sensor_section qq3\" style=\"background-color: #f2f2f2; background-image: none!important; height: auto!important;\">\n<div class=\"row\">\n<div class=\"wpb_content_element span6 wpb_raw_html\">\n<div class=\"wpb_wrapper\"><center><img decoding=\"async\" class=\"special_sensor_image\" src=\"https:\/\/wippress.contagt.com\/wp-content\/uploads\/2022\/09\/sensor-image.png\" \/><\/center><\/div>\n<\/div>\n<div class=\"wpb_content_element span6 wpb_raw_html\">\n<div class=\"wpb_wrapper\">\n<h3 style=\"color: #000000de; font-size: 28px!important; font-weight: 300; line-height: 1.3; margin-top: 35px; margin-bottom: 5px;\">Unsere Spezial-Sensoren:<\/h3>\n<h2 class=\"big_header\" style=\"color: #0b7293;\">3D-Erfassung ohne Big Brother<\/h2>\n<hr style=\"width: 127px; border-top: 4px solid #0b7293; border-bottom: 1px; margin-top: 37px; margin-bottom: 37px;\" \/>\n<p>Die verwendeten Sensoren erkennen 3D-Muster und rechnen diese direkt auf dem Ger\u00e4t in Z\u00e4hlwerte um. Personenbezogene Daten werden nicht erfasst. Dank dieses eingebetteten Verarbeitungssystems und Hosting in Deutschland ist die L\u00f6sung 100% DSGVO-konform.<\/p>\n<p style=\"margin-bottom: 35px;\">Die Sensoren k\u00f6nnen sowohl innen als auch au\u00dfen verbaut werden. Je nach Anwendungsfall sind verschiedenen Geh\u00e4usevarianten und Aufh\u00e4ngungen verf\u00fcgbar.<\/p>\n<\/div>\n<\/div>\n<\/div>\n<\/div>\n\n\t\t<\/div> \n\t<\/div> <\/div>\n <div class=\"row\">\n\t<div class=\"full-width-text wpb_content_element span12 dev_columns wpb_text_column\">\n\t\t<div class=\"wpb_wrapper clearfix\">\n\t\t\t\n<h2 style=\"text-align: center;\">Ihre Vorteile im \u00dcberblick<\/h2>\n<div class=\"hr-divider\">\n<hr class=\"standard_hr\" \/>\n<\/div>\n<div class=\"one_third\">\n<p style=\"font-size: 16px;\"><strong>Interaktive Karten:<\/strong> Erleichtern Sie Besuchern die Orientierung! Zeigen Sie Panoramen direkt aufrufbar an den exakten Standorten auf Ihrer Karte.<\/p>\n<\/div><div class=\"one_third\">\n<p style=\"font-size: 16px;\"><strong>Freie Perspektivwahl:<\/strong> Sie entscheiden selbst, was wo angezeigt wird: Ansichten von innen oder au\u00dfen, vorhandene Bilder oder ganz neue Aufnahmen.<\/p>\n<\/div><div class=\"one_third last\">\n<p style=\"font-size: 16px;\"><strong>3D-Besichtigungen:<\/strong> Erlauben Sie Interessierten Ihre Lokation virtuell zu entdecken. Mit 3D Rundg\u00e4ngen wecken Sie Interesse und motivieren zum Besuch.<\/p>\n<\/div><div class=\"clearboth\"><\/div>\n<div class=\"one_third\">\n<p style=\"font-size: 16px;\"><strong>Anreisen planen:<\/strong> G\u00e4ste k\u00f6nnen ihre Anreise und ihren Besuch vorab detailliert planen. So finden sie sich nach der Ankunft sofort zurecht.<\/p>\n<\/div><div class=\"one_third\">\n<p style=\"font-size: 16px;\"><strong>Barrierefreiheit unterst\u00fctzen:<\/strong> Dank der 360\u00b0 Bilder k\u00f6nnen Behinderte die Gegebenheiten vor Ort einsehen \u2013 f\u00fcr einen Besuch ohne Hindernisse und Wartezeiten.<\/p>\n<\/div><div class=\"one_third last\">\n<p style=\"font-size: 16px;\"><strong>Suchen verringern:<\/strong> Verschaffen Sie Ihren G\u00e4sten und Mitarbeitern ein lebensechtes Geb\u00e4ude-Abbild, damit sie schneller finden, was sie suchen.<\/p>\n<\/div><div class=\"clearboth\"><\/div>\n<div class=\"one_third\">\n<p style=\"font-size: 16px;\"><strong>Pr\u00e4zise Dokumentation:<\/strong> Mehr Transparenz und Nachvollziehbarkeit: Halten Sie Inventar-Standorte und \u00c4nderungen auf Ihrem Areal bildlich fest.<\/p>\n<\/div><div class=\"one_third\">\n<p style=\"font-size: 16px;\"><strong>Bessere Vermarktung:<\/strong> Pr\u00e4sentieren Sie ihr Geb\u00e4ude auf optimale Weise und finden Sie schneller Interessenten f\u00fcr Ihr Objekt.<\/p>\n<\/div><div class=\"one_third last\">\n<p style=\"font-size: 16px;\"><strong>H\u00f6chster Datenschutz:<\/strong> Sie behalten die Rechte an Ihren Panorama-Bildern. Anonymisierung und ein Zugriffssystem gew\u00e4hrleisten DSGVO-Konformit\u00e4t.<\/p>\n<\/div><div class=\"clearboth\"><\/div>\n\n\t\t<\/div> \n\t<\/div> <\/div>\n <div class=\"row\">\n\t<div class=\"wpb_content_element span12 wpb_text_column\">\n\t\t<div class=\"wpb_wrapper clearfix\">\n\t\t\t\n<div id=\"mobg\" class=\"full-width-text wpb_content_element alt-bg alt-eight span12 st_full_width_imgtop wpb_text_column qq3 qq54\" style=\"background-image: url('https:\/\/wippress.contagt.com\/wp-content\/uploads\/2020\/11\/screen-bg.jpg'); height: auto!important; background-repeat: no-repeat; background-size: 100%;\">\n<div class=\"row\">\n<div id=\"mobg_text_content\" class=\"wpb_content_element span6 wpb_raw_html\">\n<div class=\"wpb_wrapper qq4\">\n<h2 class=\"big_header\" style=\"color: #127394; margin-top: 35px;\">Sichere Z\u00e4hlung f\u00fcr<br \/>\nIhren Anwendungsfall<\/h2>\n<hr class=\"super_hr\" style=\"width: 127px; border-top: 4px solid #12739400; border-bottom: 1px; margin-top: 0px; margin-bottom: 31px;\" \/>\n<p style=\"margin-bottom: 70px; z-index: 1; position: relative;\">Handel<br \/>\nApotheken<br \/>\nB\u00fcrogeb\u00e4ude<br \/>\nKantinen<br \/>\nLagerhallen<br \/>\nVeranstaltungen<br \/>\nFreizeitparks<br \/>\nUnd viele mehr&#8230;<\/p>\n<\/div>\n<\/div>\n<\/div>\n<\/div>\n\n\t\t<\/div> \n\t<\/div> <\/div>\n <div class=\"row\">\n\t<div class=\"wpb_content_element span12 wpb_text_column\">\n\t\t<div class=\"wpb_wrapper clearfix\">\n\t\t\t\n<div class=\"more_details_block dark_blue\">\n<h2 style=\"text-align: center; font-size: 28px; font-weight: 300; margin-bottom: 30px; margin-top: 28px; color: #fff;\">Wollen Sie mehr Details sehen?<\/h2>\n<p style=\"text-align: center; margin-bottom: 21px;\"><a class=\"callToActionBtn white button_footer_left\" style=\"border-radius: 6px; color: #fff; margin: 15px 4px; background-color: #0b7293; font-weight: 600; font-size: 20px; padding: 20px 35px 18px; border: 2px solid #fff;\" title=\"Jetzt anfragen!\" href=\"\/de\/jetzt-anfragen\">Mehr Infos anfordern<\/a><a class=\"callToActionBtn button_footer_right\" style=\"border-radius: 6px; color: #0b7293; margin: 15px 10px; background-color: white; font-weight: 600; font-size: 20px; padding-right: 53px!important; padding: 20px 35px 18px;\" title=\"Editor-backend\" href=\"\/de\/editor-backend\/\">Zum n\u00e4chsten Produkt<\/a><\/p>\n<div class=\"row\">\n\t<div class=\"wpb_content_element span12 wpb_raw_html\">\n\t\t<div class=\"wpb_wrapper\">\n\t\t\t\n\t\t<\/div> \n\t<\/div> <\/div>\n\n<\/div>\n\n\t\t<\/div> \n\t<\/div> <\/div>\n <div class=\"row\">\n\t<div class=\"wpb_content_element span12 wpb_raw_html\">\n\t\t<div class=\"wpb_wrapper\">\n\t\t\t<!--<style> \n.image_carousel{\nmargin-top:-8px!important;\n}\n\n.feature_1:hover{\nbox-shadow: 0px 0px 11px #0000000d!important;\ncursor:default!important;\n}\n\n#features_block_content:hover{\nbox-shadow: 0px 0px 11px #0000000d!important;\ncursor:default!important;\n}\n\n.customize_head{\nmargin-top: -8px;\npadding-bottom: 13px;\n}\n\n.qq1{\nmargin-left: -410px!important;\n}\n\n.qq2{\nmargin-left: -410px!important;\n}\n\n.qq3{\nmargin-left:-410px!important;\n}\n\n\n\n\n@media only screen and (max-width: 1500px){\n\n.qq54 {\nbackground-size: 125%!important;\n    background-position: -310px 0!important;\n}\n\n.qq1{\nmargin-left: -210px!important;\n}\n\n.qq2{\nmargin-left: -210px!important;\n}\n\n.qq3{\nmargin-left: -210px!important;\n}\n\n.qq77{\nmargin-left: -210px!important;\n}\n}\n\n\n@media only screen and (min-width: 1980px){\n.image_carousel {\n    margin-top: -10px!important;\n}\n}\n\n@media screen and (max-width: 767px){\n\n.qq77{\n\n}\n\n.und_so{\nmargin-bottom: 20px!important;\nmargin-top: 25px!important;\n}\n\n\n.ufbc6{\nwidth: 30px!important;\nmargin-top: 15px!important;\n}\n\n.ufbc{\nheight: 60px!important;\n}\n\n\n.ufbc2{\n    margin-bottom: 10px!important;\n    margin-top: -5px!important;\nfont-size: 24px!important;\n}\n\n.ufbc3{\nfont-size:16px!important;\n}\n\n.feature_1{\n    min-height: 220px!important;\n}\n\n.mobile_image{\ndisplay:block!important;\n    left: 50%;\n    margin-left: -50vw;\n    margin-right: -50vw;\n    max-width: 100vw;\n    position: relative;\n    right: 50%;\n    width: 100vw;\n    margin-bottom: -50px;\n    margin-top: -180px;\n\n}\n\n.qq4{\ntext-align:center;\n}\n\n.super_hr{\nwidth: 30%!important;\n margin-left: 35%!important;\n}\n\n\n.qq1{\nmargin-bottom: -22px !important;\nmargin-left: -20px !important;\n}\n\n.mobile_spacer {\nheight:30px!important;\n}\n\n.number_text {\nfont-size: 20px!important;\nmargin-top: 7px!important;\n}\n\n#number {\nwidth: 35px!important;\nheight: 35px!important;\nborder: 3px solid #DBE9EE!important;\nmargin-left: -4px;\nmargin-top: -6px;\n}\n\n#number_feature {\nmargin-left: 50px!important;\n}\n\n.button_footer_right_360{\nwidth: 85%!important;\n}\n\n\n.qq2{\nmargin-left: -20px!important;\nmargin-top: -102px!important;\n    padding-bottom: 260px!important;\n\n}\n\n.wpb_content_element  .wpb_wrapper .qq3{\nmargin-left:-20px!important;\npadding-top: 70px!important;\npadding-bottom: 70px!important;\nbackground-image:none!important;\n}\n\n.wpb_content_element  .wpb_wrapper .qq54{\npadding-bottom: 50px!important;\n}\n\n\n\n\n#mobg{\nbackground-image:none!important;\n}\n\n\n.image_carousel{\nwidth: 100%!important;\n    max-width: 100%!important;\n    position: absolute!important;\n    margin-top: 430px!important;\n    margin-left: -20px!important;\n    z-index: 3;\n}\n}\n\n<\/style>-->\n\t\t<\/div> \n\t<\/div> <\/div>\n\n","protected":false},"excerpt":{"rendered":"","protected":false},"author":10,"featured_media":0,"parent":0,"menu_order":0,"comment_status":"closed","ping_status":"closed","template":"","meta":{"inline_featured_image":false,"footnotes":""},"class_list":["post-4711","page","type-page","status-publish","hentry"],"_links":{"self":[{"href":"https:\/\/wippress.contagt.com\/de\/wp-json\/wp\/v2\/pages\/4711","targetHints":{"allow":["GET"]}}],"collection":[{"href":"https:\/\/wippress.contagt.com\/de\/wp-json\/wp\/v2\/pages"}],"about":[{"href":"https:\/\/wippress.contagt.com\/de\/wp-json\/wp\/v2\/types\/page"}],"author":[{"embeddable":true,"href":"https:\/\/wippress.contagt.com\/de\/wp-json\/wp\/v2\/users\/10"}],"replies":[{"embeddable":true,"href":"https:\/\/wippress.contagt.com\/de\/wp-json\/wp\/v2\/comments?post=4711"}],"version-history":[{"count":263,"href":"https:\/\/wippress.contagt.com\/de\/wp-json\/wp\/v2\/pages\/4711\/revisions"}],"predecessor-version":[{"id":8700,"href":"https:\/\/wippress.contagt.com\/de\/wp-json\/wp\/v2\/pages\/4711\/revisions\/8700"}],"wp:attachment":[{"href":"https:\/\/wippress.contagt.com\/de\/wp-json\/wp\/v2\/media?parent=4711"}],"curies":[{"name":"wp","href":"https:\/\/api.w.org\/{rel}","templated":true}]}}