{"id":24,"date":"2013-09-10T11:53:06","date_gmt":"2013-09-10T09:53:06","guid":{"rendered":"http:\/\/wp.contagt.com\/?page_id=24"},"modified":"2022-10-24T13:29:36","modified_gmt":"2022-10-24T11:29:36","slug":"datenschutz","status":"publish","type":"page","link":"https:\/\/wippress.contagt.com\/de\/datenschutz\/","title":{"rendered":"Datenschutz"},"content":{"rendered":"<section id=\"verantwortlich\">\n<h3>Verantwortlich f\u00fcr die Datenerhebung auf diesen Webseiten ist:<\/h3>\n<p>contagt GmbH<br \/>\nvertreten durch die Gesch\u00e4ftsf\u00fchrer Stephan Brandt und Johannes Britsch<br \/>\nLangstra\u00dfe 83<br \/>\n68169 Mannheim<\/p>\n<p>Tel.: <a href=\"tel:+4962182039965\">+49 621 82039965<\/a><br \/>\nE-Mail: <span style=\"color: #0b7293;\"><span style=\"color: #0b7293;\"><a href=\"mailto:datenschutz@contagt.com\">datenschutz@contagt.com<\/a><\/span><\/span><\/p>\n<\/section>\n<section id=\"erhebung\">\n<h3>1. Erhebung und Verarbeitung von Daten<\/h3>\n<p>Wir erheben und verarbeiten personenbezogene Daten, sofern Sie uns diese bei Kontaktaufnahme oder \u00fcber ein Eingabeformular auf unserer Webseite zur Verf\u00fcgung stellen. Au\u00dferdem erheben und verarbeiten wir Daten, die bei Ihrer Nutzung unserer Webseite anfallen. Die Verarbeitung Ihrer Daten erfolgt nach Ma\u00dfgabe der Bestimmungen der EU-Datenschutzgrundverordnung (DS-GVO), des Bundesdatenschutzgesetzes und des Telemediengesetzes. Personenbezogene Daten sind alle Informationen, die sich auf eine identifizierte oder identifizierbare nat\u00fcrliche Person beziehen. Im Folgenden erkl\u00e4ren wir Ihnen im Einzelnen, wie wir welche Daten auf welcher Rechtsgrundlage erheben. Dar\u00fcber hinaus erl\u00e4utern wir Ihnen, welche Rechte Sie haben und wie lange Ihre Daten gespeichert werden.<\/p>\n<\/section>\n<section id=\"kontaktaufnahme\">\n<h3>2. Verarbeitung Ihrer personenbezogenen Daten bei Kontaktaufnahme oder bei Bewerbung auf eine Stelle bei uns<\/h3>\n<p>(1) Wenn Sie uns personenbezogene Daten durch Kontaktaufnahme zur Verf\u00fcgung stellen, z.B. per E-Mail oder durch Eingabe Ihrer Daten in unser Kontaktformular, verarbeiten wir Ihre Daten gem\u00e4\u00df Art. 6 Abs. 1 S. 1 b) DS-GVO zum Zwecke der Vertragserf\u00fcllung oder zur Durchf\u00fchrung vorvertraglicher Ma\u00dfnahmen, die auf Ihre Anfrage erfolgen oder gem\u00e4\u00df Art. 6 Abs. 1 S. 1 f) DS-GVO aufgrund unseres berechtigten Interesses an der Beantwortung Ihrer Anfrage.<\/p>\n<p>(2) Sofern Sie uns Ihre Daten und Bewerbungsunterlagen zukommen lassen, verarbeiten wir Ihre personenbezogenen Daten auf Grundlage von \u00a7 26 BDSG. Danach ist die Verarbeitung der Daten zul\u00e4ssig, die im Zusammenhang mit der Entscheidung \u00fcber die Begr\u00fcndung eines Besch\u00e4ftigungsverh\u00e4ltnisses erforderlich sind. Sollten die Daten nach Abschluss des Bewerbungsverfahrens ggf. zur Rechtsverfolgung erforderlich sein, kann eine Datenverarbeitung auf Basis der Voraussetzungen von Art. 6 DS-GVO, insbesondere zur Wahrnehmung von berechtigten Interessen nach Art. 6 Abs. 1 S. 1 f) DS-GVO erfolgen. Unser Interesse besteht dann in der Geltendmachung oder Abwehr von Anspr\u00fcchen. Im Falle einer Absage werden Ihre Daten nach 6 Monaten gel\u00f6scht.<\/p>\n<\/section>\n<section id=\"kundenbackend\">\n<h3>3. Verarbeitung personenbezogener Daten f\u00fcr das und im Kundenbackend<\/h3>\n<p>Wir bieten auf unserer Webseite das Backend (my.contagt.com und editor.contagt.com) an, mit dem unsere Kunden die Daten ihres Geb\u00e4udes pflegen k\u00f6nnen. Hierzu legen wir f\u00fcr die E-Mail-Adresse, die wir vom Kunden erhalten haben, einen Log-In an, bei dem eine User-Name\/Passwort-Kombination gespeichert ist. Diese Daten verarbeiten wir f\u00fcr die Zwecke der Durchf\u00fchrung des Vertragsverh\u00e4ltnisses mit unserem Kunden und damit auf Grundlage des Art. 6 Abs. 1 S. 1 b) DS-GVO. F\u00fcr personenbezogene Daten, die der Kunde in das Backend hochl\u00e4dt, ist allein der Kunde verantwortlich. Wir sind durch einen Auftragsverarbeitungsvertrag an die Weisungen unserer Kunden bzgl. dieser Verarbeitung personenbezogener Daten gebunden.<\/p>\n<\/section>\n<section id=\"newsletter\">\n<h3>4. Einwilligung in den Erhalt unseres Newsletters; Widerrufsrecht<\/h3>\n<p>Wenn Sie sich f\u00fcr unseren Newsletter registrieren, verarbeiten wir Ihre E-Mail-Adresse mit Ihrer Einwilligung ausschlie\u00dflich zum Zweck der Versendung des Newsletters. Zus\u00e4tzlich speichern wir Ihre IP-Adresse, um Ihre Einwilligung nachweisen zu k\u00f6nnen. Sie erhalten nach \u00dcbermittlung Ihrer E-Mail-Adresse eine Best\u00e4tigungs-E-Mail, in der Sie einen Link anklicken m\u00fcssen, um den Newsletter wirklich zu erhalten. Diese Best\u00e4tigungs-E-Mail ist notwendig, damit wir Sie als Inhaber der eingegebenen E-Mail-Adresse verifizieren k\u00f6nnen. Nur nach Klick auf diesen Link wird Ihr Newsletter-Abo wirksam.<\/p>\n<p>Mit dem Newsletter erhalten Sie Informationen zur contagt-Indoor-Navigation (aktuelle Angebote, Aktionen und Events).<\/p>\n<p>Am Schluss jeder Newsletter-Mail finden Sie einen Link, \u00fcber den Sie den Newsletter jederzeit abbestellen k\u00f6nnen. Sie k\u00f6nnen den Newsletter auch jederzeit abbestellen, indem Sie uns per E-Mail an <span style=\"color: #0b7293;\"><span style=\"color: #0b7293;\"><a href=\"mailto:newsletter@contagt.com\">newsletter@contagt.com<\/a><\/span><\/span> kontaktieren. Der Widerruf Ihrer Einwilligung durch das Abbestellen des Newsletters hat keine Auswirkung auf die Rechtm\u00e4\u00dfigkeit der Datenverarbeitung bis zum Zeitpunkt des Widerrufs. Sofern Sie den Newsletter abbestellen, werden die von uns zum Zweck des Versendens des Newsletters gespeicherten Daten gel\u00f6scht, es sei denn die L\u00f6schung widerspricht datenschutzrechtlichen Aufbewahrungspflichten.<\/p>\n<p>Wenn Sie Ihre Registrierung f\u00fcr das Newsletter-Abo nicht innerhalb von 24 Stunden best\u00e4tigen (siehe oben), werden Ihre Daten gel\u00f6scht. Sie k\u00f6nnen den Best\u00e4tigungs-Link dann nicht mehr nutzen, sondern m\u00fcssen Ihre Daten f\u00fcr ein Newsletter-Abo erneut eingeben.<\/p>\n<\/section>\n<section id=\"cookies\">\n<h3>5. Verarbeitung von Daten mittels Cookies und Logfiles<\/h3>\n<p>Unsere Website verwendet auf Grundlage von Art. 6 Abs. 1 S. 1 f) DS-GVO sogenannte Cookies, um Ihnen bestimmte Funktionen der Webseite erm\u00f6glichen, aber auch, um die Benutzung der Website durch Sie analysieren zu k\u00f6nnen. Ein Cookie ist eine Datei, die auf dem Zugriffsger\u00e4t der Nutzer (PC, Tablet, Smartphone etc.) bestimmte Informationen speichert. Wird unsere Website von dem entsprechenden Ger\u00e4t des Nutzers aufgerufen, kann der Server unserer Website die im Cookie gespeicherten Informationen auf verschiedene Arten auswerten. Durch Cookies k\u00f6nnen statistische Daten der Websitenutzung erfasst werden.<\/p>\n<p>\u00dcber die Einstellungen in Ihrem Browser k\u00f6nnen Sie Cookies zulassen oder deaktivieren. Bitte nehmen Sie au\u00dferdem die Hinweise in Ziffer 6 dieser Datenschutzerkl\u00e4rung zur Kenntnis.<\/p>\n<p>Unsere Website verwendet auf Grundlage von Art. 6 Abs. 1 S. 1 f) DS-GVO au\u00dferdem sog. Logfiles, in denen bei jedem Seitenaufruf Zugriffsdaten gespeichert werden. Der dabei gespeicherte Datensatz enth\u00e4lt die folgenden Daten: Namen der aufgerufenen Seiten, des verwendeten Browsers, des Betriebssystems und der anfragenden Domain, Datum sowie Uhrzeit des Zugangs, verwendete Suchmaschinen und Namen der heruntergeladenen Dateien.<\/p>\n<p>Die Protokolldaten (Logs) verwenden wir anonymisiert, also ohne Zuordnung oder Hinweise auf Ihre Person, f\u00fcr statistische Auswertungen, um z.B. zu erfahren, an welchen Tagen und zu welchen Uhrzeiten die Angebote unserer Webseiten besonders beliebt sind und wie viel Datenvolumen auf unseren Webseiten erzeugt wird. Zudem erm\u00f6glichen uns die Log-Dateien gegebenenfalls Fehler zu erkennen, z.B. fehlerhafte Links oder Programmfehler. So k\u00f6nnen wir die Log-Dateien f\u00fcr die Weiterentwicklung unserer Webseiten verwenden. Wir verkn\u00fcpfen die im Server-Log gespeicherten Seitenabrufe und Nutzungen zu keiner Zeit mit einzelnen Personen. Diese Daten werden nach sp\u00e4testens 60 Tagen gel\u00f6scht. Wir behalten uns eine Nutzung von Daten aus Log-Dateien vor, wenn aufgrund bestimmter Tatsachen der Verdacht besteht, dass Nutzer unsere Webseiten und\/oder unserer Dienste gesetz- oder vertragswidrig nutzen. Bei einem solchen Verdacht m\u00fcssen wir ggf. auch vor\u00fcbergehend IP-Adressen speichern, die wir jedoch umgehend l\u00f6schen, sofern wir diese nicht mehr ben\u00f6tigen. Wir haben an der vor\u00fcbergehenden Speicherung wegen des Schutzes unserer Webseite gegen Angriffe und Missbrauch ein berechtigtes Interesse.<\/p>\n<\/section>\n<section id=\"verschluesselung\">\n<h3>6.\u00a0Verschl\u00fcsselung<\/h3>\n<p>Sofern Sie auf unserer Webseite personenbezogenen Daten eingeben k\u00f6nnen, werden diese mittels SSL-Verschl\u00fcsselung \u00fcber das Internet \u00fcbertragen. Wir sichern unsere Webseite und sonstigen Systeme durch technische und organisatorische Ma\u00dfnahmen gegen Verlust, Zerst\u00f6rung, Zugriff, Ver\u00e4nderung oder Verbreitung Ihrer Daten durch unbefugte Personen.<\/p>\n<\/section>\n<section id=\"empfaenger\">\n<h3>7. Kategorien von Empf\u00e4ngern von Daten<\/h3>\n<p>Von uns im Zusammenhang mit der Webseite eingesetzte Dienstleister und Erf\u00fcllungsgehilfen, z.B. Host Provider, Agenturen und IT-Dienstleister, k\u00f6nnen Zugriff auf Ihre personenbezogenen Daten haben. Soweit diese Dienstleister und Erf\u00fcllungsgehilfen in unserem Auftrag t\u00e4tig sind, handeln sie jedoch nur weisungsgebunden und werden von uns entsprechend vertraglich verpflichtet.<\/p>\n<\/section>\n<section id=\"rechte\">\n<h3>8. Ihre Rechte<\/h3>\n<p>Sie haben gem. Art 15 DS-GVO das Recht, auf Antrag unentgeltlich Auskunft zu erhalten \u00fcber die personenbezogenen Daten, die \u00fcber Sie gespeichert wurden. Sie haben zudem gem. Art. 16, 17 und 18 DS-GVO das Recht auf Berichtigung unrichtiger Daten sowie Sperrung und L\u00f6schung Ihrer personenbezogenen Daten. Sie sind unter den in Art. 20 DS-GVO bestimmten Voraussetzungen au\u00dferdem berechtigt, die Sie betreffenden personenbezogenen Daten, die gespeichert wurden, in einem strukturierten, g\u00e4ngigen und maschinenlesbaren Format zu erhalten und diese Daten einem anderen Verantwortlichen ohne Behinderung durch uns zu \u00fcbermitteln.<\/p>\n<p>Au\u00dferdem sind Sie gem. Art. 21 Abs. 1 DS-GVO berechtigt, gegen die Verarbeitung Sie betreffender personenbezogener Daten, die aufgrund von Art. 6 Abs. 1 S. 1 e) oder f) DS-GVO erfolgt, einschlie\u00dflich Profiling, aus Gr\u00fcnden, die sich aus Ihrer besonderen Situation ergeben, Widerspruch einzulegen. Wenn Ihre personenbezogenen Daten f\u00fcr Zwecke der Direktwerbung verarbeitet, haben Sie gem\u00e4\u00df Art. 21 Abs. 2 DS-GVO jederzeit das Recht der Verarbeitung Ihrer Daten f\u00fcr derartige Werbung, einschlie\u00dflich Profiling, soweit es mit solcher Direktwerbung in Verbindung steht, zu widersprechen.<\/p>\n<p>Wir werden Ihre vorgenannten Rechte erf\u00fcllen, soweit die gesetzlichen Voraussetzungen f\u00fcr die Geltendmachung der Rechte gegeben sind.<\/p>\n<p>Jegliche Ersuchen zu Ihren personenbezogenen Daten richten Sie bitte an die zu Beginn dieser Datenschutzerkl\u00e4rung, aber auch im Impressum unserer Webseite angegebenen Kontaktdaten.<\/p>\n<p>Jeder Betroffene hat au\u00dferdem das Recht, bei einer Datenschutzaufsichtsbeh\u00f6rde eine Beschwerde \u00fcber die Verarbeitung von Daten durch uns einzulegen.<\/p>\n<\/section>\n<section id=\"dauer\">\n<h3>9. Dauer der Speicherung und routinem\u00e4\u00dfige L\u00f6schung<\/h3>\n<p>Sofern in dieser Datenschutzerkl\u00e4rung nicht ausdr\u00fccklich angegeben, verarbeiten und speichern wir personenbezogene Daten nur f\u00fcr den Zeitraum, der zur Erreichung des Verarbeitungszwecks erforderlich ist oder sofern dies in Gesetzen oder Vorschriften, welchen wir unterliegen, vorgesehen wurde.<\/p>\n<p>Entf\u00e4llt der Speicherungszweck oder l\u00e4uft eine gesetzlich vorgeschriebene Speicherfrist ab, werden die personenbezogenen Daten routinem\u00e4\u00dfig und entsprechend den gesetzlichen Vorschriften gesperrt oder gel\u00f6scht.<\/p>\n<\/section>\n","protected":false},"excerpt":{"rendered":"<p>Verantwortlich f\u00fcr die Datenerhebung auf diesen Webseiten ist: contagt GmbH vertreten durch die Gesch\u00e4ftsf\u00fchrer Stephan Brandt und Johannes Britsch Langstra\u00dfe 83 68169 Mannheim Tel.: +49 621 82039965 E-Mail: datenschutz@contagt.com 1. Erhebung und Verarbeitung von Daten Wir erheben und verarbeiten personenbezogene Daten, sofern Sie uns diese bei Kontaktaufnahme oder \u00fcber ein Eingabeformular auf unserer Webseite zur Verf\u00fcgung stellen. Au\u00dferdem erheben und [&hellip;]<\/p>\n","protected":false},"author":10,"featured_media":0,"parent":0,"menu_order":0,"comment_status":"open","ping_status":"open","template":"","meta":{"inline_featured_image":false,"footnotes":""},"class_list":["post-24","page","type-page","status-publish","hentry"],"_links":{"self":[{"href":"https:\/\/wippress.contagt.com\/de\/wp-json\/wp\/v2\/pages\/24","targetHints":{"allow":["GET"]}}],"collection":[{"href":"https:\/\/wippress.contagt.com\/de\/wp-json\/wp\/v2\/pages"}],"about":[{"href":"https:\/\/wippress.contagt.com\/de\/wp-json\/wp\/v2\/types\/page"}],"author":[{"embeddable":true,"href":"https:\/\/wippress.contagt.com\/de\/wp-json\/wp\/v2\/users\/10"}],"replies":[{"embeddable":true,"href":"https:\/\/wippress.contagt.com\/de\/wp-json\/wp\/v2\/comments?post=24"}],"version-history":[{"count":73,"href":"https:\/\/wippress.contagt.com\/de\/wp-json\/wp\/v2\/pages\/24\/revisions"}],"predecessor-version":[{"id":6988,"href":"https:\/\/wippress.contagt.com\/de\/wp-json\/wp\/v2\/pages\/24\/revisions\/6988"}],"wp:attachment":[{"href":"https:\/\/wippress.contagt.com\/de\/wp-json\/wp\/v2\/media?parent=24"}],"curies":[{"name":"wp","href":"https:\/\/api.w.org\/{rel}","templated":true}]}}