{"id":14,"date":"2013-09-10T11:52:01","date_gmt":"2013-09-10T09:52:01","guid":{"rendered":"http:\/\/wp.contagt.com\/?page_id=14"},"modified":"2023-02-28T11:01:52","modified_gmt":"2023-02-28T09:01:52","slug":"ueber-uns","status":"publish","type":"page","link":"https:\/\/wippress.contagt.com\/de\/ueber-uns\/","title":{"rendered":"\u00dcber uns"},"content":{"rendered":"<div class=\"row\">\n\t<div class=\"wpb_content_element span12 wpb_raw_html\">\n\t\t<div class=\"wpb_wrapper\">\n\t\t\t<script src=\" https:\/\/cdn.jsdelivr.net\/npm\/@splidejs\/splide@4.1.4\/dist\/js\/splide.min.js \"><\/script>\n<link href=\" https:\/\/cdn.jsdelivr.net\/npm\/@splidejs\/splide@4.1.4\/dist\/css\/splide.min.css \" rel=\"stylesheet\">\n\n\t\t<\/div> \n\t<\/div> <\/div>\n <div class=\"row\">\n\t<div class=\"full-width-text wpb_content_element span12 header_background about_us wpb_text_column\">\n\t\t<div class=\"wpb_wrapper clearfix\">\n\t\t\t\n<h2 style=\"text-align: center;\">Unser Leitbild<\/h2>\n<p style=\"text-align: center;\">Sich in einer fremden Umgebung zurechtzufinden sollte so einfach sein wie m\u00f6glich.\u00a0Wir sind \u00fcberzeugt:\u00a0Eine App-Anbindung in Geb\u00e4uden (\u201ctagging\u201d) hilft dabei, dass sich G\u00e4ste schneller wohl f\u00fchlen\u00a0und Geb\u00e4udebetreiber effizienter arbeiten k\u00f6nnen. Das ist das Ziel von contagt.<\/p>\n<div class=\"hr-divider\">\n<hr class=\"standard_hr\" \/>\n<\/div>\n<h1 style=\"text-align: center;\">Die smarteste Art, Besucher zu empfangen und Geb\u00e4ude zu managen.<\/h1>\n<div class=\"hr-divider\">\n<hr class=\"standard_hr\" \/>\n<\/div>\n<p style=\"text-align: center;\">contagt stellt Software her, die das Indoor-Erlebnis neu definiert. Wir l\u00f6sen Probleme in Geb\u00e4uden auf innovative Weise und wollen Nutzer zum Staunen bringen. Als Ausgr\u00fcndung der Universit\u00e4t Mannheim liegt Forscherdrang in unserer DNA. Wir sind ein junges Team mit einem starken Industrie-Hintergrund (IBM, NTT Data, Amadeus usw.) &#8211; und mit einer ausgepr\u00e4gten Liebe f\u00fcr App-Entwicklung, Usability und Datenschutz.<\/p>\n\n\t\t<\/div> \n\t<\/div> <\/div>\n <div class=\"row\">\n\t<div class=\"full-width-text wpb_content_element span12 partner_clients_segment less_padding wpb_text_column\">\n\t\t<div class=\"wpb_wrapper clearfix\">\n\t\t\t\n<section class=\"splide\" aria-label=\"Splide Partner Logo Carousel\">\n<div class=\"splide__track\">\n<ul class=\"splide__list\">\n<li class=\"splide__slide\"><img decoding=\"async\" src=\"https:\/\/wippress.contagt.com\/wp-content\/uploads\/2015\/01\/hochschule-mannheim.png\" alt=\"Mannhiem Hochschule logo\" \/><\/li>\n<li class=\"splide__slide\"><img decoding=\"async\" src=\"https:\/\/wippress.contagt.com\/wp-content\/uploads\/2015\/01\/mcon.png\" alt=\"m:con logo\" \/><\/li>\n<li class=\"splide__slide\"><img decoding=\"async\" src=\"https:\/\/wippress.contagt.com\/wp-content\/uploads\/2023\/02\/partnerport-1.png\" alt=\"Partner port logo\" \/><\/li>\n<li class=\"splide__slide\"><img decoding=\"async\" src=\"https:\/\/wippress.contagt.com\/wp-content\/uploads\/2023\/02\/init.png\" alt=\"init logo\" \/><\/li>\n<li class=\"splide__slide\"><img decoding=\"async\" src=\"https:\/\/wippress.contagt.com\/wp-content\/uploads\/2015\/01\/MPB.png\" alt=\"MPB logo\" \/><\/li>\n<\/ul>\n<\/div>\n<\/section>\n\n\t\t<\/div> \n\t<\/div> <\/div>\n\n<div class=\"row\">\n\t<div class=\"full-width-text wpb_content_element span12 our_team_segment wpb_text_column\">\n\t\t<div class=\"wpb_wrapper clearfix\">\n\t\t\t\n<div class=\"row\">\n\t<div class=\"wpb_content_element span6 wpb_text_column\">\n\t\t<div class=\"wpb_wrapper clearfix\">\n\t\t\t\n<h2 class=\"big_header\">Unser Team<\/h2>\n<div class=\"hr-divider-left\">\n<hr class=\"standard_hr\" \/>\n<\/div>\n<p>Lorem ipsum dolor sit amet, consetetur sadipscing elitr, sed diam nonumy eirmod tempor invidunt ut labore et dolore magna aliquyam erat, sed diam voluptua. At vero eos et accusam et justo duo dolores et ea rebum. Stet clita kasd gubergren, no sea takimata sanctus est Lorem ipsum dolor sit amet.<\/p>\n\n\t\t<\/div> \n\t<\/div> \n\t<div class=\"wpb_content_element span6 wpb_text_column\">\n\t\t<div class=\"wpb_wrapper clearfix\">\n\t\t\t\n<img decoding=\"async\" src=\"https:\/\/wippress.contagt.com\/wp-content\/uploads\/2023\/02\/contagt-team.jpg\" alt=\"contagt-team\" \/><br \/>\n\n\t\t<\/div> \n\t<\/div> <\/div>\n\n\t\t<\/div> \n\t<\/div> <\/div>\n\n<div class=\"row\">\n\t<div class=\"full-width-text wpb_content_element span12 our_advisors_segment wpb_text_column\">\n\t\t<div class=\"wpb_wrapper clearfix\">\n\t\t\t\n<div class=\"row\">\n\t<div class=\"wpb_content_element span12 wpb_text_column\">\n\t\t<div class=\"wpb_wrapper clearfix\">\n\t\t\t\n<h2 style=\"text-align: center;\">Advisory Board<\/h2>\n\n\t\t<\/div> \n\t<\/div> <\/div>\n <div class=\"row\">\n\t<div class=\"wpb_content_element span6 advisory-board wpb_text_column\">\n\t\t<div class=\"wpb_wrapper clearfix\">\n\t\t\t\n<div class=\"advisory-board-container\">\n<div class=\"advisory-board-member\">\n<p><img loading=\"lazy\" decoding=\"async\" class=\"size-full wp-image-1076 alignnone\" src=\"\/\/contagt.com\/wp-content\/uploads\/2015\/01\/alexander@2x.jpg\" alt=\"alexander@2x\" width=\"250\" height=\"250\" srcset=\"https:\/\/wippress.contagt.com\/wp-content\/uploads\/2015\/01\/alexander@2x.jpg 250w, https:\/\/wippress.contagt.com\/wp-content\/uploads\/2015\/01\/alexander@2x-150x150.jpg 150w\" sizes=\"auto, (max-width: 250px) 100vw, 250px\" \/><\/p>\n<div class=\"advisory-board-member-name\">\n<h3>Alexander Schw\u00f6rer<\/h3>\n<h4>Gesch\u00e4ftsf\u00fchrung PERI GmbH<\/h4>\n<\/div>\n<\/div>\n<p class=\"advisory-board-member-description\">Als Gesch\u00e4ftsf\u00fchrer Marketing und Vertrieb der PERI Gruppe ist Alexander ein absoluter Insider in der Bau- und Geb\u00e4udeindustrie. Er unterst\u00fctzt uns bei der Ausrichtung am Markt und ist f\u00fcr Feedback und neue Ideen stets zu haben.<\/p>\n<\/div>\n\n\t\t<\/div> \n\t<\/div>  \n\t<div class=\"wpb_content_element span6 advisory-board wpb_text_column\">\n\t\t<div class=\"wpb_wrapper clearfix\">\n\t\t\t\n<div class=\"advisory-board-container\">\n<div class=\"advisory-board-member\">\n<p><img loading=\"lazy\" decoding=\"async\" class=\"size-full wp-image-1078 alignnone\" src=\"\/\/contagt.com\/wp-content\/uploads\/2015\/01\/martin@2x.jpg\" alt=\"martin@2x\" width=\"250\" height=\"250\" srcset=\"https:\/\/wippress.contagt.com\/wp-content\/uploads\/2015\/01\/martin@2x.jpg 250w, https:\/\/wippress.contagt.com\/wp-content\/uploads\/2015\/01\/martin@2x-150x150.jpg 150w\" sizes=\"auto, (max-width: 250px) 100vw, 250px\" \/><\/p>\n<div class=\"advisory-board-member-name\">\n<h3>Martin Hubschneider<\/h3>\n<h4>Vorstandsvorsitzender CAS Software AG<\/h4>\n<\/div>\n<\/div>\n<p class=\"advisory-board-member-description\">Von Martin &#8211; selbst Gr\u00fcnder eines erfolgreichen Software-Hauses und Vorstand des Bundesverband IT-Mittelstand e.V. &#8211; k\u00f6nnen wir unheimlich viel lernen. <span style=\"line-height: 1.5em;\">Seinem Credo &#8222;Customer Centricity&#8220; haben wir uns voll und ganz verschrieben.<\/span><\/p>\n<\/div>\n\n\t\t<\/div> \n\t<\/div> <\/div>\n\n\t\t<\/div> \n\t<\/div> <\/div>\n\n<div class=\"row\"><div class=\"wpb_impact_text wpb_content_element clearfix alt-bg alt-one span12 cta_align_bottom mt0 no-arrow\">\n<div class=\"impact-text-wrap clearfix\">\n<div class=\"wpb_call_text\">\n<p class=\"impact-text\">Auf der Suche nach einem spannenden Job?\u00a0Wir freuen uns auf Deine Mail!<\/p>\n<\/div>\n<a class=\"wpb_button sf-button normal accent roundedarrow\" href=\"https:\/\/contagt.com\/jobs\/\" target=\"_self\"><span>Freie Stellen ansehen<\/span><span class=\"arrow\"><\/span><\/a>\n<\/div>\n<\/div> \n<\/div>\n\n<div class=\"row\">\n\t<div class=\"full-width-text wpb_content_element span12 our_network_segment wpb_text_column\">\n\t\t<div class=\"wpb_wrapper clearfix\">\n\t\t\t\n<div class=\"row\">\n\t<div class=\"wpb_content_element span6 wpb_text_column\">\n\t\t<div class=\"wpb_wrapper clearfix\">\n\t\t\t\n<img decoding=\"async\" src=\"https:\/\/wippress.contagt.com\/wp-content\/uploads\/2023\/02\/contagt-schild.jpg\" alt=\"contagt-netz\" \/><br \/>\n\n\t\t<\/div> \n\t<\/div> \n\t<div class=\"wpb_content_element span6 wpb_text_column\">\n\t\t<div class=\"wpb_wrapper clearfix\">\n\t\t\t\n<h2 class=\"big_header\">Unser Netzwerk<\/h2>\n<div class=\"hr-divider-left\">\n<hr class=\"standard_hr\" \/>\n<\/div>\n<p>Lorem ipsum dolor sit amet, consetetur sadipscing elitr, sed diam nonumy eirmod tempor invidunt ut labore et dolore magna aliquyam erat, sed diam voluptua. At vero eos et accusam et justo duo dolores et ea rebum. Stet clita kasd gubergren, no sea takimata sanctus est Lorem ipsum dolor sit amet.<\/p>\n\n\t\t<\/div> \n\t<\/div> <\/div>\n\n\t\t<\/div> \n\t<\/div> <\/div>\n <div class=\"row\">\n\t<div class=\"full-width-text wpb_content_element span12 our_engagement_segment wpb_text_column\">\n\t\t<div class=\"wpb_wrapper clearfix\">\n\t\t\t\n<div class=\"row\">\n\t<div class=\"wpb_content_element span6 wpb_text_column\">\n\t\t<div class=\"wpb_wrapper clearfix\">\n\t\t\t\n<h2 class=\"big_header\">Unser Engagement<\/h2>\n<div class=\"hr-divider-left\">\n<hr class=\"standard_hr\" \/>\n<\/div>\n<p>Lorem ipsum dolor sit amet, consetetur sadipscing elitr, sed diam nonumy eirmod tempor invidunt ut labore et dolore magna aliquyam erat, sed diam voluptua. At vero eos et accusam et justo duo dolores et ea rebum. Stet clita kasd gubergren, no sea takimata sanctus est Lorem ipsum dolor sit amet.<\/p>\n\n\t\t<\/div> \n\t<\/div> \n\t<div class=\"wpb_content_element span6 wpb_text_column\">\n\t\t<div class=\"wpb_wrapper clearfix\">\n\t\t\t\n<img decoding=\"async\" src=\"https:\/\/wippress.contagt.com\/wp-content\/uploads\/2023\/02\/scblumenau.jpg\" alt=\"contagt-engagement\" \/><br \/>\n\n\t\t<\/div> \n\t<\/div> <\/div>\n\n\t\t<\/div> \n\t<\/div> <\/div>\n\n<div class=\"row\">\n\t<div class=\"full-width-text wpb_content_element span12 our_city_segment image_as_background wpb_text_column\">\n\t\t<div class=\"wpb_wrapper clearfix\">\n\t\t\t\n<h2 class=\"city-header\">Unser Standort<\/h2>\n<h2 class=\"city-header-big\">Mannheim<\/h2>\n<h2 class=\"city-header-big\">Neckerstadt City \ud83d\ude09<\/h2>\n\n\t\t<\/div> \n\t<\/div> <\/div>\n\n<div class=\"row\">\n\t<div class=\"full-width-text wpb_content_element span12 our_distinctions_segment wpb_text_column\">\n\t\t<div class=\"wpb_wrapper clearfix\">\n\t\t\t <div class=\"row\">\n\t<div class=\"wpb_content_element span12 wpb_text_column\">\n\t\t<div class=\"wpb_wrapper clearfix\">\n\t\t\t\n<h2 class=\"big_header\" style=\"text-align: center;\">Auszeichnungen<\/h2>\n\n\t\t<\/div> \n\t<\/div> <\/div>\n<div class=\"row\">\n\t<div class=\"wpb_content_element span4 auszeichnungen wpb_text_column\">\n\t\t<div class=\"wpb_wrapper clearfix\">\n\t\t\t\n<p style=\"text-align: center;\"><img loading=\"lazy\" decoding=\"async\" class=\"aligncenter size-full wp-image-1192\" src=\"https:\/\/wippress.contagt.com\/wp-content\/uploads\/2023\/02\/DSC05746.jpg\" alt=\"bfb produkt des jahres 2022\" width=\"300\" height=\"300\" \/><\/p>\n<h3 style=\"text-align: center;\">Barrierefreien Produkt des Jahres 2022<\/h3>\n<p style=\"text-align: center;\">Sieger 2022<\/p>\n<p style=\"text-align: center; font-size: 16px;\">&#8222;Das digitale Leit- und Informationssystem von contagt macht Geb\u00e4ude und Gel\u00e4nde f\u00fcr alle zug\u00e4nglich.&#8220; (<a href=\"www.bfb-barrierefrei-bauen.de\/digitale-wegeleitung.\">bfb &#8211; barrierefreie bauen<\/a>)<\/p>\n\n\t\t<\/div> \n\t<\/div>  \n\t<div class=\"wpb_content_element span4 auszeichnungen wpb_text_column\">\n\t\t<div class=\"wpb_wrapper clearfix\">\n\t\t\t\n<p style=\"text-align: center;\"><img loading=\"lazy\" decoding=\"async\" class=\"aligncenter size-full wp-image-1058\" src=\"https:\/\/wippress.contagt.com\/wp-content\/uploads\/2021\/11\/fairdigital.svg\" alt=\"fair-digital\" width=\"300\" height=\"300\" \/><\/p>\n<h3 style=\"text-align: center;\">fair.digital zertifiziert<\/h3>\n<p style=\"text-align: center;\">Mit G\u00fctesigel ausgezeichnet<\/p>\n<p style=\"text-align: center; font-size: 16px;\">&#8222;Bio-Siegel f\u00fcr digitale Produkte&#8220; (Martin Hubschneider, Gr\u00fcnder CAS und Vorsitzender der Initiative InnovationFestival @karlsruhe.digital)<\/p>\n\n\t\t<\/div> \n\t<\/div>  \n\t<div class=\"wpb_content_element span4 auszeichnungen wpb_text_column\">\n\t\t<div class=\"wpb_wrapper clearfix\">\n\t\t\t\n<p style=\"text-align: center;\"><img decoding=\"async\" class=\"aligncenter size-full wp-image-1192\" src=\"https:\/\/wippress.contagt.com\/wp-content\/uploads\/2023\/02\/teilhabepreis.jpg\" alt=\"bundesteilhabepreis\" width=\"300\" style=\"height:75px!important; padding: 37.5px 0;\"\/><\/p>\n<h3 style=\"text-align: center;\">Bundesteilhabepreis<\/h3>\n<p style=\"text-align: center;\">Sieger 2020<\/p>\n<p style=\"text-align: center; font-size: 16px;\">&#8222;Die contagt GmbH hat technischen und sozialen Fortschritt vereint.&#8220; (Hubertus Heil, Bundesminister f\u00fcr Arbeit und Soziales)<\/p>\n\n\t\t<\/div> \n\t<\/div> <\/div>\n\n<div class=\"row\">\n\t<div class=\"wpb_content_element span4 auszeichnungen wpb_text_column\">\n\t\t<div class=\"wpb_wrapper clearfix\">\n\t\t\t\n<p style=\"text-align: center;\"><img loading=\"lazy\" decoding=\"async\" class=\"aligncenter size-full wp-image-1192\" src=\"\/\/contagt.com\/wp-content\/uploads\/2015\/02\/mexipreis@2x.png\" alt=\"mexipreis@2x\" width=\"300\" height=\"300\" srcset=\"https:\/\/wippress.contagt.com\/wp-content\/uploads\/2015\/02\/mexipreis@2x.png 300w, https:\/\/wippress.contagt.com\/wp-content\/uploads\/2015\/02\/mexipreis@2x-150x150.png 150w\" sizes=\"auto, (max-width: 300px) 100vw, 300px\" \/><\/p>\n<h3 style=\"text-align: center;\">MEXI Existenzgr\u00fcnderpreis<\/h3>\n<p style=\"text-align: center;\">Sieger Technologie 2015<\/p>\n<p style=\"text-align: center; font-size: 16px;\">&#8222;Wir brauchen Wissenschaftler und Unternehmer mit dem n\u00f6tigen Gesp\u00fcr f\u00fcr den Markt und dem Mut zum Risiko.\u201c (Edgar Vieth, Gesch\u00e4ftsf\u00fchrer Personal Roche Diagnostics GmbH)<\/p>\n\n\t\t<\/div> \n\t<\/div>  \n\t<div class=\"wpb_content_element span4 auszeichnungen wpb_text_column\">\n\t\t<div class=\"wpb_wrapper clearfix\">\n\t\t\t\n<p style=\"text-align: center;\"><img loading=\"lazy\" decoding=\"async\" class=\"aligncenter size-full wp-image-1058\" src=\"\/\/contagt.com\/wp-content\/uploads\/2015\/01\/ercispreis@2x.png\" alt=\"ercispreis@2x\" width=\"300\" height=\"300\" srcset=\"https:\/\/wippress.contagt.com\/wp-content\/uploads\/2015\/01\/ercispreis@2x.png 300w, https:\/\/wippress.contagt.com\/wp-content\/uploads\/2015\/01\/ercispreis@2x-150x150.png 150w\" sizes=\"auto, (max-width: 300px) 100vw, 300px\" \/><\/p>\n<h3 style=\"text-align: center;\">ERCIS Launch Pad<\/h3>\n<p style=\"text-align: center;\">Gesamt- und Innovationspreis 2014<\/p>\n<p style=\"text-align: center; font-size: 16px;\">&#8222;Der Innovationspreis sowie der Preis f\u00fcr das beste Gesamtkonzept ging an das contagt-Team, das sich ein Konzept f\u00fcr ein Navigationssystem innerhalb von Geb\u00e4uden \u00fcberlegt hat.&#8220; (Westf\u00e4lische Nachrichten)<\/p>\n\n\t\t<\/div> \n\t<\/div>  \n\t<div class=\"wpb_content_element span4 auszeichnungen wpb_text_column\">\n\t\t<div class=\"wpb_wrapper clearfix\">\n\t\t\t\n<p style=\"text-align: center;\"><img loading=\"lazy\" decoding=\"async\" class=\"aligncenter size-full wp-image-1064\" src=\"\/\/contagt.com\/wp-content\/uploads\/2015\/01\/telekompreis@2x.png\" alt=\"telekompreis@2x\" width=\"300\" height=\"300\" srcset=\"https:\/\/wippress.contagt.com\/wp-content\/uploads\/2015\/01\/telekompreis@2x.png 300w, https:\/\/wippress.contagt.com\/wp-content\/uploads\/2015\/01\/telekompreis@2x-150x150.png 150w\" sizes=\"auto, (max-width: 300px) 100vw, 300px\" \/><\/p>\n<h3 style=\"text-align: center;\">Telekom Innovation Contest<\/h3>\n<p style=\"text-align: center;\">Finalist Germany 2014<\/p>\n<p style=\"text-align: center; font-size: 16px;\">&#8222;RT @InnoContest: A huge crowd listening to Team #contagt from Mannheim #rp14 #TIC14 #startupnight \/\/t.co\/vBVsOiDGPw&#8220; (Telekom Innovation Laboratories via Twitter)<\/p>\n\n\t\t<\/div> \n\t<\/div> <\/div>\n  <div class=\"row\">\n\t<div class=\"wpb_content_element span4 auszeichnungen wpb_text_column\">\n\t\t<div class=\"wpb_wrapper clearfix\">\n\t\t\t\n<p><img loading=\"lazy\" decoding=\"async\" class=\"aligncenter size-full wp-image-1062\" src=\"\/\/contagt.com\/wp-content\/uploads\/2015\/01\/sappreis@2x.png\" alt=\"sappreis@2x\" width=\"300\" height=\"300\" srcset=\"https:\/\/wippress.contagt.com\/wp-content\/uploads\/2015\/01\/sappreis@2x.png 300w, https:\/\/wippress.contagt.com\/wp-content\/uploads\/2015\/01\/sappreis@2x-150x150.png 150w\" sizes=\"auto, (max-width: 300px) 100vw, 300px\" \/><\/p>\n<h3 style=\"text-align: center;\">SAP Startup Forum<\/h3>\n<p style=\"text-align: center;\">People\u2019s Choice Award 2014<\/p>\n<p style=\"text-align: center; font-size: 16px;\">&#8222;How cool is it to receive your trophy from SAP\u2019s CTO?\u00a0At 6.45 PM\u00a0Dr. Vishal Sikka, CTO and Board Member of SAP, announced contagt being voted as\u00a0People\u2019s Choice.&#8220; (SAP HANA Blog)<\/p>\n\n\t\t<\/div> \n\t<\/div>  \n\t<div class=\"wpb_content_element span4 auszeichnungen wpb_text_column\">\n\t\t<div class=\"wpb_wrapper clearfix\">\n\t\t\t\n<p style=\"text-align: center;\"><img loading=\"lazy\" decoding=\"async\" class=\"aligncenter size-full wp-image-1060\" src=\"\/\/contagt.com\/wp-content\/uploads\/2015\/01\/mrnpreis@2x.png\" alt=\"mrnpreis@2x\" width=\"300\" height=\"300\" srcset=\"https:\/\/wippress.contagt.com\/wp-content\/uploads\/2015\/01\/mrnpreis@2x.png 300w, https:\/\/wippress.contagt.com\/wp-content\/uploads\/2015\/01\/mrnpreis@2x-150x150.png 150w\" sizes=\"auto, (max-width: 300px) 100vw, 300px\" \/><\/p>\n<h3 style=\"text-align: center;\">MRN-Innovationspreis<\/h3>\n<p style=\"text-align: center;\">Sonderpreis 2013<\/p>\n<p style=\"text-align: center; font-size: 16px;\"><span style=\"line-height: 1.5em;\">\u201cIhr kreatives, unkonventionelles Denken und die Tatsache, dass Sie f\u00fcr die Sache brennen, haben uns \u00fcberzeugt.\u201d (<\/span><span style=\"line-height: 1.5em;\">Dr. h.c. Manfred Lautenschl\u00e4ger, Gr\u00fcnder MLP AG)<\/span><\/p>\n\n\t\t<\/div> \n\t<\/div>  \n\t<div class=\"wpb_content_element span4 auszeichnungen wpb_text_column\">\n\t\t<div class=\"wpb_wrapper clearfix\">\n\t\t\t\n<p style=\"text-align: center;\"><img loading=\"lazy\" decoding=\"async\" class=\"aligncenter size-full wp-image-1055\" src=\"\/\/contagt.com\/wp-content\/uploads\/2013\/09\/pvhpreis@2x.png\" alt=\"pvhpreis@2x\" width=\"300\" height=\"300\" srcset=\"https:\/\/wippress.contagt.com\/wp-content\/uploads\/2013\/09\/pvhpreis@2x.png 300w, https:\/\/wippress.contagt.com\/wp-content\/uploads\/2013\/09\/pvhpreis@2x-150x150.png 150w\" sizes=\"auto, (max-width: 300px) 100vw, 300px\" \/><\/p>\n<h3 style=\"text-align: center;\"><strong>Prinz von Hohenzollern Innovationspreis<\/strong><\/h3>\n<p style=\"text-align: center;\">Sieger 2013<\/p>\n<p style=\"text-align: center; font-size: 16px;\"><span style=\"line-height: 1.5em;\">\u201ccontagt setzt auf bew\u00e4hrte Technologien, denkt diese neu \u2013 und findet dabei dank innovativer Ans\u00e4tze kreative L\u00f6sungen.\u201d\u00a0(Karl Friedrich F\u00fcrst von Hohenzollern, Vorsitzender PvH Capital GmbH &amp; Co. KG)<\/span><\/p>\n\n\t\t<\/div> \n\t<\/div> <\/div>\n <div class=\"row\">\n\t<div class=\"wpb_content_element span12 wpb_text_column\">\n\t\t<div class=\"wpb_wrapper clearfix\">\n\t\t\t\n<p style=\"text-align: center;\"><a class=\"sf-button medium accent roundedarrow mr0\" href=\"\/presse\" target=\"_self\"><span>Pressematerial und Anfragen<\/span><span class=\"arrow\"><\/span><\/a>\n\n\t\t<\/div> \n\t<\/div> <\/div>\n \n\t\t<\/div> \n\t<\/div> <\/div>\n\n","protected":false},"excerpt":{"rendered":"","protected":false},"author":10,"featured_media":0,"parent":0,"menu_order":0,"comment_status":"open","ping_status":"open","template":"","meta":{"inline_featured_image":false,"footnotes":""},"class_list":["post-14","page","type-page","status-publish","hentry"],"_links":{"self":[{"href":"https:\/\/wippress.contagt.com\/de\/wp-json\/wp\/v2\/pages\/14","targetHints":{"allow":["GET"]}}],"collection":[{"href":"https:\/\/wippress.contagt.com\/de\/wp-json\/wp\/v2\/pages"}],"about":[{"href":"https:\/\/wippress.contagt.com\/de\/wp-json\/wp\/v2\/types\/page"}],"author":[{"embeddable":true,"href":"https:\/\/wippress.contagt.com\/de\/wp-json\/wp\/v2\/users\/10"}],"replies":[{"embeddable":true,"href":"https:\/\/wippress.contagt.com\/de\/wp-json\/wp\/v2\/comments?post=14"}],"version-history":[{"count":113,"href":"https:\/\/wippress.contagt.com\/de\/wp-json\/wp\/v2\/pages\/14\/revisions"}],"predecessor-version":[{"id":8441,"href":"https:\/\/wippress.contagt.com\/de\/wp-json\/wp\/v2\/pages\/14\/revisions\/8441"}],"wp:attachment":[{"href":"https:\/\/wippress.contagt.com\/de\/wp-json\/wp\/v2\/media?parent=14"}],"curies":[{"name":"wp","href":"https:\/\/api.w.org\/{rel}","templated":true}]}}